{"id":1827,"date":"2022-03-07T10:11:53","date_gmt":"2022-03-07T09:11:53","guid":{"rendered":"https:\/\/hutar.starkmat.si\/?post_type=product&#038;p=1827"},"modified":"2024-10-10T13:00:51","modified_gmt":"2024-10-10T11:00:51","slug":"vzglavnik-climate","status":"publish","type":"product","link":"https:\/\/hutar.si\/sleepingstudiomojsanbyhutar\/izdelek\/vzglavnik-climate\/","title":{"rendered":"Vzglavnik Climate"},"content":{"rendered":"<div class=\"wpb-content-wrapper\"><p>[vc_row][vc_column][vc_column_text]Vzglavnik Mojsan Climate z integriranimi zra\u010dnimi kanali z uporabo 3D airmesh platna omogo\u010da nemoteno kro\u017eenje zraka, kar je eden od predpogojev za zdrav in spro\u0161\u010dujo\u010d spanec. Izdelek privla\u010dnega dizajna za zdrav in osve\u017eujo\u010d spanec je nastal, kot kombinacija natan\u010dne tehnologije obdelave in antialergijskih materialov.<\/p>\n<p>Dihanje vzglavnika razporeja vlago in prepre\u010dujejo razvoj pr\u0161ic in bakterij. Ta antialergijski izdelek z ultra mehko tkanino ima \u0161e eno izjemno lastnost, ki se odra\u017ea v sposobnosti pranja celotnega vzglavnika in hitrem su\u0161enju.<\/p>\n<p>MICROGEL nano vlakna, izjemno tanka vlakna, ki s svojo lastnostjo neverjetne mehkobe ustvarjajo razko\u0161no udobje, ki se pogosto primerja z udobjem, ki ga zagotavljajo izdelki iz perja.<\/p>\n<p>Kolekcijo zajema tudi <a href=\"https:\/\/hutar.si\/sleepingstudiomojsanbyhutar\/izdelek\/presita-odeja-climate\/\">Pre\u0161ita odeja Climate<\/a>.[\/vc_column_text][\/vc_column][\/vc_row]<\/p>\n<\/div>","protected":false},"excerpt":{"rendered":"<p>MICROGEL vlakna<\/p>\n<p>Dimenzije: 70&#215;50&nbsp;<\/p>\n<h3><span style=\"color: #009fe1;\"><b> OBRO\u010cNO PLA\u010cEVANJE: <\/b><\/span><\/h3>\n<h3><a href=\"https:\/\/pk.takoleasy.si\/info\/razdeliracun\"><span style=\"color: #000000;\"><b> KALKULATOR<\/b><\/span><\/a><\/h3>\n<p><a href=\"https:\/\/hutar.si\/sleepingstudiomojsanbyhutar\/nakup-na-obroke-1stavno\/\" target=\"blank\" rel=\"noopener\"><img decoding=\"async\" src=\"https:\/\/hutar.si\/sleepingstudiomojsanbyhutar\/wp-content\/uploads\/2024\/10\/Logo-1stavno.jpg\" alt=\"hutar-placilo-na-obroke\" width=\"300px\" \/><\/a><\/p>\n<p>&nbsp;<\/p>\n","protected":false},"featured_media":1832,"template":"","meta":[],"product_brand":[],"product_cat":[115],"product_tag":[],"class_list":{"0":"post-1827","1":"product","2":"type-product","3":"status-publish","4":"has-post-thumbnail","6":"product_cat-vzglavniki","7":"description-off","9":"first","10":"instock-7","11":"taxable","12":"shipping-taxable","13":"purchasable","14":"product-type-simple"},"yoast_head":"<!-- This site is optimized with the Yoast SEO plugin v27.1.1 - https:\/\/yoast.com\/product\/yoast-seo-wordpress\/ -->\n<title>Vzglavnik Climate - MojSan\u00ae<\/title>\n<meta name=\"description\" content=\"Vzglavnik Mojsan Climate z integriranimi zra\u010dnimi kanali z uporabo 3D airmesh platna omogo\u010da nemoteno kro\u017eenje zraka.\" \/>\n<meta name=\"robots\" content=\"index, follow, max-snippet:-1, max-image-preview:large, max-video-preview:-1\" \/>\n<link rel=\"canonical\" href=\"https:\/\/hutar.si\/sleepingstudiomojsanbyhutar\/izdelek\/vzglavnik-climate\/\" \/>\n<meta property=\"og:locale\" content=\"sl_SI\" \/>\n<meta property=\"og:type\" content=\"article\" \/>\n<meta property=\"og:title\" content=\"Vzglavnik Climate - MojSan\u00ae\" \/>\n<meta property=\"og:description\" content=\"Vzglavnik Mojsan Climate z integriranimi zra\u010dnimi kanali z uporabo 3D airmesh platna omogo\u010da nemoteno kro\u017eenje zraka.\" \/>\n<meta property=\"og:url\" content=\"https:\/\/hutar.si\/sleepingstudiomojsanbyhutar\/izdelek\/vzglavnik-climate\/\" \/>\n<meta property=\"og:site_name\" content=\"MojSan\u00ae\" \/>\n<meta property=\"article:publisher\" content=\"https:\/\/www.facebook.com\/hutarsalonpohistva\" \/>\n<meta property=\"article:modified_time\" content=\"2024-10-10T11:00:51+00:00\" \/>\n<meta property=\"og:image\" content=\"https:\/\/hutar.si\/sleepingstudiomojsanbyhutar\/wp-content\/uploads\/2022\/03\/hutar-vzglavniki-climate-1.jpg\" \/>\n\t<meta property=\"og:image:width\" content=\"1000\" \/>\n\t<meta property=\"og:image:height\" content=\"687\" \/>\n\t<meta property=\"og:image:type\" content=\"image\/jpeg\" \/>\n<meta name=\"twitter:card\" content=\"summary_large_image\" \/>\n<meta name=\"twitter:label1\" content=\"Est. reading time\" \/>\n\t<meta name=\"twitter:data1\" content=\"1 minuta\" \/>\n<script type=\"application\/ld+json\" class=\"yoast-schema-graph\">{\"@context\":\"https:\/\/schema.org\",\"@graph\":[{\"@type\":\"WebPage\",\"@id\":\"https:\/\/hutar.si\/sleepingstudiomojsanbyhutar\/izdelek\/vzglavnik-climate\/\",\"url\":\"https:\/\/hutar.si\/sleepingstudiomojsanbyhutar\/izdelek\/vzglavnik-climate\/\",\"name\":\"Vzglavnik Climate - MojSan\u00ae\",\"isPartOf\":{\"@id\":\"https:\/\/hutar.si\/sleepingstudiomojsanbyhutar\/#website\"},\"primaryImageOfPage\":{\"@id\":\"https:\/\/hutar.si\/sleepingstudiomojsanbyhutar\/izdelek\/vzglavnik-climate\/#primaryimage\"},\"image\":{\"@id\":\"https:\/\/hutar.si\/sleepingstudiomojsanbyhutar\/izdelek\/vzglavnik-climate\/#primaryimage\"},\"thumbnailUrl\":\"https:\/\/hutar.si\/sleepingstudiomojsanbyhutar\/wp-content\/uploads\/2022\/03\/hutar-vzglavniki-climate-1.jpg\",\"datePublished\":\"2022-03-07T09:11:53+00:00\",\"dateModified\":\"2024-10-10T11:00:51+00:00\",\"description\":\"Vzglavnik Mojsan Climate z integriranimi zra\u010dnimi kanali z uporabo 3D airmesh platna omogo\u010da nemoteno kro\u017eenje zraka.\",\"breadcrumb\":{\"@id\":\"https:\/\/hutar.si\/sleepingstudiomojsanbyhutar\/izdelek\/vzglavnik-climate\/#breadcrumb\"},\"inLanguage\":\"sl-SI\",\"potentialAction\":[{\"@type\":\"ReadAction\",\"target\":[\"https:\/\/hutar.si\/sleepingstudiomojsanbyhutar\/izdelek\/vzglavnik-climate\/\"]}]},{\"@type\":\"ImageObject\",\"inLanguage\":\"sl-SI\",\"@id\":\"https:\/\/hutar.si\/sleepingstudiomojsanbyhutar\/izdelek\/vzglavnik-climate\/#primaryimage\",\"url\":\"https:\/\/hutar.si\/sleepingstudiomojsanbyhutar\/wp-content\/uploads\/2022\/03\/hutar-vzglavniki-climate-1.jpg\",\"contentUrl\":\"https:\/\/hutar.si\/sleepingstudiomojsanbyhutar\/wp-content\/uploads\/2022\/03\/hutar-vzglavniki-climate-1.jpg\",\"width\":1000,\"height\":687,\"caption\":\"hutar-vzglavniki-climate-1\"},{\"@type\":\"BreadcrumbList\",\"@id\":\"https:\/\/hutar.si\/sleepingstudiomojsanbyhutar\/izdelek\/vzglavnik-climate\/#breadcrumb\",\"itemListElement\":[{\"@type\":\"ListItem\",\"position\":1,\"name\":\"Home\",\"item\":\"https:\/\/hutar.si\/sleepingstudiomojsanbyhutar\/\"},{\"@type\":\"ListItem\",\"position\":2,\"name\":\"Trgovina\",\"item\":\"https:\/\/hutar.si\/sleepingstudiomojsanbyhutar\/trgovina\/\"},{\"@type\":\"ListItem\",\"position\":3,\"name\":\"Vzglavnik Climate\"}]},{\"@type\":\"WebSite\",\"@id\":\"https:\/\/hutar.si\/sleepingstudiomojsanbyhutar\/#website\",\"url\":\"https:\/\/hutar.si\/sleepingstudiomojsanbyhutar\/\",\"name\":\"Salon pohi\u0161tva Hutar\",\"description\":\"sleeping studio Ljubljana\",\"publisher\":{\"@id\":\"https:\/\/hutar.si\/sleepingstudiomojsanbyhutar\/#organization\"},\"potentialAction\":[{\"@type\":\"SearchAction\",\"target\":{\"@type\":\"EntryPoint\",\"urlTemplate\":\"https:\/\/hutar.si\/sleepingstudiomojsanbyhutar\/?s={search_term_string}\"},\"query-input\":{\"@type\":\"PropertyValueSpecification\",\"valueRequired\":true,\"valueName\":\"search_term_string\"}}],\"inLanguage\":\"sl-SI\"},{\"@type\":\"Organization\",\"@id\":\"https:\/\/hutar.si\/sleepingstudiomojsanbyhutar\/#organization\",\"name\":\"Salon pohi\u0161tva Hutar\",\"url\":\"https:\/\/hutar.si\/sleepingstudiomojsanbyhutar\/\",\"logo\":{\"@type\":\"ImageObject\",\"inLanguage\":\"sl-SI\",\"@id\":\"https:\/\/hutar.si\/sleepingstudiomojsanbyhutar\/#\/schema\/logo\/image\/\",\"url\":\"https:\/\/hutar.si\/sleepingstudiomojsanbyhutar\/wp-content\/uploads\/2023\/06\/Hutar-logo-fav-sq.svg\",\"contentUrl\":\"https:\/\/hutar.si\/sleepingstudiomojsanbyhutar\/wp-content\/uploads\/2023\/06\/Hutar-logo-fav-sq.svg\",\"width\":696,\"height\":696,\"caption\":\"Salon pohi\u0161tva Hutar\"},\"image\":{\"@id\":\"https:\/\/hutar.si\/sleepingstudiomojsanbyhutar\/#\/schema\/logo\/image\/\"},\"sameAs\":[\"https:\/\/www.facebook.com\/hutarsalonpohistva\"]}]}<\/script>\n<!-- \/ Yoast SEO plugin. -->","yoast_head_json":{"title":"Vzglavnik Climate - MojSan\u00ae","description":"Vzglavnik Mojsan Climate z integriranimi zra\u010dnimi kanali z uporabo 3D airmesh platna omogo\u010da nemoteno kro\u017eenje zraka.","robots":{"index":"index","follow":"follow","max-snippet":"max-snippet:-1","max-image-preview":"max-image-preview:large","max-video-preview":"max-video-preview:-1"},"canonical":"https:\/\/hutar.si\/sleepingstudiomojsanbyhutar\/izdelek\/vzglavnik-climate\/","og_locale":"sl_SI","og_type":"article","og_title":"Vzglavnik Climate - MojSan\u00ae","og_description":"Vzglavnik Mojsan Climate z integriranimi zra\u010dnimi kanali z uporabo 3D airmesh platna omogo\u010da nemoteno kro\u017eenje zraka.","og_url":"https:\/\/hutar.si\/sleepingstudiomojsanbyhutar\/izdelek\/vzglavnik-climate\/","og_site_name":"MojSan\u00ae","article_publisher":"https:\/\/www.facebook.com\/hutarsalonpohistva","article_modified_time":"2024-10-10T11:00:51+00:00","og_image":[{"width":1000,"height":687,"url":"https:\/\/hutar.si\/sleepingstudiomojsanbyhutar\/wp-content\/uploads\/2022\/03\/hutar-vzglavniki-climate-1.jpg","type":"image\/jpeg"}],"twitter_card":"summary_large_image","twitter_misc":{"Est. reading time":"1 minuta"},"schema":{"@context":"https:\/\/schema.org","@graph":[{"@type":"WebPage","@id":"https:\/\/hutar.si\/sleepingstudiomojsanbyhutar\/izdelek\/vzglavnik-climate\/","url":"https:\/\/hutar.si\/sleepingstudiomojsanbyhutar\/izdelek\/vzglavnik-climate\/","name":"Vzglavnik Climate - MojSan\u00ae","isPartOf":{"@id":"https:\/\/hutar.si\/sleepingstudiomojsanbyhutar\/#website"},"primaryImageOfPage":{"@id":"https:\/\/hutar.si\/sleepingstudiomojsanbyhutar\/izdelek\/vzglavnik-climate\/#primaryimage"},"image":{"@id":"https:\/\/hutar.si\/sleepingstudiomojsanbyhutar\/izdelek\/vzglavnik-climate\/#primaryimage"},"thumbnailUrl":"https:\/\/hutar.si\/sleepingstudiomojsanbyhutar\/wp-content\/uploads\/2022\/03\/hutar-vzglavniki-climate-1.jpg","datePublished":"2022-03-07T09:11:53+00:00","dateModified":"2024-10-10T11:00:51+00:00","description":"Vzglavnik Mojsan Climate z integriranimi zra\u010dnimi kanali z uporabo 3D airmesh platna omogo\u010da nemoteno kro\u017eenje zraka.","breadcrumb":{"@id":"https:\/\/hutar.si\/sleepingstudiomojsanbyhutar\/izdelek\/vzglavnik-climate\/#breadcrumb"},"inLanguage":"sl-SI","potentialAction":[{"@type":"ReadAction","target":["https:\/\/hutar.si\/sleepingstudiomojsanbyhutar\/izdelek\/vzglavnik-climate\/"]}]},{"@type":"ImageObject","inLanguage":"sl-SI","@id":"https:\/\/hutar.si\/sleepingstudiomojsanbyhutar\/izdelek\/vzglavnik-climate\/#primaryimage","url":"https:\/\/hutar.si\/sleepingstudiomojsanbyhutar\/wp-content\/uploads\/2022\/03\/hutar-vzglavniki-climate-1.jpg","contentUrl":"https:\/\/hutar.si\/sleepingstudiomojsanbyhutar\/wp-content\/uploads\/2022\/03\/hutar-vzglavniki-climate-1.jpg","width":1000,"height":687,"caption":"hutar-vzglavniki-climate-1"},{"@type":"BreadcrumbList","@id":"https:\/\/hutar.si\/sleepingstudiomojsanbyhutar\/izdelek\/vzglavnik-climate\/#breadcrumb","itemListElement":[{"@type":"ListItem","position":1,"name":"Home","item":"https:\/\/hutar.si\/sleepingstudiomojsanbyhutar\/"},{"@type":"ListItem","position":2,"name":"Trgovina","item":"https:\/\/hutar.si\/sleepingstudiomojsanbyhutar\/trgovina\/"},{"@type":"ListItem","position":3,"name":"Vzglavnik Climate"}]},{"@type":"WebSite","@id":"https:\/\/hutar.si\/sleepingstudiomojsanbyhutar\/#website","url":"https:\/\/hutar.si\/sleepingstudiomojsanbyhutar\/","name":"Salon pohi\u0161tva Hutar","description":"sleeping studio Ljubljana","publisher":{"@id":"https:\/\/hutar.si\/sleepingstudiomojsanbyhutar\/#organization"},"potentialAction":[{"@type":"SearchAction","target":{"@type":"EntryPoint","urlTemplate":"https:\/\/hutar.si\/sleepingstudiomojsanbyhutar\/?s={search_term_string}"},"query-input":{"@type":"PropertyValueSpecification","valueRequired":true,"valueName":"search_term_string"}}],"inLanguage":"sl-SI"},{"@type":"Organization","@id":"https:\/\/hutar.si\/sleepingstudiomojsanbyhutar\/#organization","name":"Salon pohi\u0161tva Hutar","url":"https:\/\/hutar.si\/sleepingstudiomojsanbyhutar\/","logo":{"@type":"ImageObject","inLanguage":"sl-SI","@id":"https:\/\/hutar.si\/sleepingstudiomojsanbyhutar\/#\/schema\/logo\/image\/","url":"https:\/\/hutar.si\/sleepingstudiomojsanbyhutar\/wp-content\/uploads\/2023\/06\/Hutar-logo-fav-sq.svg","contentUrl":"https:\/\/hutar.si\/sleepingstudiomojsanbyhutar\/wp-content\/uploads\/2023\/06\/Hutar-logo-fav-sq.svg","width":696,"height":696,"caption":"Salon pohi\u0161tva Hutar"},"image":{"@id":"https:\/\/hutar.si\/sleepingstudiomojsanbyhutar\/#\/schema\/logo\/image\/"},"sameAs":["https:\/\/www.facebook.com\/hutarsalonpohistva"]}]}},"_links":{"self":[{"href":"https:\/\/hutar.si\/sleepingstudiomojsanbyhutar\/wp-json\/wp\/v2\/product\/1827","targetHints":{"allow":["GET"]}}],"collection":[{"href":"https:\/\/hutar.si\/sleepingstudiomojsanbyhutar\/wp-json\/wp\/v2\/product"}],"about":[{"href":"https:\/\/hutar.si\/sleepingstudiomojsanbyhutar\/wp-json\/wp\/v2\/types\/product"}],"wp:featuredmedia":[{"embeddable":true,"href":"https:\/\/hutar.si\/sleepingstudiomojsanbyhutar\/wp-json\/wp\/v2\/media\/1832"}],"wp:attachment":[{"href":"https:\/\/hutar.si\/sleepingstudiomojsanbyhutar\/wp-json\/wp\/v2\/media?parent=1827"}],"wp:term":[{"taxonomy":"product_brand","embeddable":true,"href":"https:\/\/hutar.si\/sleepingstudiomojsanbyhutar\/wp-json\/wp\/v2\/product_brand?post=1827"},{"taxonomy":"product_cat","embeddable":true,"href":"https:\/\/hutar.si\/sleepingstudiomojsanbyhutar\/wp-json\/wp\/v2\/product_cat?post=1827"},{"taxonomy":"product_tag","embeddable":true,"href":"https:\/\/hutar.si\/sleepingstudiomojsanbyhutar\/wp-json\/wp\/v2\/product_tag?post=1827"}],"curies":[{"name":"wp","href":"https:\/\/api.w.org\/{rel}","templated":true}]}}