{"id":270,"date":"2022-02-25T11:41:30","date_gmt":"2022-02-25T10:41:30","guid":{"rendered":"https:\/\/hutar.starkmat.si\/?post_type=product&#038;p=270"},"modified":"2024-11-19T12:52:28","modified_gmt":"2024-11-19T11:52:28","slug":"vzmetnica-teen","status":"publish","type":"product","link":"https:\/\/hutar.si\/sleepingstudiomojsanbyhutar\/izdelek\/vzmetnica-teen\/","title":{"rendered":"Le\u017ei\u0161\u010de Teen | \u00a016 cm | soft\/ hard |\u00a0do 90 kgb |\u00a0Ultrafresh"},"content":{"rendered":"<div class=\"wpb-content-wrapper\"><p>[vc_row][vc_column][vc_column_text]Le\u017ei\u0161\u010de Teen je idealno za pravilno rast va\u0161ega otroka, ko \u017ee preraste posteljico. Upo\u0161tevajo\u010d specifi\u010dne fiziolo\u0161ke spremembe, kot so te\u017ea in vi\u0161ina, ki se ka\u017eejo pri otrocih v razvoju, je le\u017ei\u0161\u010de oblikovano s penami razli\u010dnih gostot in trdot. Jedro le\u017ei\u0161\u010da Teen, ki sledi otrokovemu razvoju, je sestavljeno iz barvno ozna\u010denih profilov pen, ki se med seboj sestavljajo po principu sestavljanke brez uporabe lepila. Ultrafresh\u00ae antibakterijski tretma tkanine za prevleko ima nalogo, da izdelek \u0161\u010diti pred negativnimi vplivi bakterij in pr\u0161ic. Prevleka ima zadrgo, ki omogo\u010da enostavno odstranjevanje in pranje. Prilagojena oblika prevleke, ki ustreza starosti otroka, naredi del spalnice, ki si ga bo vsak otrok za\u017eelel.<\/p>\n<p>&nbsp;<\/p>\n<p><a href=\"https:\/\/hutar.si\/sleepingstudiomojsanbyhutar\/s-tehnologijo-do-udobja\/\">#S tehnologijo do spalne podlage<\/a><\/p>\n<p>&nbsp;<\/p>\n<p>&nbsp;<\/p>\n<p><img loading=\"lazy\" decoding=\"async\" class=\"alignnone wp-image-4143\" src=\"https:\/\/hutar.si\/sleepingstudiomojsanbyhutar\/wp-content\/uploads\/2022\/02\/1lezisce-teen-300x53.png\" alt=\"\" width=\"260\" height=\"46\" srcset=\"https:\/\/hutar.si\/sleepingstudiomojsanbyhutar\/wp-content\/uploads\/2022\/02\/1lezisce-teen-300x53.png 300w, https:\/\/hutar.si\/sleepingstudiomojsanbyhutar\/wp-content\/uploads\/2022\/02\/1lezisce-teen.png 400w\" sizes=\"auto, (max-width: 260px) 100vw, 260px\" \/>\u00a0 \u00a0 \u00a0 \u00a0 \u00a0 \u00a0 \u00a0 \u00a0 \u00a0 \u00a0 \u00a0 \u00a0 \u00a0 \u00a0 \u00a0 \u00a0 \u00a0 \u00a0 \u00a0 \u00a0 \u00a0 \u00a0 \u00a0 \u00a0 \u00a0 \u00a0 <img loading=\"lazy\" decoding=\"async\" class=\"alignnone wp-image-4124\" src=\"https:\/\/hutar.si\/sleepingstudiomojsanbyhutar\/wp-content\/uploads\/2022\/02\/1ultrafresh-zmak-300x176.png\" alt=\"\" width=\"156\" height=\"92\" srcset=\"https:\/\/hutar.si\/sleepingstudiomojsanbyhutar\/wp-content\/uploads\/2022\/02\/1ultrafresh-zmak-300x176.png 300w, https:\/\/hutar.si\/sleepingstudiomojsanbyhutar\/wp-content\/uploads\/2022\/02\/1ultrafresh-zmak.png 400w\" sizes=\"auto, (max-width: 156px) 100vw, 156px\" \/><\/p>\n<p><img loading=\"lazy\" decoding=\"async\" class=\"alignnone wp-image-3765\" src=\"https:\/\/hutar.si\/sleepingstudiomojsanbyhutar\/wp-content\/uploads\/2023\/11\/antibakterijska-tkanina-1.png\" alt=\"\" width=\"155\" height=\"154\" srcset=\"https:\/\/hutar.si\/sleepingstudiomojsanbyhutar\/wp-content\/uploads\/2023\/11\/antibakterijska-tkanina-1.png 242w, https:\/\/hutar.si\/sleepingstudiomojsanbyhutar\/wp-content\/uploads\/2023\/11\/antibakterijska-tkanina-1-150x150.png 150w, https:\/\/hutar.si\/sleepingstudiomojsanbyhutar\/wp-content\/uploads\/2023\/11\/antibakterijska-tkanina-1-200x200.png 200w\" sizes=\"auto, (max-width: 155px) 100vw, 155px\" \/><img loading=\"lazy\" decoding=\"async\" class=\"alignnone wp-image-3764\" src=\"https:\/\/hutar.si\/sleepingstudiomojsanbyhutar\/wp-content\/uploads\/2023\/11\/zapiranje-na-zadrgo.png\" alt=\"\" width=\"155\" height=\"154\" srcset=\"https:\/\/hutar.si\/sleepingstudiomojsanbyhutar\/wp-content\/uploads\/2023\/11\/zapiranje-na-zadrgo.png 242w, https:\/\/hutar.si\/sleepingstudiomojsanbyhutar\/wp-content\/uploads\/2023\/11\/zapiranje-na-zadrgo-150x150.png 150w, https:\/\/hutar.si\/sleepingstudiomojsanbyhutar\/wp-content\/uploads\/2023\/11\/zapiranje-na-zadrgo-200x200.png 200w\" sizes=\"auto, (max-width: 155px) 100vw, 155px\" \/><img loading=\"lazy\" decoding=\"async\" class=\"alignnone wp-image-3755\" src=\"https:\/\/hutar.si\/sleepingstudiomojsanbyhutar\/wp-content\/uploads\/2023\/11\/Pralna-prevleka.png\" alt=\"\" width=\"155\" height=\"154\" srcset=\"https:\/\/hutar.si\/sleepingstudiomojsanbyhutar\/wp-content\/uploads\/2023\/11\/Pralna-prevleka.png 242w, https:\/\/hutar.si\/sleepingstudiomojsanbyhutar\/wp-content\/uploads\/2023\/11\/Pralna-prevleka-150x150.png 150w, https:\/\/hutar.si\/sleepingstudiomojsanbyhutar\/wp-content\/uploads\/2023\/11\/Pralna-prevleka-200x200.png 200w\" sizes=\"auto, (max-width: 155px) 100vw, 155px\" \/><img loading=\"lazy\" decoding=\"async\" class=\"alignnone wp-image-3766\" src=\"https:\/\/hutar.si\/sleepingstudiomojsanbyhutar\/wp-content\/uploads\/2023\/11\/dvostranska-vzmetnica-1.png\" alt=\"\" width=\"155\" height=\"154\" srcset=\"https:\/\/hutar.si\/sleepingstudiomojsanbyhutar\/wp-content\/uploads\/2023\/11\/dvostranska-vzmetnica-1.png 242w, https:\/\/hutar.si\/sleepingstudiomojsanbyhutar\/wp-content\/uploads\/2023\/11\/dvostranska-vzmetnica-1-150x150.png 150w, https:\/\/hutar.si\/sleepingstudiomojsanbyhutar\/wp-content\/uploads\/2023\/11\/dvostranska-vzmetnica-1-200x200.png 200w\" sizes=\"auto, (max-width: 155px) 100vw, 155px\" \/><\/p>\n<p><img loading=\"lazy\" decoding=\"async\" class=\"alignnone wp-image-3757\" src=\"https:\/\/hutar.si\/sleepingstudiomojsanbyhutar\/wp-content\/uploads\/2023\/11\/priporocljivo-do-90.png\" alt=\"\" width=\"155\" height=\"154\" srcset=\"https:\/\/hutar.si\/sleepingstudiomojsanbyhutar\/wp-content\/uploads\/2023\/11\/priporocljivo-do-90.png 241w, https:\/\/hutar.si\/sleepingstudiomojsanbyhutar\/wp-content\/uploads\/2023\/11\/priporocljivo-do-90-150x150.png 150w, https:\/\/hutar.si\/sleepingstudiomojsanbyhutar\/wp-content\/uploads\/2023\/11\/priporocljivo-do-90-200x200.png 200w\" sizes=\"auto, (max-width: 155px) 100vw, 155px\" \/><img loading=\"lazy\" decoding=\"async\" class=\"alignnone wp-image-3768\" src=\"https:\/\/hutar.si\/sleepingstudiomojsanbyhutar\/wp-content\/uploads\/2023\/11\/oeko-tex-1.png\" alt=\"\" width=\"155\" height=\"154\" srcset=\"https:\/\/hutar.si\/sleepingstudiomojsanbyhutar\/wp-content\/uploads\/2023\/11\/oeko-tex-1.png 242w, https:\/\/hutar.si\/sleepingstudiomojsanbyhutar\/wp-content\/uploads\/2023\/11\/oeko-tex-1-150x150.png 150w, https:\/\/hutar.si\/sleepingstudiomojsanbyhutar\/wp-content\/uploads\/2023\/11\/oeko-tex-1-200x200.png 200w\" sizes=\"auto, (max-width: 155px) 100vw, 155px\" \/><img loading=\"lazy\" decoding=\"async\" class=\"alignnone wp-image-3767\" src=\"https:\/\/hutar.si\/sleepingstudiomojsanbyhutar\/wp-content\/uploads\/2023\/11\/eu-certified-1.png\" alt=\"\" width=\"155\" height=\"154\" srcset=\"https:\/\/hutar.si\/sleepingstudiomojsanbyhutar\/wp-content\/uploads\/2023\/11\/eu-certified-1.png 242w, https:\/\/hutar.si\/sleepingstudiomojsanbyhutar\/wp-content\/uploads\/2023\/11\/eu-certified-1-150x150.png 150w, https:\/\/hutar.si\/sleepingstudiomojsanbyhutar\/wp-content\/uploads\/2023\/11\/eu-certified-1-200x200.png 200w\" sizes=\"auto, (max-width: 155px) 100vw, 155px\" \/>[\/vc_column_text][\/vc_column][\/vc_row]<\/p>\n<\/div>","protected":false},"excerpt":{"rendered":"<p>\u017delite vzmetnico po meri? [wpb-pcf-button id=\"4026\" text=\"Povpra\u0161evanje\" class=\"hutar-povprasevanje-vzmetnica-po-meri\"]&nbsp;<\/p>\n<h3><span style=\"color: #009fe1;\"><b> OBRO\u010cNO PLA\u010cEVANJE: <\/b><\/span><\/h3>\n<h3><a href=\"https:\/\/pk.takoleasy.si\/info\/razdeliracun\"><span style=\"color: #000000;\"><b> KALKULATOR<\/b><\/span><\/a><\/h3>\n<p><a href=\"https:\/\/hutar.si\/sleepingstudiomojsanbyhutar\/nakup-na-obroke-1stavno\/\" target=\"blank\" rel=\"noopener\"><img decoding=\"async\" src=\"https:\/\/hutar.si\/sleepingstudiomojsanbyhutar\/wp-content\/uploads\/2024\/10\/Logo-1stavno.jpg\" alt=\"hutar-placilo-na-obroke\" width=\"300px\" \/><\/a><\/p>\n<p>&nbsp;<\/p>\n","protected":false},"featured_media":271,"template":"","meta":[],"product_brand":[],"product_cat":[207],"product_tag":[],"class_list":{"0":"post-270","1":"product","2":"type-product","3":"status-publish","4":"has-post-thumbnail","6":"product_cat-lezisce","7":"product_shipping_class-brezplacna-dostava","8":"description-off","10":"first","11":"outofstock","12":"taxable","13":"shipping-taxable","14":"purchasable","15":"product-type-variable"},"yoast_head":"<!-- This site is optimized with the Yoast SEO plugin v27.1.1 - https:\/\/yoast.com\/product\/yoast-seo-wordpress\/ -->\n<title>Le\u017ei\u0161\u010de Teen | \u00a016 cm | soft\/ hard |\u00a0do 90 kgb |\u00a0Ultrafresh - MojSan\u00ae<\/title>\n<meta name=\"description\" content=\"Vzmetnica Teen je inovativen in sodoben model, ki poskrbi za zdravo kvalitetno spanje in pravilno rast vsakega otroka.\" \/>\n<meta name=\"robots\" content=\"index, follow, max-snippet:-1, max-image-preview:large, max-video-preview:-1\" \/>\n<link rel=\"canonical\" href=\"https:\/\/hutar.si\/sleepingstudiomojsanbyhutar\/izdelek\/vzmetnica-teen\/\" \/>\n<meta property=\"og:locale\" content=\"sl_SI\" \/>\n<meta property=\"og:type\" content=\"article\" \/>\n<meta property=\"og:title\" content=\"Le\u017ei\u0161\u010de Teen | \u00a016 cm | soft\/ hard |\u00a0do 90 kgb |\u00a0Ultrafresh - MojSan\u00ae\" \/>\n<meta property=\"og:description\" content=\"Vzmetnica Teen je inovativen in sodoben model, ki poskrbi za zdravo kvalitetno spanje in pravilno rast vsakega otroka.\" \/>\n<meta property=\"og:url\" content=\"https:\/\/hutar.si\/sleepingstudiomojsanbyhutar\/izdelek\/vzmetnica-teen\/\" \/>\n<meta property=\"og:site_name\" content=\"MojSan\u00ae\" \/>\n<meta property=\"article:publisher\" content=\"https:\/\/www.facebook.com\/hutarsalonpohistva\" \/>\n<meta property=\"article:modified_time\" content=\"2024-11-19T11:52:28+00:00\" \/>\n<meta property=\"og:image\" content=\"https:\/\/hutar.si\/sleepingstudiomojsanbyhutar\/wp-content\/uploads\/2022\/02\/hutar-vzmetnice-teen-1.jpg\" \/>\n\t<meta property=\"og:image:width\" content=\"1000\" \/>\n\t<meta property=\"og:image:height\" content=\"687\" \/>\n\t<meta property=\"og:image:type\" content=\"image\/jpeg\" \/>\n<meta name=\"twitter:card\" content=\"summary_large_image\" \/>\n<meta name=\"twitter:label1\" content=\"Est. reading time\" \/>\n\t<meta name=\"twitter:data1\" content=\"3 minute\" \/>\n<script type=\"application\/ld+json\" class=\"yoast-schema-graph\">{\"@context\":\"https:\/\/schema.org\",\"@graph\":[{\"@type\":\"WebPage\",\"@id\":\"https:\/\/hutar.si\/sleepingstudiomojsanbyhutar\/izdelek\/vzmetnica-teen\/\",\"url\":\"https:\/\/hutar.si\/sleepingstudiomojsanbyhutar\/izdelek\/vzmetnica-teen\/\",\"name\":\"Le\u017ei\u0161\u010de Teen | \u00a016 cm | soft\/ hard |\u00a0do 90 kgb |\u00a0Ultrafresh - MojSan\u00ae\",\"isPartOf\":{\"@id\":\"https:\/\/hutar.si\/sleepingstudiomojsanbyhutar\/#website\"},\"primaryImageOfPage\":{\"@id\":\"https:\/\/hutar.si\/sleepingstudiomojsanbyhutar\/izdelek\/vzmetnica-teen\/#primaryimage\"},\"image\":{\"@id\":\"https:\/\/hutar.si\/sleepingstudiomojsanbyhutar\/izdelek\/vzmetnica-teen\/#primaryimage\"},\"thumbnailUrl\":\"https:\/\/hutar.si\/sleepingstudiomojsanbyhutar\/wp-content\/uploads\/2022\/02\/hutar-vzmetnice-teen-1.jpg\",\"datePublished\":\"2022-02-25T10:41:30+00:00\",\"dateModified\":\"2024-11-19T11:52:28+00:00\",\"description\":\"Vzmetnica Teen je inovativen in sodoben model, ki poskrbi za zdravo kvalitetno spanje in pravilno rast vsakega otroka.\",\"breadcrumb\":{\"@id\":\"https:\/\/hutar.si\/sleepingstudiomojsanbyhutar\/izdelek\/vzmetnica-teen\/#breadcrumb\"},\"inLanguage\":\"sl-SI\",\"potentialAction\":[{\"@type\":\"ReadAction\",\"target\":[\"https:\/\/hutar.si\/sleepingstudiomojsanbyhutar\/izdelek\/vzmetnica-teen\/\"]}]},{\"@type\":\"ImageObject\",\"inLanguage\":\"sl-SI\",\"@id\":\"https:\/\/hutar.si\/sleepingstudiomojsanbyhutar\/izdelek\/vzmetnica-teen\/#primaryimage\",\"url\":\"https:\/\/hutar.si\/sleepingstudiomojsanbyhutar\/wp-content\/uploads\/2022\/02\/hutar-vzmetnice-teen-1.jpg\",\"contentUrl\":\"https:\/\/hutar.si\/sleepingstudiomojsanbyhutar\/wp-content\/uploads\/2022\/02\/hutar-vzmetnice-teen-1.jpg\",\"width\":1000,\"height\":687,\"caption\":\"hutar-vzmetnice-teen-1\"},{\"@type\":\"BreadcrumbList\",\"@id\":\"https:\/\/hutar.si\/sleepingstudiomojsanbyhutar\/izdelek\/vzmetnica-teen\/#breadcrumb\",\"itemListElement\":[{\"@type\":\"ListItem\",\"position\":1,\"name\":\"Home\",\"item\":\"https:\/\/hutar.si\/sleepingstudiomojsanbyhutar\/\"},{\"@type\":\"ListItem\",\"position\":2,\"name\":\"Trgovina\",\"item\":\"https:\/\/hutar.si\/sleepingstudiomojsanbyhutar\/trgovina\/\"},{\"@type\":\"ListItem\",\"position\":3,\"name\":\"Le\u017ei\u0161\u010de Teen | \u00a016 cm | soft\/ hard |\u00a0do 90 kgb |\u00a0Ultrafresh\"}]},{\"@type\":\"WebSite\",\"@id\":\"https:\/\/hutar.si\/sleepingstudiomojsanbyhutar\/#website\",\"url\":\"https:\/\/hutar.si\/sleepingstudiomojsanbyhutar\/\",\"name\":\"Salon pohi\u0161tva Hutar\",\"description\":\"sleeping studio Ljubljana\",\"publisher\":{\"@id\":\"https:\/\/hutar.si\/sleepingstudiomojsanbyhutar\/#organization\"},\"potentialAction\":[{\"@type\":\"SearchAction\",\"target\":{\"@type\":\"EntryPoint\",\"urlTemplate\":\"https:\/\/hutar.si\/sleepingstudiomojsanbyhutar\/?s={search_term_string}\"},\"query-input\":{\"@type\":\"PropertyValueSpecification\",\"valueRequired\":true,\"valueName\":\"search_term_string\"}}],\"inLanguage\":\"sl-SI\"},{\"@type\":\"Organization\",\"@id\":\"https:\/\/hutar.si\/sleepingstudiomojsanbyhutar\/#organization\",\"name\":\"Salon pohi\u0161tva Hutar\",\"url\":\"https:\/\/hutar.si\/sleepingstudiomojsanbyhutar\/\",\"logo\":{\"@type\":\"ImageObject\",\"inLanguage\":\"sl-SI\",\"@id\":\"https:\/\/hutar.si\/sleepingstudiomojsanbyhutar\/#\/schema\/logo\/image\/\",\"url\":\"https:\/\/hutar.si\/sleepingstudiomojsanbyhutar\/wp-content\/uploads\/2023\/06\/Hutar-logo-fav-sq.svg\",\"contentUrl\":\"https:\/\/hutar.si\/sleepingstudiomojsanbyhutar\/wp-content\/uploads\/2023\/06\/Hutar-logo-fav-sq.svg\",\"width\":696,\"height\":696,\"caption\":\"Salon pohi\u0161tva Hutar\"},\"image\":{\"@id\":\"https:\/\/hutar.si\/sleepingstudiomojsanbyhutar\/#\/schema\/logo\/image\/\"},\"sameAs\":[\"https:\/\/www.facebook.com\/hutarsalonpohistva\"]}]}<\/script>\n<!-- \/ Yoast SEO plugin. -->","yoast_head_json":{"title":"Le\u017ei\u0161\u010de Teen | \u00a016 cm | soft\/ hard |\u00a0do 90 kgb |\u00a0Ultrafresh - MojSan\u00ae","description":"Vzmetnica Teen je inovativen in sodoben model, ki poskrbi za zdravo kvalitetno spanje in pravilno rast vsakega otroka.","robots":{"index":"index","follow":"follow","max-snippet":"max-snippet:-1","max-image-preview":"max-image-preview:large","max-video-preview":"max-video-preview:-1"},"canonical":"https:\/\/hutar.si\/sleepingstudiomojsanbyhutar\/izdelek\/vzmetnica-teen\/","og_locale":"sl_SI","og_type":"article","og_title":"Le\u017ei\u0161\u010de Teen | \u00a016 cm | soft\/ hard |\u00a0do 90 kgb |\u00a0Ultrafresh - MojSan\u00ae","og_description":"Vzmetnica Teen je inovativen in sodoben model, ki poskrbi za zdravo kvalitetno spanje in pravilno rast vsakega otroka.","og_url":"https:\/\/hutar.si\/sleepingstudiomojsanbyhutar\/izdelek\/vzmetnica-teen\/","og_site_name":"MojSan\u00ae","article_publisher":"https:\/\/www.facebook.com\/hutarsalonpohistva","article_modified_time":"2024-11-19T11:52:28+00:00","og_image":[{"width":1000,"height":687,"url":"https:\/\/hutar.si\/sleepingstudiomojsanbyhutar\/wp-content\/uploads\/2022\/02\/hutar-vzmetnice-teen-1.jpg","type":"image\/jpeg"}],"twitter_card":"summary_large_image","twitter_misc":{"Est. reading time":"3 minute"},"schema":{"@context":"https:\/\/schema.org","@graph":[{"@type":"WebPage","@id":"https:\/\/hutar.si\/sleepingstudiomojsanbyhutar\/izdelek\/vzmetnica-teen\/","url":"https:\/\/hutar.si\/sleepingstudiomojsanbyhutar\/izdelek\/vzmetnica-teen\/","name":"Le\u017ei\u0161\u010de Teen | \u00a016 cm | soft\/ hard |\u00a0do 90 kgb |\u00a0Ultrafresh - MojSan\u00ae","isPartOf":{"@id":"https:\/\/hutar.si\/sleepingstudiomojsanbyhutar\/#website"},"primaryImageOfPage":{"@id":"https:\/\/hutar.si\/sleepingstudiomojsanbyhutar\/izdelek\/vzmetnica-teen\/#primaryimage"},"image":{"@id":"https:\/\/hutar.si\/sleepingstudiomojsanbyhutar\/izdelek\/vzmetnica-teen\/#primaryimage"},"thumbnailUrl":"https:\/\/hutar.si\/sleepingstudiomojsanbyhutar\/wp-content\/uploads\/2022\/02\/hutar-vzmetnice-teen-1.jpg","datePublished":"2022-02-25T10:41:30+00:00","dateModified":"2024-11-19T11:52:28+00:00","description":"Vzmetnica Teen je inovativen in sodoben model, ki poskrbi za zdravo kvalitetno spanje in pravilno rast vsakega otroka.","breadcrumb":{"@id":"https:\/\/hutar.si\/sleepingstudiomojsanbyhutar\/izdelek\/vzmetnica-teen\/#breadcrumb"},"inLanguage":"sl-SI","potentialAction":[{"@type":"ReadAction","target":["https:\/\/hutar.si\/sleepingstudiomojsanbyhutar\/izdelek\/vzmetnica-teen\/"]}]},{"@type":"ImageObject","inLanguage":"sl-SI","@id":"https:\/\/hutar.si\/sleepingstudiomojsanbyhutar\/izdelek\/vzmetnica-teen\/#primaryimage","url":"https:\/\/hutar.si\/sleepingstudiomojsanbyhutar\/wp-content\/uploads\/2022\/02\/hutar-vzmetnice-teen-1.jpg","contentUrl":"https:\/\/hutar.si\/sleepingstudiomojsanbyhutar\/wp-content\/uploads\/2022\/02\/hutar-vzmetnice-teen-1.jpg","width":1000,"height":687,"caption":"hutar-vzmetnice-teen-1"},{"@type":"BreadcrumbList","@id":"https:\/\/hutar.si\/sleepingstudiomojsanbyhutar\/izdelek\/vzmetnica-teen\/#breadcrumb","itemListElement":[{"@type":"ListItem","position":1,"name":"Home","item":"https:\/\/hutar.si\/sleepingstudiomojsanbyhutar\/"},{"@type":"ListItem","position":2,"name":"Trgovina","item":"https:\/\/hutar.si\/sleepingstudiomojsanbyhutar\/trgovina\/"},{"@type":"ListItem","position":3,"name":"Le\u017ei\u0161\u010de Teen | \u00a016 cm | soft\/ hard |\u00a0do 90 kgb |\u00a0Ultrafresh"}]},{"@type":"WebSite","@id":"https:\/\/hutar.si\/sleepingstudiomojsanbyhutar\/#website","url":"https:\/\/hutar.si\/sleepingstudiomojsanbyhutar\/","name":"Salon pohi\u0161tva Hutar","description":"sleeping studio Ljubljana","publisher":{"@id":"https:\/\/hutar.si\/sleepingstudiomojsanbyhutar\/#organization"},"potentialAction":[{"@type":"SearchAction","target":{"@type":"EntryPoint","urlTemplate":"https:\/\/hutar.si\/sleepingstudiomojsanbyhutar\/?s={search_term_string}"},"query-input":{"@type":"PropertyValueSpecification","valueRequired":true,"valueName":"search_term_string"}}],"inLanguage":"sl-SI"},{"@type":"Organization","@id":"https:\/\/hutar.si\/sleepingstudiomojsanbyhutar\/#organization","name":"Salon pohi\u0161tva Hutar","url":"https:\/\/hutar.si\/sleepingstudiomojsanbyhutar\/","logo":{"@type":"ImageObject","inLanguage":"sl-SI","@id":"https:\/\/hutar.si\/sleepingstudiomojsanbyhutar\/#\/schema\/logo\/image\/","url":"https:\/\/hutar.si\/sleepingstudiomojsanbyhutar\/wp-content\/uploads\/2023\/06\/Hutar-logo-fav-sq.svg","contentUrl":"https:\/\/hutar.si\/sleepingstudiomojsanbyhutar\/wp-content\/uploads\/2023\/06\/Hutar-logo-fav-sq.svg","width":696,"height":696,"caption":"Salon pohi\u0161tva Hutar"},"image":{"@id":"https:\/\/hutar.si\/sleepingstudiomojsanbyhutar\/#\/schema\/logo\/image\/"},"sameAs":["https:\/\/www.facebook.com\/hutarsalonpohistva"]}]}},"_links":{"self":[{"href":"https:\/\/hutar.si\/sleepingstudiomojsanbyhutar\/wp-json\/wp\/v2\/product\/270","targetHints":{"allow":["GET"]}}],"collection":[{"href":"https:\/\/hutar.si\/sleepingstudiomojsanbyhutar\/wp-json\/wp\/v2\/product"}],"about":[{"href":"https:\/\/hutar.si\/sleepingstudiomojsanbyhutar\/wp-json\/wp\/v2\/types\/product"}],"wp:featuredmedia":[{"embeddable":true,"href":"https:\/\/hutar.si\/sleepingstudiomojsanbyhutar\/wp-json\/wp\/v2\/media\/271"}],"wp:attachment":[{"href":"https:\/\/hutar.si\/sleepingstudiomojsanbyhutar\/wp-json\/wp\/v2\/media?parent=270"}],"wp:term":[{"taxonomy":"product_brand","embeddable":true,"href":"https:\/\/hutar.si\/sleepingstudiomojsanbyhutar\/wp-json\/wp\/v2\/product_brand?post=270"},{"taxonomy":"product_cat","embeddable":true,"href":"https:\/\/hutar.si\/sleepingstudiomojsanbyhutar\/wp-json\/wp\/v2\/product_cat?post=270"},{"taxonomy":"product_tag","embeddable":true,"href":"https:\/\/hutar.si\/sleepingstudiomojsanbyhutar\/wp-json\/wp\/v2\/product_tag?post=270"}],"curies":[{"name":"wp","href":"https:\/\/api.w.org\/{rel}","templated":true}]}}