{"id":308,"date":"2022-02-25T12:00:34","date_gmt":"2022-02-25T11:00:34","guid":{"rendered":"https:\/\/hutar.starkmat.si\/?post_type=product&#038;p=308"},"modified":"2025-03-15T12:33:12","modified_gmt":"2025-03-15T11:33:12","slug":"vzmetnica-ortopedico","status":"publish","type":"product","link":"https:\/\/hutar.si\/sleepingstudiomojsanbyhutar\/izdelek\/vzmetnica-ortopedico\/","title":{"rendered":"Le\u017ei\u0161\u010de Ortopedico | Vi\u0161ina 18 cm | Srednja trdota |\u00a0Tencel vlakna |\u00a0Ultrafresh"},"content":{"rendered":"<div class=\"wpb-content-wrapper\"><p>[vc_row][vc_column][vc_column_text]S kombinacijo dveh vrst PU pene razli\u010dnih trdot je nastalo le\u017ei\u0161\u010de Ortopedico, ki s svojo strukturo izpolnjuje vse kriterije, na podlagi katerih lahko le\u017ei\u0161\u010de imenujemo ortopedsko. Njegova osnovna naloga je, da med spanjem postavi telo spe\u010dega v pravilen anatomski polo\u017eaj. Le\u017ei\u0161\u010de ima zaradi profilirane strukture le\u017ee\u010dega dela jedra antidekubitusne lastnosti in je prakti\u010dna za uporabo v kombinaciji z latofleksom, ki ima mo\u017enost dviga glave in nog. Priporo\u010da se ljudem, ki veliko \u010dasa pre\u017eivijo v postelji, pa tudi \u0161portnikom in mladim v obdobju intenzivne rasti, saj kombinacija pene zagotavlja idealno podporo hrbtenici. Vzdr\u017eevanje ortopedskega le\u017ei\u0161\u010da je preprosto, saj je obogateno z antialergijsko in antibakterijsko prevleko, ki jo lahko zahvaljujo\u010d patentu snamete in perete. Skupna vi\u0161ina je 18 cm.<\/p>\n<p>&nbsp;<\/p>\n<p><a href=\"https:\/\/hutar.si\/sleepingstudiomojsanbyhutar\/s-tehnologijo-do-udobja\/\">#S tehnologijo do spalne podlage<\/a><\/p>\n<p>&nbsp;<\/p>\n<p>&nbsp;<\/p>\n<p><img loading=\"lazy\" decoding=\"async\" class=\"alignnone size-medium wp-image-4145\" src=\"https:\/\/hutar.si\/sleepingstudiomojsanbyhutar\/wp-content\/uploads\/2022\/02\/1ortopedico-lezisce-300x53.png\" alt=\"\" width=\"300\" height=\"53\" srcset=\"https:\/\/hutar.si\/sleepingstudiomojsanbyhutar\/wp-content\/uploads\/2022\/02\/1ortopedico-lezisce-300x53.png 300w, https:\/\/hutar.si\/sleepingstudiomojsanbyhutar\/wp-content\/uploads\/2022\/02\/1ortopedico-lezisce.png 400w\" sizes=\"auto, (max-width: 300px) 100vw, 300px\" \/>\u00a0 \u00a0 \u00a0 \u00a0 \u00a0 \u00a0 \u00a0 \u00a0 \u00a0 \u00a0 \u00a0 <img loading=\"lazy\" decoding=\"async\" class=\"alignnone wp-image-4124\" src=\"https:\/\/hutar.si\/sleepingstudiomojsanbyhutar\/wp-content\/uploads\/2022\/02\/1ultrafresh-zmak-300x176.png\" alt=\"\" width=\"152\" height=\"89\" srcset=\"https:\/\/hutar.si\/sleepingstudiomojsanbyhutar\/wp-content\/uploads\/2022\/02\/1ultrafresh-zmak-300x176.png 300w, https:\/\/hutar.si\/sleepingstudiomojsanbyhutar\/wp-content\/uploads\/2022\/02\/1ultrafresh-zmak.png 400w\" sizes=\"auto, (max-width: 152px) 100vw, 152px\" \/><\/p>\n<p><img loading=\"lazy\" decoding=\"async\" class=\"alignnone wp-image-3765\" src=\"https:\/\/hutar.si\/sleepingstudiomojsanbyhutar\/wp-content\/uploads\/2023\/11\/antibakterijska-tkanina-1.png\" alt=\"\" width=\"155\" height=\"154\" srcset=\"https:\/\/hutar.si\/sleepingstudiomojsanbyhutar\/wp-content\/uploads\/2023\/11\/antibakterijska-tkanina-1.png 242w, https:\/\/hutar.si\/sleepingstudiomojsanbyhutar\/wp-content\/uploads\/2023\/11\/antibakterijska-tkanina-1-150x150.png 150w, https:\/\/hutar.si\/sleepingstudiomojsanbyhutar\/wp-content\/uploads\/2023\/11\/antibakterijska-tkanina-1-200x200.png 200w\" sizes=\"auto, (max-width: 155px) 100vw, 155px\" \/><img loading=\"lazy\" decoding=\"async\" class=\"alignnone wp-image-3764\" src=\"https:\/\/hutar.si\/sleepingstudiomojsanbyhutar\/wp-content\/uploads\/2023\/11\/zapiranje-na-zadrgo.png\" alt=\"\" width=\"155\" height=\"154\" srcset=\"https:\/\/hutar.si\/sleepingstudiomojsanbyhutar\/wp-content\/uploads\/2023\/11\/zapiranje-na-zadrgo.png 242w, https:\/\/hutar.si\/sleepingstudiomojsanbyhutar\/wp-content\/uploads\/2023\/11\/zapiranje-na-zadrgo-150x150.png 150w, https:\/\/hutar.si\/sleepingstudiomojsanbyhutar\/wp-content\/uploads\/2023\/11\/zapiranje-na-zadrgo-200x200.png 200w\" sizes=\"auto, (max-width: 155px) 100vw, 155px\" \/><img loading=\"lazy\" decoding=\"async\" class=\"alignnone wp-image-3755\" src=\"https:\/\/hutar.si\/sleepingstudiomojsanbyhutar\/wp-content\/uploads\/2023\/11\/Pralna-prevleka.png\" alt=\"\" width=\"155\" height=\"154\" srcset=\"https:\/\/hutar.si\/sleepingstudiomojsanbyhutar\/wp-content\/uploads\/2023\/11\/Pralna-prevleka.png 242w, https:\/\/hutar.si\/sleepingstudiomojsanbyhutar\/wp-content\/uploads\/2023\/11\/Pralna-prevleka-150x150.png 150w, https:\/\/hutar.si\/sleepingstudiomojsanbyhutar\/wp-content\/uploads\/2023\/11\/Pralna-prevleka-200x200.png 200w\" sizes=\"auto, (max-width: 155px) 100vw, 155px\" \/><img loading=\"lazy\" decoding=\"async\" class=\"alignnone wp-image-3757\" src=\"https:\/\/hutar.si\/sleepingstudiomojsanbyhutar\/wp-content\/uploads\/2023\/11\/priporocljivo-do-90.png\" alt=\"\" width=\"155\" height=\"154\" srcset=\"https:\/\/hutar.si\/sleepingstudiomojsanbyhutar\/wp-content\/uploads\/2023\/11\/priporocljivo-do-90.png 241w, https:\/\/hutar.si\/sleepingstudiomojsanbyhutar\/wp-content\/uploads\/2023\/11\/priporocljivo-do-90-150x150.png 150w, https:\/\/hutar.si\/sleepingstudiomojsanbyhutar\/wp-content\/uploads\/2023\/11\/priporocljivo-do-90-200x200.png 200w\" sizes=\"auto, (max-width: 155px) 100vw, 155px\" \/><\/p>\n<p><img loading=\"lazy\" decoding=\"async\" class=\"alignnone wp-image-3767\" src=\"https:\/\/hutar.si\/sleepingstudiomojsanbyhutar\/wp-content\/uploads\/2023\/11\/eu-certified-1.png\" alt=\"\" width=\"155\" height=\"154\" srcset=\"https:\/\/hutar.si\/sleepingstudiomojsanbyhutar\/wp-content\/uploads\/2023\/11\/eu-certified-1.png 242w, https:\/\/hutar.si\/sleepingstudiomojsanbyhutar\/wp-content\/uploads\/2023\/11\/eu-certified-1-150x150.png 150w, https:\/\/hutar.si\/sleepingstudiomojsanbyhutar\/wp-content\/uploads\/2023\/11\/eu-certified-1-200x200.png 200w\" sizes=\"auto, (max-width: 155px) 100vw, 155px\" \/><img loading=\"lazy\" decoding=\"async\" class=\"alignnone wp-image-3768\" src=\"https:\/\/hutar.si\/sleepingstudiomojsanbyhutar\/wp-content\/uploads\/2023\/11\/oeko-tex-1.png\" alt=\"\" width=\"155\" height=\"154\" srcset=\"https:\/\/hutar.si\/sleepingstudiomojsanbyhutar\/wp-content\/uploads\/2023\/11\/oeko-tex-1.png 242w, https:\/\/hutar.si\/sleepingstudiomojsanbyhutar\/wp-content\/uploads\/2023\/11\/oeko-tex-1-150x150.png 150w, https:\/\/hutar.si\/sleepingstudiomojsanbyhutar\/wp-content\/uploads\/2023\/11\/oeko-tex-1-200x200.png 200w\" sizes=\"auto, (max-width: 155px) 100vw, 155px\" \/>[\/vc_column_text][\/vc_column][\/vc_row]<\/p>\n<\/div>","protected":false},"excerpt":{"rendered":"<p>\u017delite vzmetnico po meri? [wpb-pcf-button id=\"4026\" text=\"Povpra\u0161evanje\" class=\"hutar-povprasevanje-vzmetnica-po-meri\"]<\/p>\n<h3><span style=\"color: #009fe1;\"><b> OBRO\u010cNO PLA\u010cEVANJE: <\/b><\/span><\/h3>\n<h3><a href=\"https:\/\/pk.takoleasy.si\/info\/razdeliracun\"><span style=\"color: #000000;\"><b> KALKULATOR<\/b><\/span><\/a><\/h3>\n<p><a href=\"https:\/\/hutar.si\/sleepingstudiomojsanbyhutar\/nakup-na-obroke-1stavno\/\" target=\"blank\" rel=\"noopener\"><img decoding=\"async\" src=\"https:\/\/hutar.si\/sleepingstudiomojsanbyhutar\/wp-content\/uploads\/2024\/10\/Logo-1stavno.jpg\" alt=\"hutar-placilo-na-obroke\" width=\"300px\" \/><\/a><\/p>\n<p>&nbsp;<\/p>\n","protected":false},"featured_media":319,"template":"","meta":[],"product_brand":[],"product_cat":[207],"product_tag":[],"class_list":{"0":"post-308","1":"product","2":"type-product","3":"status-publish","4":"has-post-thumbnail","6":"product_cat-lezisce","7":"product_shipping_class-brezplacna-dostava","8":"description-off","10":"first","11":"outofstock","12":"taxable","13":"shipping-taxable","14":"purchasable","15":"product-type-variable"},"yoast_head":"<!-- This site is optimized with the Yoast SEO plugin v27.1.1 - https:\/\/yoast.com\/product\/yoast-seo-wordpress\/ -->\n<title>Le\u017ei\u0161\u010de Ortopedico | Vi\u0161ina 18 cm | Srednja trdota |\u00a0Tencel vlakna |\u00a0Ultrafresh - MojSan\u00ae<\/title>\n<meta name=\"description\" content=\"Vzmetnica Ortopedico s svojo strukturo izpolnjuje vse kriterije, na podlagi katerih lahko le\u017ei\u0161\u010de imenujemo ortopedsko.\" \/>\n<meta name=\"robots\" content=\"index, follow, max-snippet:-1, max-image-preview:large, max-video-preview:-1\" \/>\n<link rel=\"canonical\" href=\"https:\/\/hutar.si\/sleepingstudiomojsanbyhutar\/izdelek\/vzmetnica-ortopedico\/\" \/>\n<meta property=\"og:locale\" content=\"sl_SI\" \/>\n<meta property=\"og:type\" content=\"article\" \/>\n<meta property=\"og:title\" content=\"Le\u017ei\u0161\u010de Ortopedico | Vi\u0161ina 18 cm | Srednja trdota |\u00a0Tencel vlakna |\u00a0Ultrafresh - MojSan\u00ae\" \/>\n<meta property=\"og:description\" content=\"Vzmetnica Ortopedico s svojo strukturo izpolnjuje vse kriterije, na podlagi katerih lahko le\u017ei\u0161\u010de imenujemo ortopedsko.\" \/>\n<meta property=\"og:url\" content=\"https:\/\/hutar.si\/sleepingstudiomojsanbyhutar\/izdelek\/vzmetnica-ortopedico\/\" \/>\n<meta property=\"og:site_name\" content=\"MojSan\u00ae\" \/>\n<meta property=\"article:publisher\" content=\"https:\/\/www.facebook.com\/hutarsalonpohistva\" \/>\n<meta property=\"article:modified_time\" content=\"2025-03-15T11:33:12+00:00\" \/>\n<meta property=\"og:image\" content=\"https:\/\/hutar.si\/sleepingstudiomojsanbyhutar\/wp-content\/uploads\/2022\/02\/hutar-vzmetnice-ortopedico-1.jpg\" \/>\n\t<meta property=\"og:image:width\" content=\"1000\" \/>\n\t<meta property=\"og:image:height\" content=\"687\" \/>\n\t<meta property=\"og:image:type\" content=\"image\/jpeg\" \/>\n<meta name=\"twitter:card\" content=\"summary_large_image\" \/>\n<meta name=\"twitter:label1\" content=\"Est. reading time\" \/>\n\t<meta name=\"twitter:data1\" content=\"3 minute\" \/>\n<script type=\"application\/ld+json\" class=\"yoast-schema-graph\">{\"@context\":\"https:\/\/schema.org\",\"@graph\":[{\"@type\":\"WebPage\",\"@id\":\"https:\/\/hutar.si\/sleepingstudiomojsanbyhutar\/izdelek\/vzmetnica-ortopedico\/\",\"url\":\"https:\/\/hutar.si\/sleepingstudiomojsanbyhutar\/izdelek\/vzmetnica-ortopedico\/\",\"name\":\"Le\u017ei\u0161\u010de Ortopedico | Vi\u0161ina 18 cm | Srednja trdota |\u00a0Tencel vlakna |\u00a0Ultrafresh - MojSan\u00ae\",\"isPartOf\":{\"@id\":\"https:\/\/hutar.si\/sleepingstudiomojsanbyhutar\/#website\"},\"primaryImageOfPage\":{\"@id\":\"https:\/\/hutar.si\/sleepingstudiomojsanbyhutar\/izdelek\/vzmetnica-ortopedico\/#primaryimage\"},\"image\":{\"@id\":\"https:\/\/hutar.si\/sleepingstudiomojsanbyhutar\/izdelek\/vzmetnica-ortopedico\/#primaryimage\"},\"thumbnailUrl\":\"https:\/\/hutar.si\/sleepingstudiomojsanbyhutar\/wp-content\/uploads\/2022\/02\/hutar-vzmetnice-ortopedico-1.jpg\",\"datePublished\":\"2022-02-25T11:00:34+00:00\",\"dateModified\":\"2025-03-15T11:33:12+00:00\",\"description\":\"Vzmetnica Ortopedico s svojo strukturo izpolnjuje vse kriterije, na podlagi katerih lahko le\u017ei\u0161\u010de imenujemo ortopedsko.\",\"breadcrumb\":{\"@id\":\"https:\/\/hutar.si\/sleepingstudiomojsanbyhutar\/izdelek\/vzmetnica-ortopedico\/#breadcrumb\"},\"inLanguage\":\"sl-SI\",\"potentialAction\":[{\"@type\":\"ReadAction\",\"target\":[\"https:\/\/hutar.si\/sleepingstudiomojsanbyhutar\/izdelek\/vzmetnica-ortopedico\/\"]}]},{\"@type\":\"ImageObject\",\"inLanguage\":\"sl-SI\",\"@id\":\"https:\/\/hutar.si\/sleepingstudiomojsanbyhutar\/izdelek\/vzmetnica-ortopedico\/#primaryimage\",\"url\":\"https:\/\/hutar.si\/sleepingstudiomojsanbyhutar\/wp-content\/uploads\/2022\/02\/hutar-vzmetnice-ortopedico-1.jpg\",\"contentUrl\":\"https:\/\/hutar.si\/sleepingstudiomojsanbyhutar\/wp-content\/uploads\/2022\/02\/hutar-vzmetnice-ortopedico-1.jpg\",\"width\":1000,\"height\":687,\"caption\":\"hutar-vzmetnice-ortopedico-1\"},{\"@type\":\"BreadcrumbList\",\"@id\":\"https:\/\/hutar.si\/sleepingstudiomojsanbyhutar\/izdelek\/vzmetnica-ortopedico\/#breadcrumb\",\"itemListElement\":[{\"@type\":\"ListItem\",\"position\":1,\"name\":\"Home\",\"item\":\"https:\/\/hutar.si\/sleepingstudiomojsanbyhutar\/\"},{\"@type\":\"ListItem\",\"position\":2,\"name\":\"Trgovina\",\"item\":\"https:\/\/hutar.si\/sleepingstudiomojsanbyhutar\/trgovina\/\"},{\"@type\":\"ListItem\",\"position\":3,\"name\":\"Le\u017ei\u0161\u010de Ortopedico | Vi\u0161ina 18 cm | Srednja trdota |\u00a0Tencel vlakna |\u00a0Ultrafresh\"}]},{\"@type\":\"WebSite\",\"@id\":\"https:\/\/hutar.si\/sleepingstudiomojsanbyhutar\/#website\",\"url\":\"https:\/\/hutar.si\/sleepingstudiomojsanbyhutar\/\",\"name\":\"Salon pohi\u0161tva Hutar\",\"description\":\"sleeping studio Ljubljana\",\"publisher\":{\"@id\":\"https:\/\/hutar.si\/sleepingstudiomojsanbyhutar\/#organization\"},\"potentialAction\":[{\"@type\":\"SearchAction\",\"target\":{\"@type\":\"EntryPoint\",\"urlTemplate\":\"https:\/\/hutar.si\/sleepingstudiomojsanbyhutar\/?s={search_term_string}\"},\"query-input\":{\"@type\":\"PropertyValueSpecification\",\"valueRequired\":true,\"valueName\":\"search_term_string\"}}],\"inLanguage\":\"sl-SI\"},{\"@type\":\"Organization\",\"@id\":\"https:\/\/hutar.si\/sleepingstudiomojsanbyhutar\/#organization\",\"name\":\"Salon pohi\u0161tva Hutar\",\"url\":\"https:\/\/hutar.si\/sleepingstudiomojsanbyhutar\/\",\"logo\":{\"@type\":\"ImageObject\",\"inLanguage\":\"sl-SI\",\"@id\":\"https:\/\/hutar.si\/sleepingstudiomojsanbyhutar\/#\/schema\/logo\/image\/\",\"url\":\"https:\/\/hutar.si\/sleepingstudiomojsanbyhutar\/wp-content\/uploads\/2023\/06\/Hutar-logo-fav-sq.svg\",\"contentUrl\":\"https:\/\/hutar.si\/sleepingstudiomojsanbyhutar\/wp-content\/uploads\/2023\/06\/Hutar-logo-fav-sq.svg\",\"width\":696,\"height\":696,\"caption\":\"Salon pohi\u0161tva Hutar\"},\"image\":{\"@id\":\"https:\/\/hutar.si\/sleepingstudiomojsanbyhutar\/#\/schema\/logo\/image\/\"},\"sameAs\":[\"https:\/\/www.facebook.com\/hutarsalonpohistva\"]}]}<\/script>\n<!-- \/ Yoast SEO plugin. -->","yoast_head_json":{"title":"Le\u017ei\u0161\u010de Ortopedico | Vi\u0161ina 18 cm | Srednja trdota |\u00a0Tencel vlakna |\u00a0Ultrafresh - MojSan\u00ae","description":"Vzmetnica Ortopedico s svojo strukturo izpolnjuje vse kriterije, na podlagi katerih lahko le\u017ei\u0161\u010de imenujemo ortopedsko.","robots":{"index":"index","follow":"follow","max-snippet":"max-snippet:-1","max-image-preview":"max-image-preview:large","max-video-preview":"max-video-preview:-1"},"canonical":"https:\/\/hutar.si\/sleepingstudiomojsanbyhutar\/izdelek\/vzmetnica-ortopedico\/","og_locale":"sl_SI","og_type":"article","og_title":"Le\u017ei\u0161\u010de Ortopedico | Vi\u0161ina 18 cm | Srednja trdota |\u00a0Tencel vlakna |\u00a0Ultrafresh - MojSan\u00ae","og_description":"Vzmetnica Ortopedico s svojo strukturo izpolnjuje vse kriterije, na podlagi katerih lahko le\u017ei\u0161\u010de imenujemo ortopedsko.","og_url":"https:\/\/hutar.si\/sleepingstudiomojsanbyhutar\/izdelek\/vzmetnica-ortopedico\/","og_site_name":"MojSan\u00ae","article_publisher":"https:\/\/www.facebook.com\/hutarsalonpohistva","article_modified_time":"2025-03-15T11:33:12+00:00","og_image":[{"width":1000,"height":687,"url":"https:\/\/hutar.si\/sleepingstudiomojsanbyhutar\/wp-content\/uploads\/2022\/02\/hutar-vzmetnice-ortopedico-1.jpg","type":"image\/jpeg"}],"twitter_card":"summary_large_image","twitter_misc":{"Est. reading time":"3 minute"},"schema":{"@context":"https:\/\/schema.org","@graph":[{"@type":"WebPage","@id":"https:\/\/hutar.si\/sleepingstudiomojsanbyhutar\/izdelek\/vzmetnica-ortopedico\/","url":"https:\/\/hutar.si\/sleepingstudiomojsanbyhutar\/izdelek\/vzmetnica-ortopedico\/","name":"Le\u017ei\u0161\u010de Ortopedico | Vi\u0161ina 18 cm | Srednja trdota |\u00a0Tencel vlakna |\u00a0Ultrafresh - MojSan\u00ae","isPartOf":{"@id":"https:\/\/hutar.si\/sleepingstudiomojsanbyhutar\/#website"},"primaryImageOfPage":{"@id":"https:\/\/hutar.si\/sleepingstudiomojsanbyhutar\/izdelek\/vzmetnica-ortopedico\/#primaryimage"},"image":{"@id":"https:\/\/hutar.si\/sleepingstudiomojsanbyhutar\/izdelek\/vzmetnica-ortopedico\/#primaryimage"},"thumbnailUrl":"https:\/\/hutar.si\/sleepingstudiomojsanbyhutar\/wp-content\/uploads\/2022\/02\/hutar-vzmetnice-ortopedico-1.jpg","datePublished":"2022-02-25T11:00:34+00:00","dateModified":"2025-03-15T11:33:12+00:00","description":"Vzmetnica Ortopedico s svojo strukturo izpolnjuje vse kriterije, na podlagi katerih lahko le\u017ei\u0161\u010de imenujemo ortopedsko.","breadcrumb":{"@id":"https:\/\/hutar.si\/sleepingstudiomojsanbyhutar\/izdelek\/vzmetnica-ortopedico\/#breadcrumb"},"inLanguage":"sl-SI","potentialAction":[{"@type":"ReadAction","target":["https:\/\/hutar.si\/sleepingstudiomojsanbyhutar\/izdelek\/vzmetnica-ortopedico\/"]}]},{"@type":"ImageObject","inLanguage":"sl-SI","@id":"https:\/\/hutar.si\/sleepingstudiomojsanbyhutar\/izdelek\/vzmetnica-ortopedico\/#primaryimage","url":"https:\/\/hutar.si\/sleepingstudiomojsanbyhutar\/wp-content\/uploads\/2022\/02\/hutar-vzmetnice-ortopedico-1.jpg","contentUrl":"https:\/\/hutar.si\/sleepingstudiomojsanbyhutar\/wp-content\/uploads\/2022\/02\/hutar-vzmetnice-ortopedico-1.jpg","width":1000,"height":687,"caption":"hutar-vzmetnice-ortopedico-1"},{"@type":"BreadcrumbList","@id":"https:\/\/hutar.si\/sleepingstudiomojsanbyhutar\/izdelek\/vzmetnica-ortopedico\/#breadcrumb","itemListElement":[{"@type":"ListItem","position":1,"name":"Home","item":"https:\/\/hutar.si\/sleepingstudiomojsanbyhutar\/"},{"@type":"ListItem","position":2,"name":"Trgovina","item":"https:\/\/hutar.si\/sleepingstudiomojsanbyhutar\/trgovina\/"},{"@type":"ListItem","position":3,"name":"Le\u017ei\u0161\u010de Ortopedico | Vi\u0161ina 18 cm | Srednja trdota |\u00a0Tencel vlakna |\u00a0Ultrafresh"}]},{"@type":"WebSite","@id":"https:\/\/hutar.si\/sleepingstudiomojsanbyhutar\/#website","url":"https:\/\/hutar.si\/sleepingstudiomojsanbyhutar\/","name":"Salon pohi\u0161tva Hutar","description":"sleeping studio Ljubljana","publisher":{"@id":"https:\/\/hutar.si\/sleepingstudiomojsanbyhutar\/#organization"},"potentialAction":[{"@type":"SearchAction","target":{"@type":"EntryPoint","urlTemplate":"https:\/\/hutar.si\/sleepingstudiomojsanbyhutar\/?s={search_term_string}"},"query-input":{"@type":"PropertyValueSpecification","valueRequired":true,"valueName":"search_term_string"}}],"inLanguage":"sl-SI"},{"@type":"Organization","@id":"https:\/\/hutar.si\/sleepingstudiomojsanbyhutar\/#organization","name":"Salon pohi\u0161tva Hutar","url":"https:\/\/hutar.si\/sleepingstudiomojsanbyhutar\/","logo":{"@type":"ImageObject","inLanguage":"sl-SI","@id":"https:\/\/hutar.si\/sleepingstudiomojsanbyhutar\/#\/schema\/logo\/image\/","url":"https:\/\/hutar.si\/sleepingstudiomojsanbyhutar\/wp-content\/uploads\/2023\/06\/Hutar-logo-fav-sq.svg","contentUrl":"https:\/\/hutar.si\/sleepingstudiomojsanbyhutar\/wp-content\/uploads\/2023\/06\/Hutar-logo-fav-sq.svg","width":696,"height":696,"caption":"Salon pohi\u0161tva Hutar"},"image":{"@id":"https:\/\/hutar.si\/sleepingstudiomojsanbyhutar\/#\/schema\/logo\/image\/"},"sameAs":["https:\/\/www.facebook.com\/hutarsalonpohistva"]}]}},"_links":{"self":[{"href":"https:\/\/hutar.si\/sleepingstudiomojsanbyhutar\/wp-json\/wp\/v2\/product\/308","targetHints":{"allow":["GET"]}}],"collection":[{"href":"https:\/\/hutar.si\/sleepingstudiomojsanbyhutar\/wp-json\/wp\/v2\/product"}],"about":[{"href":"https:\/\/hutar.si\/sleepingstudiomojsanbyhutar\/wp-json\/wp\/v2\/types\/product"}],"wp:featuredmedia":[{"embeddable":true,"href":"https:\/\/hutar.si\/sleepingstudiomojsanbyhutar\/wp-json\/wp\/v2\/media\/319"}],"wp:attachment":[{"href":"https:\/\/hutar.si\/sleepingstudiomojsanbyhutar\/wp-json\/wp\/v2\/media?parent=308"}],"wp:term":[{"taxonomy":"product_brand","embeddable":true,"href":"https:\/\/hutar.si\/sleepingstudiomojsanbyhutar\/wp-json\/wp\/v2\/product_brand?post=308"},{"taxonomy":"product_cat","embeddable":true,"href":"https:\/\/hutar.si\/sleepingstudiomojsanbyhutar\/wp-json\/wp\/v2\/product_cat?post=308"},{"taxonomy":"product_tag","embeddable":true,"href":"https:\/\/hutar.si\/sleepingstudiomojsanbyhutar\/wp-json\/wp\/v2\/product_tag?post=308"}],"curies":[{"name":"wp","href":"https:\/\/api.w.org\/{rel}","templated":true}]}}