{"id":3477,"date":"2023-11-17T15:39:02","date_gmt":"2023-11-17T14:39:02","guid":{"rendered":"https:\/\/hutar.si\/sleepingstudiomojsanbyhutar\/?post_type=product&#038;p=3477"},"modified":"2025-08-15T12:31:47","modified_gmt":"2025-08-15T10:31:47","slug":"vzmetnica-baby-basic-patent","status":"publish","type":"product","link":"https:\/\/hutar.si\/sleepingstudiomojsanbyhutar\/izdelek\/vzmetnica-baby-basic-patent\/","title":{"rendered":"Le\u017ei\u0161\u010de Baby Basic Patent"},"content":{"rendered":"<div class=\"wpb-content-wrapper\"><p>[vc_row][vc_column][vc_column_text]Le\u017ei\u0161\u010de Basic Baby Patent je idealna za otro\u0161ko posteljico. Pena normalne trdote, ki jo dopolnjuje pralna prevleka z izrazitimi<br \/>\nantibakterijskimi lastnostmi na naravni osnovi, je nepogre\u0161ljiva izbira za vsakega otroka. Proactive\u00ae tkanina je kombinacija naravnega s sodobno tehnologijo z aktivnimi probiotiki v sami prevleki, ki pa je u\u010dinkovita obramba pred ne\u017eelenimi u\u010dinki na dojen\u010dkovi ko\u017ei. Le\u017ei\u0161\u010de Basic Baby Patent je vi\u0161ine 18 centimetrov in je popolnoma naraven na\u010din za zdrav spanec va\u0161ega dojen\u010dka. Ustreza prvemu razredu varnosti uporabe za dojen\u010dke in novorojen\u010dke po OEKO TEX\u00ae standardih.<\/p>\n<p>&nbsp;<\/p>\n<p><a href=\"https:\/\/hutar.si\/sleepingstudiomojsanbyhutar\/s-tehnologijo-do-udobja\/\">#S tehnologijo do spalne podlage<\/a><\/p>\n<p>&nbsp;<\/p>\n<p><img loading=\"lazy\" decoding=\"async\" class=\"alignnone size-medium wp-image-4141\" src=\"https:\/\/hutar.si\/sleepingstudiomojsanbyhutar\/wp-content\/uploads\/2023\/11\/1basic-lezisce-300x53.png\" alt=\"\" width=\"300\" height=\"53\" srcset=\"https:\/\/hutar.si\/sleepingstudiomojsanbyhutar\/wp-content\/uploads\/2023\/11\/1basic-lezisce-300x53.png 300w, https:\/\/hutar.si\/sleepingstudiomojsanbyhutar\/wp-content\/uploads\/2023\/11\/1basic-lezisce.png 400w\" sizes=\"auto, (max-width: 300px) 100vw, 300px\" \/>\u00a0 \u00a0 \u00a0 \u00a0 \u00a0 \u00a0 \u00a0 \u00a0 \u00a0 \u00a0 \u00a0 \u00a0 \u00a0 \u00a0 \u00a0 \u00a0 \u00a0 \u00a0<img loading=\"lazy\" decoding=\"async\" class=\"alignnone wp-image-4134\" src=\"https:\/\/hutar.si\/sleepingstudiomojsanbyhutar\/wp-content\/uploads\/2022\/02\/1oznaka-senitized-actifresh-1-297x300.png\" alt=\"\" width=\"95\" height=\"96\" srcset=\"https:\/\/hutar.si\/sleepingstudiomojsanbyhutar\/wp-content\/uploads\/2022\/02\/1oznaka-senitized-actifresh-1-297x300.png 297w, https:\/\/hutar.si\/sleepingstudiomojsanbyhutar\/wp-content\/uploads\/2022\/02\/1oznaka-senitized-actifresh-1-150x150.png 150w, https:\/\/hutar.si\/sleepingstudiomojsanbyhutar\/wp-content\/uploads\/2022\/02\/1oznaka-senitized-actifresh-1-300x300.png 300w, https:\/\/hutar.si\/sleepingstudiomojsanbyhutar\/wp-content\/uploads\/2022\/02\/1oznaka-senitized-actifresh-1-200x200.png 200w, https:\/\/hutar.si\/sleepingstudiomojsanbyhutar\/wp-content\/uploads\/2022\/02\/1oznaka-senitized-actifresh-1.png 400w\" sizes=\"auto, (max-width: 95px) 100vw, 95px\" \/>\u00a0 \u00a0 \u00a0 \u00a0 \u00a0 \u00a0 \u00a0 \u00a0 \u00a0 \u00a0 \u00a0 \u00a0 \u00a0 \u00a0 \u00a0<img loading=\"lazy\" decoding=\"async\" class=\"alignnone wp-image-4142\" src=\"https:\/\/hutar.si\/sleepingstudiomojsanbyhutar\/wp-content\/uploads\/2023\/11\/1oznaka-proactive-300x180.png\" alt=\"\" width=\"153\" height=\"92\" srcset=\"https:\/\/hutar.si\/sleepingstudiomojsanbyhutar\/wp-content\/uploads\/2023\/11\/1oznaka-proactive-300x180.png 300w, https:\/\/hutar.si\/sleepingstudiomojsanbyhutar\/wp-content\/uploads\/2023\/11\/1oznaka-proactive.png 400w\" sizes=\"auto, (max-width: 153px) 100vw, 153px\" \/><\/p>\n<p><img loading=\"lazy\" decoding=\"async\" class=\"alignnone wp-image-3765\" src=\"https:\/\/hutar.si\/sleepingstudiomojsanbyhutar\/wp-content\/uploads\/2023\/11\/antibakterijska-tkanina-1.png\" alt=\"\" width=\"155\" height=\"154\" srcset=\"https:\/\/hutar.si\/sleepingstudiomojsanbyhutar\/wp-content\/uploads\/2023\/11\/antibakterijska-tkanina-1.png 242w, https:\/\/hutar.si\/sleepingstudiomojsanbyhutar\/wp-content\/uploads\/2023\/11\/antibakterijska-tkanina-1-150x150.png 150w, https:\/\/hutar.si\/sleepingstudiomojsanbyhutar\/wp-content\/uploads\/2023\/11\/antibakterijska-tkanina-1-200x200.png 200w\" sizes=\"auto, (max-width: 155px) 100vw, 155px\" \/><img loading=\"lazy\" decoding=\"async\" class=\"alignnone wp-image-3766\" src=\"https:\/\/hutar.si\/sleepingstudiomojsanbyhutar\/wp-content\/uploads\/2023\/11\/dvostranska-vzmetnica-1.png\" alt=\"\" width=\"155\" height=\"154\" srcset=\"https:\/\/hutar.si\/sleepingstudiomojsanbyhutar\/wp-content\/uploads\/2023\/11\/dvostranska-vzmetnica-1.png 242w, https:\/\/hutar.si\/sleepingstudiomojsanbyhutar\/wp-content\/uploads\/2023\/11\/dvostranska-vzmetnica-1-150x150.png 150w, https:\/\/hutar.si\/sleepingstudiomojsanbyhutar\/wp-content\/uploads\/2023\/11\/dvostranska-vzmetnica-1-200x200.png 200w\" sizes=\"auto, (max-width: 155px) 100vw, 155px\" \/><img loading=\"lazy\" decoding=\"async\" class=\"wp-image-3767 alignleft\" src=\"https:\/\/hutar.si\/sleepingstudiomojsanbyhutar\/wp-content\/uploads\/2023\/11\/eu-certified-1.png\" alt=\"\" width=\"155\" height=\"154\" srcset=\"https:\/\/hutar.si\/sleepingstudiomojsanbyhutar\/wp-content\/uploads\/2023\/11\/eu-certified-1.png 242w, https:\/\/hutar.si\/sleepingstudiomojsanbyhutar\/wp-content\/uploads\/2023\/11\/eu-certified-1-150x150.png 150w, https:\/\/hutar.si\/sleepingstudiomojsanbyhutar\/wp-content\/uploads\/2023\/11\/eu-certified-1-200x200.png 200w\" sizes=\"auto, (max-width: 155px) 100vw, 155px\" \/><img loading=\"lazy\" decoding=\"async\" class=\"alignnone wp-image-3768\" src=\"https:\/\/hutar.si\/sleepingstudiomojsanbyhutar\/wp-content\/uploads\/2023\/11\/oeko-tex-1.png\" alt=\"\" width=\"155\" height=\"154\" srcset=\"https:\/\/hutar.si\/sleepingstudiomojsanbyhutar\/wp-content\/uploads\/2023\/11\/oeko-tex-1.png 242w, https:\/\/hutar.si\/sleepingstudiomojsanbyhutar\/wp-content\/uploads\/2023\/11\/oeko-tex-1-150x150.png 150w, https:\/\/hutar.si\/sleepingstudiomojsanbyhutar\/wp-content\/uploads\/2023\/11\/oeko-tex-1-200x200.png 200w\" sizes=\"auto, (max-width: 155px) 100vw, 155px\" \/><\/p>\n<p><img loading=\"lazy\" decoding=\"async\" class=\"alignnone wp-image-3755\" src=\"https:\/\/hutar.si\/sleepingstudiomojsanbyhutar\/wp-content\/uploads\/2023\/11\/Pralna-prevleka.png\" alt=\"\" width=\"155\" height=\"154\" srcset=\"https:\/\/hutar.si\/sleepingstudiomojsanbyhutar\/wp-content\/uploads\/2023\/11\/Pralna-prevleka.png 242w, https:\/\/hutar.si\/sleepingstudiomojsanbyhutar\/wp-content\/uploads\/2023\/11\/Pralna-prevleka-150x150.png 150w, https:\/\/hutar.si\/sleepingstudiomojsanbyhutar\/wp-content\/uploads\/2023\/11\/Pralna-prevleka-200x200.png 200w\" sizes=\"auto, (max-width: 155px) 100vw, 155px\" \/><img loading=\"lazy\" decoding=\"async\" class=\"alignnone wp-image-3764\" src=\"https:\/\/hutar.si\/sleepingstudiomojsanbyhutar\/wp-content\/uploads\/2023\/11\/zapiranje-na-zadrgo.png\" alt=\"\" width=\"155\" height=\"154\" srcset=\"https:\/\/hutar.si\/sleepingstudiomojsanbyhutar\/wp-content\/uploads\/2023\/11\/zapiranje-na-zadrgo.png 242w, https:\/\/hutar.si\/sleepingstudiomojsanbyhutar\/wp-content\/uploads\/2023\/11\/zapiranje-na-zadrgo-150x150.png 150w, https:\/\/hutar.si\/sleepingstudiomojsanbyhutar\/wp-content\/uploads\/2023\/11\/zapiranje-na-zadrgo-200x200.png 200w\" sizes=\"auto, (max-width: 155px) 100vw, 155px\" \/>[\/vc_column_text][\/vc_column][\/vc_row]<\/p>\n<\/div>","protected":false},"excerpt":{"rendered":"<p>\u017delite vzmetnico po meri? [wpb-pcf-button id=\"4026\" text=\"Povpra\u0161evanje\" class=\"hutar-povprasevanje-vzmetnica-po-meri\"]<\/p>\n<h3><span style=\"color: #009fe1;\"><b> OBRO\u010cNO PLA\u010cEVANJE: <\/b><\/span><\/h3>\n<h3><a href=\"https:\/\/pk.takoleasy.si\/info\/razdeliracun\"><span style=\"color: #000000;\"><b> KALKULATOR<\/b><\/span><\/a><\/h3>\n<p><a href=\"https:\/\/hutar.si\/sleepingstudiomojsanbyhutar\/nakup-na-obroke-1stavno\/\" target=\"blank\" rel=\"noopener\"><img decoding=\"async\" src=\"https:\/\/hutar.si\/sleepingstudiomojsanbyhutar\/wp-content\/uploads\/2024\/10\/Logo-1stavno.jpg\" alt=\"hutar-placilo-na-obroke\" width=\"300px\" \/><\/a><\/p>\n<p>&nbsp;<\/p>\n","protected":false},"featured_media":3480,"template":"","meta":[],"product_brand":[],"product_cat":[207,230],"product_tag":[],"class_list":{"0":"post-3477","1":"product","2":"type-product","3":"status-publish","4":"has-post-thumbnail","6":"product_cat-lezisce","7":"product_cat-otroski-program","8":"product_shipping_class-brezplacna-dostava","9":"description-off","11":"first","12":"outofstock","13":"taxable","14":"shipping-taxable","15":"purchasable","16":"product-type-variable"},"yoast_head":"<!-- This site is optimized with the Yoast SEO plugin v27.1.1 - https:\/\/yoast.com\/product\/yoast-seo-wordpress\/ -->\n<title>Le\u017ei\u0161\u010de Baby Basic Patent - MojSan\u00ae<\/title>\n<meta name=\"description\" content=\"Vzmetnica Mondy je vzmetnica iz ponudbe MojSan, ki bo spremenila va\u0161e mnenje o \u017ei\u010dnem jedru. Totalno nova izku\u0161nja \u017ei\u010dnega jedra!\" \/>\n<meta name=\"robots\" content=\"index, follow, max-snippet:-1, max-image-preview:large, max-video-preview:-1\" \/>\n<link rel=\"canonical\" href=\"https:\/\/hutar.si\/sleepingstudiomojsanbyhutar\/izdelek\/vzmetnica-baby-basic-patent\/\" \/>\n<meta property=\"og:locale\" content=\"sl_SI\" \/>\n<meta property=\"og:type\" content=\"article\" \/>\n<meta property=\"og:title\" content=\"Le\u017ei\u0161\u010de Baby Basic Patent - MojSan\u00ae\" \/>\n<meta property=\"og:description\" content=\"Vzmetnica Mondy je vzmetnica iz ponudbe MojSan, ki bo spremenila va\u0161e mnenje o \u017ei\u010dnem jedru. Totalno nova izku\u0161nja \u017ei\u010dnega jedra!\" \/>\n<meta property=\"og:url\" content=\"https:\/\/hutar.si\/sleepingstudiomojsanbyhutar\/izdelek\/vzmetnica-baby-basic-patent\/\" \/>\n<meta property=\"og:site_name\" content=\"MojSan\u00ae\" \/>\n<meta property=\"article:publisher\" content=\"https:\/\/www.facebook.com\/hutarsalonpohistva\" \/>\n<meta property=\"article:modified_time\" content=\"2025-08-15T10:31:47+00:00\" \/>\n<meta property=\"og:image\" content=\"https:\/\/hutar.si\/sleepingstudiomojsanbyhutar\/wp-content\/uploads\/2023\/11\/1.-Madrac-Basic-Baby-Patent-MojSan.jpg\" \/>\n\t<meta property=\"og:image:width\" content=\"1000\" \/>\n\t<meta property=\"og:image:height\" content=\"687\" \/>\n\t<meta property=\"og:image:type\" content=\"image\/jpeg\" \/>\n<meta name=\"twitter:card\" content=\"summary_large_image\" \/>\n<meta name=\"twitter:label1\" content=\"Est. reading time\" \/>\n\t<meta name=\"twitter:data1\" content=\"3 minute\" \/>\n<script type=\"application\/ld+json\" class=\"yoast-schema-graph\">{\"@context\":\"https:\/\/schema.org\",\"@graph\":[{\"@type\":\"WebPage\",\"@id\":\"https:\/\/hutar.si\/sleepingstudiomojsanbyhutar\/izdelek\/vzmetnica-baby-basic-patent\/\",\"url\":\"https:\/\/hutar.si\/sleepingstudiomojsanbyhutar\/izdelek\/vzmetnica-baby-basic-patent\/\",\"name\":\"Le\u017ei\u0161\u010de Baby Basic Patent - MojSan\u00ae\",\"isPartOf\":{\"@id\":\"https:\/\/hutar.si\/sleepingstudiomojsanbyhutar\/#website\"},\"primaryImageOfPage\":{\"@id\":\"https:\/\/hutar.si\/sleepingstudiomojsanbyhutar\/izdelek\/vzmetnica-baby-basic-patent\/#primaryimage\"},\"image\":{\"@id\":\"https:\/\/hutar.si\/sleepingstudiomojsanbyhutar\/izdelek\/vzmetnica-baby-basic-patent\/#primaryimage\"},\"thumbnailUrl\":\"https:\/\/hutar.si\/sleepingstudiomojsanbyhutar\/wp-content\/uploads\/2023\/11\/1.-Madrac-Basic-Baby-Patent-MojSan.jpg\",\"datePublished\":\"2023-11-17T14:39:02+00:00\",\"dateModified\":\"2025-08-15T10:31:47+00:00\",\"description\":\"Vzmetnica Mondy je vzmetnica iz ponudbe MojSan, ki bo spremenila va\u0161e mnenje o \u017ei\u010dnem jedru. Totalno nova izku\u0161nja \u017ei\u010dnega jedra!\",\"breadcrumb\":{\"@id\":\"https:\/\/hutar.si\/sleepingstudiomojsanbyhutar\/izdelek\/vzmetnica-baby-basic-patent\/#breadcrumb\"},\"inLanguage\":\"sl-SI\",\"potentialAction\":[{\"@type\":\"ReadAction\",\"target\":[\"https:\/\/hutar.si\/sleepingstudiomojsanbyhutar\/izdelek\/vzmetnica-baby-basic-patent\/\"]}]},{\"@type\":\"ImageObject\",\"inLanguage\":\"sl-SI\",\"@id\":\"https:\/\/hutar.si\/sleepingstudiomojsanbyhutar\/izdelek\/vzmetnica-baby-basic-patent\/#primaryimage\",\"url\":\"https:\/\/hutar.si\/sleepingstudiomojsanbyhutar\/wp-content\/uploads\/2023\/11\/1.-Madrac-Basic-Baby-Patent-MojSan.jpg\",\"contentUrl\":\"https:\/\/hutar.si\/sleepingstudiomojsanbyhutar\/wp-content\/uploads\/2023\/11\/1.-Madrac-Basic-Baby-Patent-MojSan.jpg\",\"width\":1000,\"height\":687},{\"@type\":\"BreadcrumbList\",\"@id\":\"https:\/\/hutar.si\/sleepingstudiomojsanbyhutar\/izdelek\/vzmetnica-baby-basic-patent\/#breadcrumb\",\"itemListElement\":[{\"@type\":\"ListItem\",\"position\":1,\"name\":\"Home\",\"item\":\"https:\/\/hutar.si\/sleepingstudiomojsanbyhutar\/\"},{\"@type\":\"ListItem\",\"position\":2,\"name\":\"Trgovina\",\"item\":\"https:\/\/hutar.si\/sleepingstudiomojsanbyhutar\/trgovina\/\"},{\"@type\":\"ListItem\",\"position\":3,\"name\":\"Le\u017ei\u0161\u010de Baby Basic Patent\"}]},{\"@type\":\"WebSite\",\"@id\":\"https:\/\/hutar.si\/sleepingstudiomojsanbyhutar\/#website\",\"url\":\"https:\/\/hutar.si\/sleepingstudiomojsanbyhutar\/\",\"name\":\"Salon pohi\u0161tva Hutar\",\"description\":\"sleeping studio Ljubljana\",\"publisher\":{\"@id\":\"https:\/\/hutar.si\/sleepingstudiomojsanbyhutar\/#organization\"},\"potentialAction\":[{\"@type\":\"SearchAction\",\"target\":{\"@type\":\"EntryPoint\",\"urlTemplate\":\"https:\/\/hutar.si\/sleepingstudiomojsanbyhutar\/?s={search_term_string}\"},\"query-input\":{\"@type\":\"PropertyValueSpecification\",\"valueRequired\":true,\"valueName\":\"search_term_string\"}}],\"inLanguage\":\"sl-SI\"},{\"@type\":\"Organization\",\"@id\":\"https:\/\/hutar.si\/sleepingstudiomojsanbyhutar\/#organization\",\"name\":\"Salon pohi\u0161tva Hutar\",\"url\":\"https:\/\/hutar.si\/sleepingstudiomojsanbyhutar\/\",\"logo\":{\"@type\":\"ImageObject\",\"inLanguage\":\"sl-SI\",\"@id\":\"https:\/\/hutar.si\/sleepingstudiomojsanbyhutar\/#\/schema\/logo\/image\/\",\"url\":\"https:\/\/hutar.si\/sleepingstudiomojsanbyhutar\/wp-content\/uploads\/2023\/06\/Hutar-logo-fav-sq.svg\",\"contentUrl\":\"https:\/\/hutar.si\/sleepingstudiomojsanbyhutar\/wp-content\/uploads\/2023\/06\/Hutar-logo-fav-sq.svg\",\"width\":696,\"height\":696,\"caption\":\"Salon pohi\u0161tva Hutar\"},\"image\":{\"@id\":\"https:\/\/hutar.si\/sleepingstudiomojsanbyhutar\/#\/schema\/logo\/image\/\"},\"sameAs\":[\"https:\/\/www.facebook.com\/hutarsalonpohistva\"]}]}<\/script>\n<!-- \/ Yoast SEO plugin. -->","yoast_head_json":{"title":"Le\u017ei\u0161\u010de Baby Basic Patent - MojSan\u00ae","description":"Vzmetnica Mondy je vzmetnica iz ponudbe MojSan, ki bo spremenila va\u0161e mnenje o \u017ei\u010dnem jedru. Totalno nova izku\u0161nja \u017ei\u010dnega jedra!","robots":{"index":"index","follow":"follow","max-snippet":"max-snippet:-1","max-image-preview":"max-image-preview:large","max-video-preview":"max-video-preview:-1"},"canonical":"https:\/\/hutar.si\/sleepingstudiomojsanbyhutar\/izdelek\/vzmetnica-baby-basic-patent\/","og_locale":"sl_SI","og_type":"article","og_title":"Le\u017ei\u0161\u010de Baby Basic Patent - MojSan\u00ae","og_description":"Vzmetnica Mondy je vzmetnica iz ponudbe MojSan, ki bo spremenila va\u0161e mnenje o \u017ei\u010dnem jedru. Totalno nova izku\u0161nja \u017ei\u010dnega jedra!","og_url":"https:\/\/hutar.si\/sleepingstudiomojsanbyhutar\/izdelek\/vzmetnica-baby-basic-patent\/","og_site_name":"MojSan\u00ae","article_publisher":"https:\/\/www.facebook.com\/hutarsalonpohistva","article_modified_time":"2025-08-15T10:31:47+00:00","og_image":[{"width":1000,"height":687,"url":"https:\/\/hutar.si\/sleepingstudiomojsanbyhutar\/wp-content\/uploads\/2023\/11\/1.-Madrac-Basic-Baby-Patent-MojSan.jpg","type":"image\/jpeg"}],"twitter_card":"summary_large_image","twitter_misc":{"Est. reading time":"3 minute"},"schema":{"@context":"https:\/\/schema.org","@graph":[{"@type":"WebPage","@id":"https:\/\/hutar.si\/sleepingstudiomojsanbyhutar\/izdelek\/vzmetnica-baby-basic-patent\/","url":"https:\/\/hutar.si\/sleepingstudiomojsanbyhutar\/izdelek\/vzmetnica-baby-basic-patent\/","name":"Le\u017ei\u0161\u010de Baby Basic Patent - MojSan\u00ae","isPartOf":{"@id":"https:\/\/hutar.si\/sleepingstudiomojsanbyhutar\/#website"},"primaryImageOfPage":{"@id":"https:\/\/hutar.si\/sleepingstudiomojsanbyhutar\/izdelek\/vzmetnica-baby-basic-patent\/#primaryimage"},"image":{"@id":"https:\/\/hutar.si\/sleepingstudiomojsanbyhutar\/izdelek\/vzmetnica-baby-basic-patent\/#primaryimage"},"thumbnailUrl":"https:\/\/hutar.si\/sleepingstudiomojsanbyhutar\/wp-content\/uploads\/2023\/11\/1.-Madrac-Basic-Baby-Patent-MojSan.jpg","datePublished":"2023-11-17T14:39:02+00:00","dateModified":"2025-08-15T10:31:47+00:00","description":"Vzmetnica Mondy je vzmetnica iz ponudbe MojSan, ki bo spremenila va\u0161e mnenje o \u017ei\u010dnem jedru. Totalno nova izku\u0161nja \u017ei\u010dnega jedra!","breadcrumb":{"@id":"https:\/\/hutar.si\/sleepingstudiomojsanbyhutar\/izdelek\/vzmetnica-baby-basic-patent\/#breadcrumb"},"inLanguage":"sl-SI","potentialAction":[{"@type":"ReadAction","target":["https:\/\/hutar.si\/sleepingstudiomojsanbyhutar\/izdelek\/vzmetnica-baby-basic-patent\/"]}]},{"@type":"ImageObject","inLanguage":"sl-SI","@id":"https:\/\/hutar.si\/sleepingstudiomojsanbyhutar\/izdelek\/vzmetnica-baby-basic-patent\/#primaryimage","url":"https:\/\/hutar.si\/sleepingstudiomojsanbyhutar\/wp-content\/uploads\/2023\/11\/1.-Madrac-Basic-Baby-Patent-MojSan.jpg","contentUrl":"https:\/\/hutar.si\/sleepingstudiomojsanbyhutar\/wp-content\/uploads\/2023\/11\/1.-Madrac-Basic-Baby-Patent-MojSan.jpg","width":1000,"height":687},{"@type":"BreadcrumbList","@id":"https:\/\/hutar.si\/sleepingstudiomojsanbyhutar\/izdelek\/vzmetnica-baby-basic-patent\/#breadcrumb","itemListElement":[{"@type":"ListItem","position":1,"name":"Home","item":"https:\/\/hutar.si\/sleepingstudiomojsanbyhutar\/"},{"@type":"ListItem","position":2,"name":"Trgovina","item":"https:\/\/hutar.si\/sleepingstudiomojsanbyhutar\/trgovina\/"},{"@type":"ListItem","position":3,"name":"Le\u017ei\u0161\u010de Baby Basic Patent"}]},{"@type":"WebSite","@id":"https:\/\/hutar.si\/sleepingstudiomojsanbyhutar\/#website","url":"https:\/\/hutar.si\/sleepingstudiomojsanbyhutar\/","name":"Salon pohi\u0161tva Hutar","description":"sleeping studio Ljubljana","publisher":{"@id":"https:\/\/hutar.si\/sleepingstudiomojsanbyhutar\/#organization"},"potentialAction":[{"@type":"SearchAction","target":{"@type":"EntryPoint","urlTemplate":"https:\/\/hutar.si\/sleepingstudiomojsanbyhutar\/?s={search_term_string}"},"query-input":{"@type":"PropertyValueSpecification","valueRequired":true,"valueName":"search_term_string"}}],"inLanguage":"sl-SI"},{"@type":"Organization","@id":"https:\/\/hutar.si\/sleepingstudiomojsanbyhutar\/#organization","name":"Salon pohi\u0161tva Hutar","url":"https:\/\/hutar.si\/sleepingstudiomojsanbyhutar\/","logo":{"@type":"ImageObject","inLanguage":"sl-SI","@id":"https:\/\/hutar.si\/sleepingstudiomojsanbyhutar\/#\/schema\/logo\/image\/","url":"https:\/\/hutar.si\/sleepingstudiomojsanbyhutar\/wp-content\/uploads\/2023\/06\/Hutar-logo-fav-sq.svg","contentUrl":"https:\/\/hutar.si\/sleepingstudiomojsanbyhutar\/wp-content\/uploads\/2023\/06\/Hutar-logo-fav-sq.svg","width":696,"height":696,"caption":"Salon pohi\u0161tva Hutar"},"image":{"@id":"https:\/\/hutar.si\/sleepingstudiomojsanbyhutar\/#\/schema\/logo\/image\/"},"sameAs":["https:\/\/www.facebook.com\/hutarsalonpohistva"]}]}},"_links":{"self":[{"href":"https:\/\/hutar.si\/sleepingstudiomojsanbyhutar\/wp-json\/wp\/v2\/product\/3477","targetHints":{"allow":["GET"]}}],"collection":[{"href":"https:\/\/hutar.si\/sleepingstudiomojsanbyhutar\/wp-json\/wp\/v2\/product"}],"about":[{"href":"https:\/\/hutar.si\/sleepingstudiomojsanbyhutar\/wp-json\/wp\/v2\/types\/product"}],"wp:featuredmedia":[{"embeddable":true,"href":"https:\/\/hutar.si\/sleepingstudiomojsanbyhutar\/wp-json\/wp\/v2\/media\/3480"}],"wp:attachment":[{"href":"https:\/\/hutar.si\/sleepingstudiomojsanbyhutar\/wp-json\/wp\/v2\/media?parent=3477"}],"wp:term":[{"taxonomy":"product_brand","embeddable":true,"href":"https:\/\/hutar.si\/sleepingstudiomojsanbyhutar\/wp-json\/wp\/v2\/product_brand?post=3477"},{"taxonomy":"product_cat","embeddable":true,"href":"https:\/\/hutar.si\/sleepingstudiomojsanbyhutar\/wp-json\/wp\/v2\/product_cat?post=3477"},{"taxonomy":"product_tag","embeddable":true,"href":"https:\/\/hutar.si\/sleepingstudiomojsanbyhutar\/wp-json\/wp\/v2\/product_tag?post=3477"}],"curies":[{"name":"wp","href":"https:\/\/api.w.org\/{rel}","templated":true}]}}