{"id":3823,"date":"2024-01-12T14:25:58","date_gmt":"2024-01-12T13:25:58","guid":{"rendered":"https:\/\/hutar.si\/sleepingstudiomojsanbyhutar\/?post_type=product&#038;p=3823"},"modified":"2025-08-15T12:30:10","modified_gmt":"2025-08-15T10:30:10","slug":"mojsan-baby-uni","status":"publish","type":"product","link":"https:\/\/hutar.si\/sleepingstudiomojsanbyhutar\/izdelek\/mojsan-baby-uni\/","title":{"rendered":"Posteljnina Baby Uni"},"content":{"rendered":"<div class=\"wpb-content-wrapper\"><p>[vc_row][vc_column][vc_column_text]Ne\u017ene barve in razli\u010dni dizajni za miren spanec va\u0161ega otroka!<\/p>\n<p>Posteljnina MojSan BABY, ki jo navdihujejo \u010dudovite pravljice za lahko no\u010d, bo z vrhunsko prevleko poskrbela za \u010dudovito spalno vzdu\u0161je vsakega veselega otroka. Izdelane so iz 100% naravnih bomba\u017enih ranforce vlaken.<\/p>\n<p>MojSan BABY posteljnina je na voljo v dizajnih za fantke Airplane, pun\u010dke Lila in univerzalna opcija Uni.<\/p>\n<p>Posteljnina MojSan \u2026 ker si va\u0161a ko\u017ea to zaslu\u017ei![\/vc_column_text]<div class=\"standard-arrow list-divider bullet-top\"><\/div>[\/vc_column][\/vc_row]<\/p>\n<\/div>","protected":false},"excerpt":{"rendered":"<p id=\"tw-target-text\" class=\"tw-data-text tw-text-large tw-ta\" dir=\"ltr\" data-placeholder=\"Prevod\" data-ved=\"2ahUKEwiwiNKu9deDAxWXgv0HHbgWBTEQ3ewLegQIBRAQ\"><span class=\"Y2IQFc\" lang=\"sl\">Rjuha: 150x120cm<\/span><\/p>\n<p class=\"tw-data-text tw-text-large tw-ta\" dir=\"ltr\" data-placeholder=\"Prevod\" data-ved=\"2ahUKEwiwiNKu9deDAxWXgv0HHbgWBTEQ3ewLegQIBRAQ\"><span class=\"Y2IQFc\" lang=\"sl\">Prevleka za odejo: 135x95cm<\/span><\/p>\n<p class=\"tw-data-text tw-text-large tw-ta\" dir=\"ltr\" data-placeholder=\"Prevod\" data-ved=\"2ahUKEwiwiNKu9deDAxWXgv0HHbgWBTEQ3ewLegQIBRAQ\"><span class=\"Y2IQFc\" lang=\"sl\">Prevleka za vzglavnik: 2x42x32cm<\/span><\/p>\n<p>&nbsp;<\/p>\n<h3><span style=\"color: #009fe1;\"><b> OBRO\u010cNO PLA\u010cEVANJE: <\/b><\/span><\/h3>\n<h3><a href=\"https:\/\/pk.takoleasy.si\/info\/razdeliracun\"><span style=\"color: #000000;\"><b> KALKULATOR<\/b><\/span><\/a><\/h3>\n<p><a href=\"https:\/\/hutar.si\/sleepingstudiomojsanbyhutar\/nakup-na-obroke-1stavno\/\" target=\"blank\" rel=\"noopener\"><img decoding=\"async\" src=\"https:\/\/hutar.si\/sleepingstudiomojsanbyhutar\/wp-content\/uploads\/2024\/10\/Logo-1stavno.jpg\" alt=\"hutar-placilo-na-obroke\" width=\"300px\" \/><\/a><\/p>\n<p>&nbsp;<\/p>\n","protected":false},"featured_media":3824,"template":"","meta":[],"product_brand":[],"product_cat":[230,210],"product_tag":[],"class_list":{"0":"post-3823","1":"product","2":"type-product","3":"status-publish","4":"has-post-thumbnail","6":"product_cat-otroski-program","7":"product_cat-posteljnina","8":"description-off","10":"first","11":"instock-7","12":"taxable","13":"shipping-taxable","14":"purchasable","15":"product-type-simple"},"yoast_head":"<!-- This site is optimized with the Yoast SEO plugin v27.1.1 - https:\/\/yoast.com\/product\/yoast-seo-wordpress\/ -->\n<title>Posteljnina Baby Uni - MojSan\u00ae<\/title>\n<meta name=\"description\" content=\"Vzglavnik MojSan Bamboosa, polnjen z organskimi bambusovimi vlakni v kombinaciji z bomba\u017enimi tkaninami.\" \/>\n<meta name=\"robots\" content=\"index, follow, max-snippet:-1, max-image-preview:large, max-video-preview:-1\" \/>\n<link rel=\"canonical\" href=\"https:\/\/hutar.si\/sleepingstudiomojsanbyhutar\/izdelek\/mojsan-baby-uni\/\" \/>\n<meta property=\"og:locale\" content=\"sl_SI\" \/>\n<meta property=\"og:type\" content=\"article\" \/>\n<meta property=\"og:title\" content=\"Posteljnina Baby Uni - MojSan\u00ae\" \/>\n<meta property=\"og:description\" content=\"Vzglavnik MojSan Bamboosa, polnjen z organskimi bambusovimi vlakni v kombinaciji z bomba\u017enimi tkaninami.\" \/>\n<meta property=\"og:url\" content=\"https:\/\/hutar.si\/sleepingstudiomojsanbyhutar\/izdelek\/mojsan-baby-uni\/\" \/>\n<meta property=\"og:site_name\" content=\"MojSan\u00ae\" \/>\n<meta property=\"article:publisher\" content=\"https:\/\/www.facebook.com\/hutarsalonpohistva\" \/>\n<meta property=\"article:modified_time\" content=\"2025-08-15T10:30:10+00:00\" \/>\n<meta property=\"og:image\" content=\"https:\/\/hutar.si\/sleepingstudiomojsanbyhutar\/wp-content\/uploads\/2024\/01\/Posteljina-MojSan-Baby-Uni.jpg\" \/>\n\t<meta property=\"og:image:width\" content=\"646\" \/>\n\t<meta property=\"og:image:height\" content=\"633\" \/>\n\t<meta property=\"og:image:type\" content=\"image\/jpeg\" \/>\n<meta name=\"twitter:card\" content=\"summary_large_image\" \/>\n<meta name=\"twitter:label1\" content=\"Est. reading time\" \/>\n\t<meta name=\"twitter:data1\" content=\"1 minuta\" \/>\n<script type=\"application\/ld+json\" class=\"yoast-schema-graph\">{\"@context\":\"https:\/\/schema.org\",\"@graph\":[{\"@type\":\"WebPage\",\"@id\":\"https:\/\/hutar.si\/sleepingstudiomojsanbyhutar\/izdelek\/mojsan-baby-uni\/\",\"url\":\"https:\/\/hutar.si\/sleepingstudiomojsanbyhutar\/izdelek\/mojsan-baby-uni\/\",\"name\":\"Posteljnina Baby Uni - MojSan\u00ae\",\"isPartOf\":{\"@id\":\"https:\/\/hutar.si\/sleepingstudiomojsanbyhutar\/#website\"},\"primaryImageOfPage\":{\"@id\":\"https:\/\/hutar.si\/sleepingstudiomojsanbyhutar\/izdelek\/mojsan-baby-uni\/#primaryimage\"},\"image\":{\"@id\":\"https:\/\/hutar.si\/sleepingstudiomojsanbyhutar\/izdelek\/mojsan-baby-uni\/#primaryimage\"},\"thumbnailUrl\":\"https:\/\/hutar.si\/sleepingstudiomojsanbyhutar\/wp-content\/uploads\/2024\/01\/Posteljina-MojSan-Baby-Uni.jpg\",\"datePublished\":\"2024-01-12T13:25:58+00:00\",\"dateModified\":\"2025-08-15T10:30:10+00:00\",\"description\":\"Vzglavnik MojSan Bamboosa, polnjen z organskimi bambusovimi vlakni v kombinaciji z bomba\u017enimi tkaninami.\",\"breadcrumb\":{\"@id\":\"https:\/\/hutar.si\/sleepingstudiomojsanbyhutar\/izdelek\/mojsan-baby-uni\/#breadcrumb\"},\"inLanguage\":\"sl-SI\",\"potentialAction\":[{\"@type\":\"ReadAction\",\"target\":[\"https:\/\/hutar.si\/sleepingstudiomojsanbyhutar\/izdelek\/mojsan-baby-uni\/\"]}]},{\"@type\":\"ImageObject\",\"inLanguage\":\"sl-SI\",\"@id\":\"https:\/\/hutar.si\/sleepingstudiomojsanbyhutar\/izdelek\/mojsan-baby-uni\/#primaryimage\",\"url\":\"https:\/\/hutar.si\/sleepingstudiomojsanbyhutar\/wp-content\/uploads\/2024\/01\/Posteljina-MojSan-Baby-Uni.jpg\",\"contentUrl\":\"https:\/\/hutar.si\/sleepingstudiomojsanbyhutar\/wp-content\/uploads\/2024\/01\/Posteljina-MojSan-Baby-Uni.jpg\",\"width\":646,\"height\":633},{\"@type\":\"BreadcrumbList\",\"@id\":\"https:\/\/hutar.si\/sleepingstudiomojsanbyhutar\/izdelek\/mojsan-baby-uni\/#breadcrumb\",\"itemListElement\":[{\"@type\":\"ListItem\",\"position\":1,\"name\":\"Home\",\"item\":\"https:\/\/hutar.si\/sleepingstudiomojsanbyhutar\/\"},{\"@type\":\"ListItem\",\"position\":2,\"name\":\"Trgovina\",\"item\":\"https:\/\/hutar.si\/sleepingstudiomojsanbyhutar\/trgovina\/\"},{\"@type\":\"ListItem\",\"position\":3,\"name\":\"Posteljnina Baby Uni\"}]},{\"@type\":\"WebSite\",\"@id\":\"https:\/\/hutar.si\/sleepingstudiomojsanbyhutar\/#website\",\"url\":\"https:\/\/hutar.si\/sleepingstudiomojsanbyhutar\/\",\"name\":\"Salon pohi\u0161tva Hutar\",\"description\":\"sleeping studio Ljubljana\",\"publisher\":{\"@id\":\"https:\/\/hutar.si\/sleepingstudiomojsanbyhutar\/#organization\"},\"potentialAction\":[{\"@type\":\"SearchAction\",\"target\":{\"@type\":\"EntryPoint\",\"urlTemplate\":\"https:\/\/hutar.si\/sleepingstudiomojsanbyhutar\/?s={search_term_string}\"},\"query-input\":{\"@type\":\"PropertyValueSpecification\",\"valueRequired\":true,\"valueName\":\"search_term_string\"}}],\"inLanguage\":\"sl-SI\"},{\"@type\":\"Organization\",\"@id\":\"https:\/\/hutar.si\/sleepingstudiomojsanbyhutar\/#organization\",\"name\":\"Salon pohi\u0161tva Hutar\",\"url\":\"https:\/\/hutar.si\/sleepingstudiomojsanbyhutar\/\",\"logo\":{\"@type\":\"ImageObject\",\"inLanguage\":\"sl-SI\",\"@id\":\"https:\/\/hutar.si\/sleepingstudiomojsanbyhutar\/#\/schema\/logo\/image\/\",\"url\":\"https:\/\/hutar.si\/sleepingstudiomojsanbyhutar\/wp-content\/uploads\/2023\/06\/Hutar-logo-fav-sq.svg\",\"contentUrl\":\"https:\/\/hutar.si\/sleepingstudiomojsanbyhutar\/wp-content\/uploads\/2023\/06\/Hutar-logo-fav-sq.svg\",\"width\":696,\"height\":696,\"caption\":\"Salon pohi\u0161tva Hutar\"},\"image\":{\"@id\":\"https:\/\/hutar.si\/sleepingstudiomojsanbyhutar\/#\/schema\/logo\/image\/\"},\"sameAs\":[\"https:\/\/www.facebook.com\/hutarsalonpohistva\"]}]}<\/script>\n<!-- \/ Yoast SEO plugin. -->","yoast_head_json":{"title":"Posteljnina Baby Uni - MojSan\u00ae","description":"Vzglavnik MojSan Bamboosa, polnjen z organskimi bambusovimi vlakni v kombinaciji z bomba\u017enimi tkaninami.","robots":{"index":"index","follow":"follow","max-snippet":"max-snippet:-1","max-image-preview":"max-image-preview:large","max-video-preview":"max-video-preview:-1"},"canonical":"https:\/\/hutar.si\/sleepingstudiomojsanbyhutar\/izdelek\/mojsan-baby-uni\/","og_locale":"sl_SI","og_type":"article","og_title":"Posteljnina Baby Uni - MojSan\u00ae","og_description":"Vzglavnik MojSan Bamboosa, polnjen z organskimi bambusovimi vlakni v kombinaciji z bomba\u017enimi tkaninami.","og_url":"https:\/\/hutar.si\/sleepingstudiomojsanbyhutar\/izdelek\/mojsan-baby-uni\/","og_site_name":"MojSan\u00ae","article_publisher":"https:\/\/www.facebook.com\/hutarsalonpohistva","article_modified_time":"2025-08-15T10:30:10+00:00","og_image":[{"width":646,"height":633,"url":"https:\/\/hutar.si\/sleepingstudiomojsanbyhutar\/wp-content\/uploads\/2024\/01\/Posteljina-MojSan-Baby-Uni.jpg","type":"image\/jpeg"}],"twitter_card":"summary_large_image","twitter_misc":{"Est. reading time":"1 minuta"},"schema":{"@context":"https:\/\/schema.org","@graph":[{"@type":"WebPage","@id":"https:\/\/hutar.si\/sleepingstudiomojsanbyhutar\/izdelek\/mojsan-baby-uni\/","url":"https:\/\/hutar.si\/sleepingstudiomojsanbyhutar\/izdelek\/mojsan-baby-uni\/","name":"Posteljnina Baby Uni - MojSan\u00ae","isPartOf":{"@id":"https:\/\/hutar.si\/sleepingstudiomojsanbyhutar\/#website"},"primaryImageOfPage":{"@id":"https:\/\/hutar.si\/sleepingstudiomojsanbyhutar\/izdelek\/mojsan-baby-uni\/#primaryimage"},"image":{"@id":"https:\/\/hutar.si\/sleepingstudiomojsanbyhutar\/izdelek\/mojsan-baby-uni\/#primaryimage"},"thumbnailUrl":"https:\/\/hutar.si\/sleepingstudiomojsanbyhutar\/wp-content\/uploads\/2024\/01\/Posteljina-MojSan-Baby-Uni.jpg","datePublished":"2024-01-12T13:25:58+00:00","dateModified":"2025-08-15T10:30:10+00:00","description":"Vzglavnik MojSan Bamboosa, polnjen z organskimi bambusovimi vlakni v kombinaciji z bomba\u017enimi tkaninami.","breadcrumb":{"@id":"https:\/\/hutar.si\/sleepingstudiomojsanbyhutar\/izdelek\/mojsan-baby-uni\/#breadcrumb"},"inLanguage":"sl-SI","potentialAction":[{"@type":"ReadAction","target":["https:\/\/hutar.si\/sleepingstudiomojsanbyhutar\/izdelek\/mojsan-baby-uni\/"]}]},{"@type":"ImageObject","inLanguage":"sl-SI","@id":"https:\/\/hutar.si\/sleepingstudiomojsanbyhutar\/izdelek\/mojsan-baby-uni\/#primaryimage","url":"https:\/\/hutar.si\/sleepingstudiomojsanbyhutar\/wp-content\/uploads\/2024\/01\/Posteljina-MojSan-Baby-Uni.jpg","contentUrl":"https:\/\/hutar.si\/sleepingstudiomojsanbyhutar\/wp-content\/uploads\/2024\/01\/Posteljina-MojSan-Baby-Uni.jpg","width":646,"height":633},{"@type":"BreadcrumbList","@id":"https:\/\/hutar.si\/sleepingstudiomojsanbyhutar\/izdelek\/mojsan-baby-uni\/#breadcrumb","itemListElement":[{"@type":"ListItem","position":1,"name":"Home","item":"https:\/\/hutar.si\/sleepingstudiomojsanbyhutar\/"},{"@type":"ListItem","position":2,"name":"Trgovina","item":"https:\/\/hutar.si\/sleepingstudiomojsanbyhutar\/trgovina\/"},{"@type":"ListItem","position":3,"name":"Posteljnina Baby Uni"}]},{"@type":"WebSite","@id":"https:\/\/hutar.si\/sleepingstudiomojsanbyhutar\/#website","url":"https:\/\/hutar.si\/sleepingstudiomojsanbyhutar\/","name":"Salon pohi\u0161tva Hutar","description":"sleeping studio Ljubljana","publisher":{"@id":"https:\/\/hutar.si\/sleepingstudiomojsanbyhutar\/#organization"},"potentialAction":[{"@type":"SearchAction","target":{"@type":"EntryPoint","urlTemplate":"https:\/\/hutar.si\/sleepingstudiomojsanbyhutar\/?s={search_term_string}"},"query-input":{"@type":"PropertyValueSpecification","valueRequired":true,"valueName":"search_term_string"}}],"inLanguage":"sl-SI"},{"@type":"Organization","@id":"https:\/\/hutar.si\/sleepingstudiomojsanbyhutar\/#organization","name":"Salon pohi\u0161tva Hutar","url":"https:\/\/hutar.si\/sleepingstudiomojsanbyhutar\/","logo":{"@type":"ImageObject","inLanguage":"sl-SI","@id":"https:\/\/hutar.si\/sleepingstudiomojsanbyhutar\/#\/schema\/logo\/image\/","url":"https:\/\/hutar.si\/sleepingstudiomojsanbyhutar\/wp-content\/uploads\/2023\/06\/Hutar-logo-fav-sq.svg","contentUrl":"https:\/\/hutar.si\/sleepingstudiomojsanbyhutar\/wp-content\/uploads\/2023\/06\/Hutar-logo-fav-sq.svg","width":696,"height":696,"caption":"Salon pohi\u0161tva Hutar"},"image":{"@id":"https:\/\/hutar.si\/sleepingstudiomojsanbyhutar\/#\/schema\/logo\/image\/"},"sameAs":["https:\/\/www.facebook.com\/hutarsalonpohistva"]}]}},"_links":{"self":[{"href":"https:\/\/hutar.si\/sleepingstudiomojsanbyhutar\/wp-json\/wp\/v2\/product\/3823","targetHints":{"allow":["GET"]}}],"collection":[{"href":"https:\/\/hutar.si\/sleepingstudiomojsanbyhutar\/wp-json\/wp\/v2\/product"}],"about":[{"href":"https:\/\/hutar.si\/sleepingstudiomojsanbyhutar\/wp-json\/wp\/v2\/types\/product"}],"wp:featuredmedia":[{"embeddable":true,"href":"https:\/\/hutar.si\/sleepingstudiomojsanbyhutar\/wp-json\/wp\/v2\/media\/3824"}],"wp:attachment":[{"href":"https:\/\/hutar.si\/sleepingstudiomojsanbyhutar\/wp-json\/wp\/v2\/media?parent=3823"}],"wp:term":[{"taxonomy":"product_brand","embeddable":true,"href":"https:\/\/hutar.si\/sleepingstudiomojsanbyhutar\/wp-json\/wp\/v2\/product_brand?post=3823"},{"taxonomy":"product_cat","embeddable":true,"href":"https:\/\/hutar.si\/sleepingstudiomojsanbyhutar\/wp-json\/wp\/v2\/product_cat?post=3823"},{"taxonomy":"product_tag","embeddable":true,"href":"https:\/\/hutar.si\/sleepingstudiomojsanbyhutar\/wp-json\/wp\/v2\/product_tag?post=3823"}],"curies":[{"name":"wp","href":"https:\/\/api.w.org\/{rel}","templated":true}]}}