{"id":3838,"date":"2024-01-12T15:58:50","date_gmt":"2024-01-12T14:58:50","guid":{"rendered":"https:\/\/hutar.si\/sleepingstudiomojsanbyhutar\/?post_type=product&#038;p=3838"},"modified":"2024-10-10T12:59:56","modified_gmt":"2024-10-10T10:59:56","slug":"mojsan-satin-bordo","status":"publish","type":"product","link":"https:\/\/hutar.si\/sleepingstudiomojsanbyhutar\/izdelek\/mojsan-satin-bordo\/","title":{"rendered":"Posteljnina Satin BORDO"},"content":{"rendered":"<div class=\"wpb-content-wrapper\"><p>[vc_row][vc_column][vc_column_text]Ne\u017ene barve in razli\u010dni dizajni za va\u0161 prijeten spanec!<\/p>\n<p>Posteljnina MojSan SATIN za popolno spro\u0161\u010dujo\u010de spalno okolje. Izdelane so iz 100% naravnih bomba\u017enih satenastih vlaken, ki so izjemno prijetni na otip. \u010ce si \u017eelite privo\u0161\u010diti vrhunsko in prijetno spalno okolje, potem je posteljnina iz bomba\u017enega satena idealna za vas, saj je vrhunec na\u0161e kolekcije!<\/p>\n<p>Posteljnina MojSan je na voljo v standardnih enojnih in dvoposteljnih velikostih. Imamo \u0161irok izbor dizajnov, ki bodo polep\u0161ali va\u0161o spalnico in vnesli pridih sve\u017eine vsaki\u010d, ko se zjutraj zbudite. Posteljnina je na voljo v ve\u010d izvedbah.<\/p>\n<p>Posteljnina MojSan \u2026ker si va\u0161a ko\u017ea to zaslu\u017ei![\/vc_column_text]<div class=\"standard-arrow list-divider bullet-top\"><\/div>[\/vc_column][\/vc_row]<\/p>\n<\/div>","protected":false},"excerpt":{"rendered":"<p>Dve dimenzije&nbsp;<\/p>\n<h3><span style=\"color: #009fe1;\"><b> OBRO\u010cNO PLA\u010cEVANJE: <\/b><\/span><\/h3>\n<h3><a href=\"https:\/\/pk.takoleasy.si\/info\/razdeliracun\"><span style=\"color: #000000;\"><b> KALKULATOR<\/b><\/span><\/a><\/h3>\n<p><a href=\"https:\/\/hutar.si\/sleepingstudiomojsanbyhutar\/nakup-na-obroke-1stavno\/\" target=\"blank\" rel=\"noopener\"><img decoding=\"async\" src=\"https:\/\/hutar.si\/sleepingstudiomojsanbyhutar\/wp-content\/uploads\/2024\/10\/Logo-1stavno.jpg\" alt=\"hutar-placilo-na-obroke\" width=\"300px\" \/><\/a><\/p>\n<p>&nbsp;<\/p>\n","protected":false},"featured_media":3839,"template":"","meta":[],"product_brand":[],"product_cat":[210],"product_tag":[],"class_list":{"0":"post-3838","1":"product","2":"type-product","3":"status-publish","4":"has-post-thumbnail","6":"product_cat-posteljnina","7":"description-off","9":"first","10":"outofstock","11":"taxable","12":"shipping-taxable","13":"purchasable","14":"product-type-variable"},"yoast_head":"<!-- This site is optimized with the Yoast SEO plugin v27.1.1 - https:\/\/yoast.com\/product\/yoast-seo-wordpress\/ -->\n<title>Posteljnina Satin BORDO - MojSan\u00ae<\/title>\n<meta name=\"description\" content=\"Vzglavnik MojSan Bamboosa, polnjen z organskimi bambusovimi vlakni v kombinaciji z bomba\u017enimi tkaninami.\" \/>\n<meta name=\"robots\" content=\"index, follow, max-snippet:-1, max-image-preview:large, max-video-preview:-1\" \/>\n<link rel=\"canonical\" href=\"https:\/\/hutar.si\/sleepingstudiomojsanbyhutar\/izdelek\/mojsan-satin-bordo\/\" \/>\n<meta property=\"og:locale\" content=\"sl_SI\" \/>\n<meta property=\"og:type\" content=\"article\" \/>\n<meta property=\"og:title\" content=\"Posteljnina Satin BORDO - MojSan\u00ae\" \/>\n<meta property=\"og:description\" content=\"Vzglavnik MojSan Bamboosa, polnjen z organskimi bambusovimi vlakni v kombinaciji z bomba\u017enimi tkaninami.\" \/>\n<meta property=\"og:url\" content=\"https:\/\/hutar.si\/sleepingstudiomojsanbyhutar\/izdelek\/mojsan-satin-bordo\/\" \/>\n<meta property=\"og:site_name\" content=\"MojSan\u00ae\" \/>\n<meta property=\"article:publisher\" content=\"https:\/\/www.facebook.com\/hutarsalonpohistva\" \/>\n<meta property=\"article:modified_time\" content=\"2024-10-10T10:59:56+00:00\" \/>\n<meta property=\"og:image\" content=\"https:\/\/hutar.si\/sleepingstudiomojsanbyhutar\/wp-content\/uploads\/2024\/01\/1.-Posteljina-MojSan-satin-Bordo.jpg\" \/>\n\t<meta property=\"og:image:width\" content=\"948\" \/>\n\t<meta property=\"og:image:height\" content=\"760\" \/>\n\t<meta property=\"og:image:type\" content=\"image\/jpeg\" \/>\n<meta name=\"twitter:card\" content=\"summary_large_image\" \/>\n<meta name=\"twitter:label1\" content=\"Est. reading time\" \/>\n\t<meta name=\"twitter:data1\" content=\"1 minuta\" \/>\n<script type=\"application\/ld+json\" class=\"yoast-schema-graph\">{\"@context\":\"https:\/\/schema.org\",\"@graph\":[{\"@type\":\"WebPage\",\"@id\":\"https:\/\/hutar.si\/sleepingstudiomojsanbyhutar\/izdelek\/mojsan-satin-bordo\/\",\"url\":\"https:\/\/hutar.si\/sleepingstudiomojsanbyhutar\/izdelek\/mojsan-satin-bordo\/\",\"name\":\"Posteljnina Satin BORDO - MojSan\u00ae\",\"isPartOf\":{\"@id\":\"https:\/\/hutar.si\/sleepingstudiomojsanbyhutar\/#website\"},\"primaryImageOfPage\":{\"@id\":\"https:\/\/hutar.si\/sleepingstudiomojsanbyhutar\/izdelek\/mojsan-satin-bordo\/#primaryimage\"},\"image\":{\"@id\":\"https:\/\/hutar.si\/sleepingstudiomojsanbyhutar\/izdelek\/mojsan-satin-bordo\/#primaryimage\"},\"thumbnailUrl\":\"https:\/\/hutar.si\/sleepingstudiomojsanbyhutar\/wp-content\/uploads\/2024\/01\/1.-Posteljina-MojSan-satin-Bordo.jpg\",\"datePublished\":\"2024-01-12T14:58:50+00:00\",\"dateModified\":\"2024-10-10T10:59:56+00:00\",\"description\":\"Vzglavnik MojSan Bamboosa, polnjen z organskimi bambusovimi vlakni v kombinaciji z bomba\u017enimi tkaninami.\",\"breadcrumb\":{\"@id\":\"https:\/\/hutar.si\/sleepingstudiomojsanbyhutar\/izdelek\/mojsan-satin-bordo\/#breadcrumb\"},\"inLanguage\":\"sl-SI\",\"potentialAction\":[{\"@type\":\"ReadAction\",\"target\":[\"https:\/\/hutar.si\/sleepingstudiomojsanbyhutar\/izdelek\/mojsan-satin-bordo\/\"]}]},{\"@type\":\"ImageObject\",\"inLanguage\":\"sl-SI\",\"@id\":\"https:\/\/hutar.si\/sleepingstudiomojsanbyhutar\/izdelek\/mojsan-satin-bordo\/#primaryimage\",\"url\":\"https:\/\/hutar.si\/sleepingstudiomojsanbyhutar\/wp-content\/uploads\/2024\/01\/1.-Posteljina-MojSan-satin-Bordo.jpg\",\"contentUrl\":\"https:\/\/hutar.si\/sleepingstudiomojsanbyhutar\/wp-content\/uploads\/2024\/01\/1.-Posteljina-MojSan-satin-Bordo.jpg\",\"width\":948,\"height\":760},{\"@type\":\"BreadcrumbList\",\"@id\":\"https:\/\/hutar.si\/sleepingstudiomojsanbyhutar\/izdelek\/mojsan-satin-bordo\/#breadcrumb\",\"itemListElement\":[{\"@type\":\"ListItem\",\"position\":1,\"name\":\"Home\",\"item\":\"https:\/\/hutar.si\/sleepingstudiomojsanbyhutar\/\"},{\"@type\":\"ListItem\",\"position\":2,\"name\":\"Trgovina\",\"item\":\"https:\/\/hutar.si\/sleepingstudiomojsanbyhutar\/trgovina\/\"},{\"@type\":\"ListItem\",\"position\":3,\"name\":\"Posteljnina Satin BORDO\"}]},{\"@type\":\"WebSite\",\"@id\":\"https:\/\/hutar.si\/sleepingstudiomojsanbyhutar\/#website\",\"url\":\"https:\/\/hutar.si\/sleepingstudiomojsanbyhutar\/\",\"name\":\"Salon pohi\u0161tva Hutar\",\"description\":\"sleeping studio Ljubljana\",\"publisher\":{\"@id\":\"https:\/\/hutar.si\/sleepingstudiomojsanbyhutar\/#organization\"},\"potentialAction\":[{\"@type\":\"SearchAction\",\"target\":{\"@type\":\"EntryPoint\",\"urlTemplate\":\"https:\/\/hutar.si\/sleepingstudiomojsanbyhutar\/?s={search_term_string}\"},\"query-input\":{\"@type\":\"PropertyValueSpecification\",\"valueRequired\":true,\"valueName\":\"search_term_string\"}}],\"inLanguage\":\"sl-SI\"},{\"@type\":\"Organization\",\"@id\":\"https:\/\/hutar.si\/sleepingstudiomojsanbyhutar\/#organization\",\"name\":\"Salon pohi\u0161tva Hutar\",\"url\":\"https:\/\/hutar.si\/sleepingstudiomojsanbyhutar\/\",\"logo\":{\"@type\":\"ImageObject\",\"inLanguage\":\"sl-SI\",\"@id\":\"https:\/\/hutar.si\/sleepingstudiomojsanbyhutar\/#\/schema\/logo\/image\/\",\"url\":\"https:\/\/hutar.si\/sleepingstudiomojsanbyhutar\/wp-content\/uploads\/2023\/06\/Hutar-logo-fav-sq.svg\",\"contentUrl\":\"https:\/\/hutar.si\/sleepingstudiomojsanbyhutar\/wp-content\/uploads\/2023\/06\/Hutar-logo-fav-sq.svg\",\"width\":696,\"height\":696,\"caption\":\"Salon pohi\u0161tva Hutar\"},\"image\":{\"@id\":\"https:\/\/hutar.si\/sleepingstudiomojsanbyhutar\/#\/schema\/logo\/image\/\"},\"sameAs\":[\"https:\/\/www.facebook.com\/hutarsalonpohistva\"]}]}<\/script>\n<!-- \/ Yoast SEO plugin. -->","yoast_head_json":{"title":"Posteljnina Satin BORDO - MojSan\u00ae","description":"Vzglavnik MojSan Bamboosa, polnjen z organskimi bambusovimi vlakni v kombinaciji z bomba\u017enimi tkaninami.","robots":{"index":"index","follow":"follow","max-snippet":"max-snippet:-1","max-image-preview":"max-image-preview:large","max-video-preview":"max-video-preview:-1"},"canonical":"https:\/\/hutar.si\/sleepingstudiomojsanbyhutar\/izdelek\/mojsan-satin-bordo\/","og_locale":"sl_SI","og_type":"article","og_title":"Posteljnina Satin BORDO - MojSan\u00ae","og_description":"Vzglavnik MojSan Bamboosa, polnjen z organskimi bambusovimi vlakni v kombinaciji z bomba\u017enimi tkaninami.","og_url":"https:\/\/hutar.si\/sleepingstudiomojsanbyhutar\/izdelek\/mojsan-satin-bordo\/","og_site_name":"MojSan\u00ae","article_publisher":"https:\/\/www.facebook.com\/hutarsalonpohistva","article_modified_time":"2024-10-10T10:59:56+00:00","og_image":[{"width":948,"height":760,"url":"https:\/\/hutar.si\/sleepingstudiomojsanbyhutar\/wp-content\/uploads\/2024\/01\/1.-Posteljina-MojSan-satin-Bordo.jpg","type":"image\/jpeg"}],"twitter_card":"summary_large_image","twitter_misc":{"Est. reading time":"1 minuta"},"schema":{"@context":"https:\/\/schema.org","@graph":[{"@type":"WebPage","@id":"https:\/\/hutar.si\/sleepingstudiomojsanbyhutar\/izdelek\/mojsan-satin-bordo\/","url":"https:\/\/hutar.si\/sleepingstudiomojsanbyhutar\/izdelek\/mojsan-satin-bordo\/","name":"Posteljnina Satin BORDO - MojSan\u00ae","isPartOf":{"@id":"https:\/\/hutar.si\/sleepingstudiomojsanbyhutar\/#website"},"primaryImageOfPage":{"@id":"https:\/\/hutar.si\/sleepingstudiomojsanbyhutar\/izdelek\/mojsan-satin-bordo\/#primaryimage"},"image":{"@id":"https:\/\/hutar.si\/sleepingstudiomojsanbyhutar\/izdelek\/mojsan-satin-bordo\/#primaryimage"},"thumbnailUrl":"https:\/\/hutar.si\/sleepingstudiomojsanbyhutar\/wp-content\/uploads\/2024\/01\/1.-Posteljina-MojSan-satin-Bordo.jpg","datePublished":"2024-01-12T14:58:50+00:00","dateModified":"2024-10-10T10:59:56+00:00","description":"Vzglavnik MojSan Bamboosa, polnjen z organskimi bambusovimi vlakni v kombinaciji z bomba\u017enimi tkaninami.","breadcrumb":{"@id":"https:\/\/hutar.si\/sleepingstudiomojsanbyhutar\/izdelek\/mojsan-satin-bordo\/#breadcrumb"},"inLanguage":"sl-SI","potentialAction":[{"@type":"ReadAction","target":["https:\/\/hutar.si\/sleepingstudiomojsanbyhutar\/izdelek\/mojsan-satin-bordo\/"]}]},{"@type":"ImageObject","inLanguage":"sl-SI","@id":"https:\/\/hutar.si\/sleepingstudiomojsanbyhutar\/izdelek\/mojsan-satin-bordo\/#primaryimage","url":"https:\/\/hutar.si\/sleepingstudiomojsanbyhutar\/wp-content\/uploads\/2024\/01\/1.-Posteljina-MojSan-satin-Bordo.jpg","contentUrl":"https:\/\/hutar.si\/sleepingstudiomojsanbyhutar\/wp-content\/uploads\/2024\/01\/1.-Posteljina-MojSan-satin-Bordo.jpg","width":948,"height":760},{"@type":"BreadcrumbList","@id":"https:\/\/hutar.si\/sleepingstudiomojsanbyhutar\/izdelek\/mojsan-satin-bordo\/#breadcrumb","itemListElement":[{"@type":"ListItem","position":1,"name":"Home","item":"https:\/\/hutar.si\/sleepingstudiomojsanbyhutar\/"},{"@type":"ListItem","position":2,"name":"Trgovina","item":"https:\/\/hutar.si\/sleepingstudiomojsanbyhutar\/trgovina\/"},{"@type":"ListItem","position":3,"name":"Posteljnina Satin BORDO"}]},{"@type":"WebSite","@id":"https:\/\/hutar.si\/sleepingstudiomojsanbyhutar\/#website","url":"https:\/\/hutar.si\/sleepingstudiomojsanbyhutar\/","name":"Salon pohi\u0161tva Hutar","description":"sleeping studio Ljubljana","publisher":{"@id":"https:\/\/hutar.si\/sleepingstudiomojsanbyhutar\/#organization"},"potentialAction":[{"@type":"SearchAction","target":{"@type":"EntryPoint","urlTemplate":"https:\/\/hutar.si\/sleepingstudiomojsanbyhutar\/?s={search_term_string}"},"query-input":{"@type":"PropertyValueSpecification","valueRequired":true,"valueName":"search_term_string"}}],"inLanguage":"sl-SI"},{"@type":"Organization","@id":"https:\/\/hutar.si\/sleepingstudiomojsanbyhutar\/#organization","name":"Salon pohi\u0161tva Hutar","url":"https:\/\/hutar.si\/sleepingstudiomojsanbyhutar\/","logo":{"@type":"ImageObject","inLanguage":"sl-SI","@id":"https:\/\/hutar.si\/sleepingstudiomojsanbyhutar\/#\/schema\/logo\/image\/","url":"https:\/\/hutar.si\/sleepingstudiomojsanbyhutar\/wp-content\/uploads\/2023\/06\/Hutar-logo-fav-sq.svg","contentUrl":"https:\/\/hutar.si\/sleepingstudiomojsanbyhutar\/wp-content\/uploads\/2023\/06\/Hutar-logo-fav-sq.svg","width":696,"height":696,"caption":"Salon pohi\u0161tva Hutar"},"image":{"@id":"https:\/\/hutar.si\/sleepingstudiomojsanbyhutar\/#\/schema\/logo\/image\/"},"sameAs":["https:\/\/www.facebook.com\/hutarsalonpohistva"]}]}},"_links":{"self":[{"href":"https:\/\/hutar.si\/sleepingstudiomojsanbyhutar\/wp-json\/wp\/v2\/product\/3838","targetHints":{"allow":["GET"]}}],"collection":[{"href":"https:\/\/hutar.si\/sleepingstudiomojsanbyhutar\/wp-json\/wp\/v2\/product"}],"about":[{"href":"https:\/\/hutar.si\/sleepingstudiomojsanbyhutar\/wp-json\/wp\/v2\/types\/product"}],"wp:featuredmedia":[{"embeddable":true,"href":"https:\/\/hutar.si\/sleepingstudiomojsanbyhutar\/wp-json\/wp\/v2\/media\/3839"}],"wp:attachment":[{"href":"https:\/\/hutar.si\/sleepingstudiomojsanbyhutar\/wp-json\/wp\/v2\/media?parent=3838"}],"wp:term":[{"taxonomy":"product_brand","embeddable":true,"href":"https:\/\/hutar.si\/sleepingstudiomojsanbyhutar\/wp-json\/wp\/v2\/product_brand?post=3838"},{"taxonomy":"product_cat","embeddable":true,"href":"https:\/\/hutar.si\/sleepingstudiomojsanbyhutar\/wp-json\/wp\/v2\/product_cat?post=3838"},{"taxonomy":"product_tag","embeddable":true,"href":"https:\/\/hutar.si\/sleepingstudiomojsanbyhutar\/wp-json\/wp\/v2\/product_tag?post=3838"}],"curies":[{"name":"wp","href":"https:\/\/api.w.org\/{rel}","templated":true}]}}