{"id":3858,"date":"2024-01-12T16:36:45","date_gmt":"2024-01-12T15:36:45","guid":{"rendered":"https:\/\/hutar.si\/sleepingstudiomojsanbyhutar\/?post_type=product&#038;p=3858"},"modified":"2024-10-10T12:57:10","modified_gmt":"2024-10-10T10:57:10","slug":"odeja-volna","status":"publish","type":"product","link":"https:\/\/hutar.si\/sleepingstudiomojsanbyhutar\/izdelek\/odeja-volna\/","title":{"rendered":"Pre\u0161ita odeja Volna"},"content":{"rendered":"<ul>\n<li>Izdelano iz 100% naravnih materialov<\/li>\n<li>Polnilo iz 500 gramske plasti volnenih vlaken za idealno spalno okolje<\/li>\n<li>Podloga iz visokokakovostne bomba\u017ene tkanine<\/li>\n<li>Prakti\u010dna in pralna prevleka z dolgo \u017eivljenjsko dobo in vzdr\u017eljivostjo<\/li>\n<\/ul>\n<p>Odeja MojSan Volna je prakti\u010dna odeja s polnilom iz naravnih volnenih vlaken, prekrita s 100% bomba\u017enim platnom. Volna kot naravni izolator z zmo\u017enostjo uravnavanja spalne temperature poleti diha s telesom in odvaja vlago, tako da ne \u010dutite toplote, pozimi pa deluje kot izolator, ko ohranja telesno temperaturo. Visokokakovostni materiali, uporabljeni za izdelavo tega izdelka, zagotavljajo dolgo \u017eivljenjsko dobo izdelka. Pre\u0161ita odeja je na voljo v petih razli\u010dnih dimenzijah: 200&#215;140, 200&#215;200, 220&#215;200.<\/p>\n<p>&nbsp;<\/p>\n<p>Nagradite sebe in svojo dru\u017eino s kakovostnimi odejami iz programa MojSan. Na\u0161e odeje so rezultat izpopolnjevanja proizvodnje v skladu z najvi\u0161jimi svetovnimi zdravstvenimi standardi. Izjemne toplotne lastnosti materiala, iz katerega je izdelan, zagotavljajo popolne pogoje za zdrav in prijeten spanec v skladu z va\u0161imi spalnimi navadami.<\/p>\n","protected":false},"excerpt":{"rendered":"<p>&nbsp;<\/p>\n<h3><span style=\"color: #009fe1;\"><b> OBRO\u010cNO PLA\u010cEVANJE: <\/b><\/span><\/h3>\n<h3><a href=\"https:\/\/pk.takoleasy.si\/info\/razdeliracun\"><span style=\"color: #000000;\"><b> KALKULATOR<\/b><\/span><\/a><\/h3>\n<p><a href=\"https:\/\/hutar.si\/sleepingstudiomojsanbyhutar\/nakup-na-obroke-1stavno\/\" target=\"blank\" rel=\"noopener\"><img decoding=\"async\" src=\"https:\/\/hutar.si\/sleepingstudiomojsanbyhutar\/wp-content\/uploads\/2024\/10\/Logo-1stavno.jpg\" alt=\"hutar-placilo-na-obroke\" width=\"300px\" \/><\/a><\/p>\n<p>&nbsp;<\/p>\n","protected":false},"featured_media":3859,"template":"","meta":[],"product_brand":[],"product_cat":[209],"product_tag":[],"class_list":{"0":"post-3858","1":"product","2":"type-product","3":"status-publish","4":"has-post-thumbnail","6":"product_cat-odeje","7":"description-off","9":"first","10":"outofstock","11":"taxable","12":"shipping-taxable","13":"purchasable","14":"product-type-variable"},"yoast_head":"<!-- This site is optimized with the Yoast SEO plugin v27.1.1 - https:\/\/yoast.com\/product\/yoast-seo-wordpress\/ -->\n<title>Pre\u0161ita odeja Volna - MojSan\u00ae<\/title>\n<meta name=\"robots\" content=\"index, follow, max-snippet:-1, max-image-preview:large, max-video-preview:-1\" \/>\n<link rel=\"canonical\" href=\"https:\/\/hutar.si\/sleepingstudiomojsanbyhutar\/izdelek\/odeja-volna\/\" \/>\n<meta property=\"og:locale\" content=\"sl_SI\" \/>\n<meta property=\"og:type\" content=\"article\" \/>\n<meta property=\"og:title\" content=\"Pre\u0161ita odeja Volna - MojSan\u00ae\" \/>\n<meta property=\"og:description\" content=\"&nbsp; OBRO\u010cNO PLA\u010cEVANJE:  KALKULATOR  &nbsp;\" \/>\n<meta property=\"og:url\" content=\"https:\/\/hutar.si\/sleepingstudiomojsanbyhutar\/izdelek\/odeja-volna\/\" \/>\n<meta property=\"og:site_name\" content=\"MojSan\u00ae\" \/>\n<meta property=\"article:publisher\" content=\"https:\/\/www.facebook.com\/hutarsalonpohistva\" \/>\n<meta property=\"article:modified_time\" content=\"2024-10-10T10:57:10+00:00\" \/>\n<meta property=\"og:image\" content=\"https:\/\/hutar.si\/sleepingstudiomojsanbyhutar\/wp-content\/uploads\/2024\/01\/1.-Jorgan-Vuna-MojSan.jpg\" \/>\n\t<meta property=\"og:image:width\" content=\"1000\" \/>\n\t<meta property=\"og:image:height\" content=\"687\" \/>\n\t<meta property=\"og:image:type\" content=\"image\/jpeg\" \/>\n<meta name=\"twitter:card\" content=\"summary_large_image\" \/>\n<meta name=\"twitter:label1\" content=\"Est. reading time\" \/>\n\t<meta name=\"twitter:data1\" content=\"2 minuti\" \/>\n<script type=\"application\/ld+json\" class=\"yoast-schema-graph\">{\"@context\":\"https:\/\/schema.org\",\"@graph\":[{\"@type\":\"WebPage\",\"@id\":\"https:\/\/hutar.si\/sleepingstudiomojsanbyhutar\/izdelek\/odeja-volna\/\",\"url\":\"https:\/\/hutar.si\/sleepingstudiomojsanbyhutar\/izdelek\/odeja-volna\/\",\"name\":\"Pre\u0161ita odeja Volna - MojSan\u00ae\",\"isPartOf\":{\"@id\":\"https:\/\/hutar.si\/sleepingstudiomojsanbyhutar\/#website\"},\"primaryImageOfPage\":{\"@id\":\"https:\/\/hutar.si\/sleepingstudiomojsanbyhutar\/izdelek\/odeja-volna\/#primaryimage\"},\"image\":{\"@id\":\"https:\/\/hutar.si\/sleepingstudiomojsanbyhutar\/izdelek\/odeja-volna\/#primaryimage\"},\"thumbnailUrl\":\"https:\/\/hutar.si\/sleepingstudiomojsanbyhutar\/wp-content\/uploads\/2024\/01\/1.-Jorgan-Vuna-MojSan.jpg\",\"datePublished\":\"2024-01-12T15:36:45+00:00\",\"dateModified\":\"2024-10-10T10:57:10+00:00\",\"breadcrumb\":{\"@id\":\"https:\/\/hutar.si\/sleepingstudiomojsanbyhutar\/izdelek\/odeja-volna\/#breadcrumb\"},\"inLanguage\":\"sl-SI\",\"potentialAction\":[{\"@type\":\"ReadAction\",\"target\":[\"https:\/\/hutar.si\/sleepingstudiomojsanbyhutar\/izdelek\/odeja-volna\/\"]}]},{\"@type\":\"ImageObject\",\"inLanguage\":\"sl-SI\",\"@id\":\"https:\/\/hutar.si\/sleepingstudiomojsanbyhutar\/izdelek\/odeja-volna\/#primaryimage\",\"url\":\"https:\/\/hutar.si\/sleepingstudiomojsanbyhutar\/wp-content\/uploads\/2024\/01\/1.-Jorgan-Vuna-MojSan.jpg\",\"contentUrl\":\"https:\/\/hutar.si\/sleepingstudiomojsanbyhutar\/wp-content\/uploads\/2024\/01\/1.-Jorgan-Vuna-MojSan.jpg\",\"width\":1000,\"height\":687},{\"@type\":\"BreadcrumbList\",\"@id\":\"https:\/\/hutar.si\/sleepingstudiomojsanbyhutar\/izdelek\/odeja-volna\/#breadcrumb\",\"itemListElement\":[{\"@type\":\"ListItem\",\"position\":1,\"name\":\"Home\",\"item\":\"https:\/\/hutar.si\/sleepingstudiomojsanbyhutar\/\"},{\"@type\":\"ListItem\",\"position\":2,\"name\":\"Trgovina\",\"item\":\"https:\/\/hutar.si\/sleepingstudiomojsanbyhutar\/trgovina\/\"},{\"@type\":\"ListItem\",\"position\":3,\"name\":\"Pre\u0161ita odeja Volna\"}]},{\"@type\":\"WebSite\",\"@id\":\"https:\/\/hutar.si\/sleepingstudiomojsanbyhutar\/#website\",\"url\":\"https:\/\/hutar.si\/sleepingstudiomojsanbyhutar\/\",\"name\":\"Salon pohi\u0161tva Hutar\",\"description\":\"sleeping studio Ljubljana\",\"publisher\":{\"@id\":\"https:\/\/hutar.si\/sleepingstudiomojsanbyhutar\/#organization\"},\"potentialAction\":[{\"@type\":\"SearchAction\",\"target\":{\"@type\":\"EntryPoint\",\"urlTemplate\":\"https:\/\/hutar.si\/sleepingstudiomojsanbyhutar\/?s={search_term_string}\"},\"query-input\":{\"@type\":\"PropertyValueSpecification\",\"valueRequired\":true,\"valueName\":\"search_term_string\"}}],\"inLanguage\":\"sl-SI\"},{\"@type\":\"Organization\",\"@id\":\"https:\/\/hutar.si\/sleepingstudiomojsanbyhutar\/#organization\",\"name\":\"Salon pohi\u0161tva Hutar\",\"url\":\"https:\/\/hutar.si\/sleepingstudiomojsanbyhutar\/\",\"logo\":{\"@type\":\"ImageObject\",\"inLanguage\":\"sl-SI\",\"@id\":\"https:\/\/hutar.si\/sleepingstudiomojsanbyhutar\/#\/schema\/logo\/image\/\",\"url\":\"https:\/\/hutar.si\/sleepingstudiomojsanbyhutar\/wp-content\/uploads\/2023\/06\/Hutar-logo-fav-sq.svg\",\"contentUrl\":\"https:\/\/hutar.si\/sleepingstudiomojsanbyhutar\/wp-content\/uploads\/2023\/06\/Hutar-logo-fav-sq.svg\",\"width\":696,\"height\":696,\"caption\":\"Salon pohi\u0161tva Hutar\"},\"image\":{\"@id\":\"https:\/\/hutar.si\/sleepingstudiomojsanbyhutar\/#\/schema\/logo\/image\/\"},\"sameAs\":[\"https:\/\/www.facebook.com\/hutarsalonpohistva\"]}]}<\/script>\n<!-- \/ Yoast SEO plugin. -->","yoast_head_json":{"title":"Pre\u0161ita odeja Volna - MojSan\u00ae","robots":{"index":"index","follow":"follow","max-snippet":"max-snippet:-1","max-image-preview":"max-image-preview:large","max-video-preview":"max-video-preview:-1"},"canonical":"https:\/\/hutar.si\/sleepingstudiomojsanbyhutar\/izdelek\/odeja-volna\/","og_locale":"sl_SI","og_type":"article","og_title":"Pre\u0161ita odeja Volna - MojSan\u00ae","og_description":"&nbsp; OBRO\u010cNO PLA\u010cEVANJE:  KALKULATOR  &nbsp;","og_url":"https:\/\/hutar.si\/sleepingstudiomojsanbyhutar\/izdelek\/odeja-volna\/","og_site_name":"MojSan\u00ae","article_publisher":"https:\/\/www.facebook.com\/hutarsalonpohistva","article_modified_time":"2024-10-10T10:57:10+00:00","og_image":[{"width":1000,"height":687,"url":"https:\/\/hutar.si\/sleepingstudiomojsanbyhutar\/wp-content\/uploads\/2024\/01\/1.-Jorgan-Vuna-MojSan.jpg","type":"image\/jpeg"}],"twitter_card":"summary_large_image","twitter_misc":{"Est. reading time":"2 minuti"},"schema":{"@context":"https:\/\/schema.org","@graph":[{"@type":"WebPage","@id":"https:\/\/hutar.si\/sleepingstudiomojsanbyhutar\/izdelek\/odeja-volna\/","url":"https:\/\/hutar.si\/sleepingstudiomojsanbyhutar\/izdelek\/odeja-volna\/","name":"Pre\u0161ita odeja Volna - MojSan\u00ae","isPartOf":{"@id":"https:\/\/hutar.si\/sleepingstudiomojsanbyhutar\/#website"},"primaryImageOfPage":{"@id":"https:\/\/hutar.si\/sleepingstudiomojsanbyhutar\/izdelek\/odeja-volna\/#primaryimage"},"image":{"@id":"https:\/\/hutar.si\/sleepingstudiomojsanbyhutar\/izdelek\/odeja-volna\/#primaryimage"},"thumbnailUrl":"https:\/\/hutar.si\/sleepingstudiomojsanbyhutar\/wp-content\/uploads\/2024\/01\/1.-Jorgan-Vuna-MojSan.jpg","datePublished":"2024-01-12T15:36:45+00:00","dateModified":"2024-10-10T10:57:10+00:00","breadcrumb":{"@id":"https:\/\/hutar.si\/sleepingstudiomojsanbyhutar\/izdelek\/odeja-volna\/#breadcrumb"},"inLanguage":"sl-SI","potentialAction":[{"@type":"ReadAction","target":["https:\/\/hutar.si\/sleepingstudiomojsanbyhutar\/izdelek\/odeja-volna\/"]}]},{"@type":"ImageObject","inLanguage":"sl-SI","@id":"https:\/\/hutar.si\/sleepingstudiomojsanbyhutar\/izdelek\/odeja-volna\/#primaryimage","url":"https:\/\/hutar.si\/sleepingstudiomojsanbyhutar\/wp-content\/uploads\/2024\/01\/1.-Jorgan-Vuna-MojSan.jpg","contentUrl":"https:\/\/hutar.si\/sleepingstudiomojsanbyhutar\/wp-content\/uploads\/2024\/01\/1.-Jorgan-Vuna-MojSan.jpg","width":1000,"height":687},{"@type":"BreadcrumbList","@id":"https:\/\/hutar.si\/sleepingstudiomojsanbyhutar\/izdelek\/odeja-volna\/#breadcrumb","itemListElement":[{"@type":"ListItem","position":1,"name":"Home","item":"https:\/\/hutar.si\/sleepingstudiomojsanbyhutar\/"},{"@type":"ListItem","position":2,"name":"Trgovina","item":"https:\/\/hutar.si\/sleepingstudiomojsanbyhutar\/trgovina\/"},{"@type":"ListItem","position":3,"name":"Pre\u0161ita odeja Volna"}]},{"@type":"WebSite","@id":"https:\/\/hutar.si\/sleepingstudiomojsanbyhutar\/#website","url":"https:\/\/hutar.si\/sleepingstudiomojsanbyhutar\/","name":"Salon pohi\u0161tva Hutar","description":"sleeping studio Ljubljana","publisher":{"@id":"https:\/\/hutar.si\/sleepingstudiomojsanbyhutar\/#organization"},"potentialAction":[{"@type":"SearchAction","target":{"@type":"EntryPoint","urlTemplate":"https:\/\/hutar.si\/sleepingstudiomojsanbyhutar\/?s={search_term_string}"},"query-input":{"@type":"PropertyValueSpecification","valueRequired":true,"valueName":"search_term_string"}}],"inLanguage":"sl-SI"},{"@type":"Organization","@id":"https:\/\/hutar.si\/sleepingstudiomojsanbyhutar\/#organization","name":"Salon pohi\u0161tva Hutar","url":"https:\/\/hutar.si\/sleepingstudiomojsanbyhutar\/","logo":{"@type":"ImageObject","inLanguage":"sl-SI","@id":"https:\/\/hutar.si\/sleepingstudiomojsanbyhutar\/#\/schema\/logo\/image\/","url":"https:\/\/hutar.si\/sleepingstudiomojsanbyhutar\/wp-content\/uploads\/2023\/06\/Hutar-logo-fav-sq.svg","contentUrl":"https:\/\/hutar.si\/sleepingstudiomojsanbyhutar\/wp-content\/uploads\/2023\/06\/Hutar-logo-fav-sq.svg","width":696,"height":696,"caption":"Salon pohi\u0161tva Hutar"},"image":{"@id":"https:\/\/hutar.si\/sleepingstudiomojsanbyhutar\/#\/schema\/logo\/image\/"},"sameAs":["https:\/\/www.facebook.com\/hutarsalonpohistva"]}]}},"_links":{"self":[{"href":"https:\/\/hutar.si\/sleepingstudiomojsanbyhutar\/wp-json\/wp\/v2\/product\/3858","targetHints":{"allow":["GET"]}}],"collection":[{"href":"https:\/\/hutar.si\/sleepingstudiomojsanbyhutar\/wp-json\/wp\/v2\/product"}],"about":[{"href":"https:\/\/hutar.si\/sleepingstudiomojsanbyhutar\/wp-json\/wp\/v2\/types\/product"}],"wp:featuredmedia":[{"embeddable":true,"href":"https:\/\/hutar.si\/sleepingstudiomojsanbyhutar\/wp-json\/wp\/v2\/media\/3859"}],"wp:attachment":[{"href":"https:\/\/hutar.si\/sleepingstudiomojsanbyhutar\/wp-json\/wp\/v2\/media?parent=3858"}],"wp:term":[{"taxonomy":"product_brand","embeddable":true,"href":"https:\/\/hutar.si\/sleepingstudiomojsanbyhutar\/wp-json\/wp\/v2\/product_brand?post=3858"},{"taxonomy":"product_cat","embeddable":true,"href":"https:\/\/hutar.si\/sleepingstudiomojsanbyhutar\/wp-json\/wp\/v2\/product_cat?post=3858"},{"taxonomy":"product_tag","embeddable":true,"href":"https:\/\/hutar.si\/sleepingstudiomojsanbyhutar\/wp-json\/wp\/v2\/product_tag?post=3858"}],"curies":[{"name":"wp","href":"https:\/\/api.w.org\/{rel}","templated":true}]}}