{"id":4825,"date":"2024-12-20T10:36:45","date_gmt":"2024-12-20T09:36:45","guid":{"rendered":"https:\/\/hutar.si\/sleepingstudiomojsanbyhutar\/?post_type=product&#038;p=4825"},"modified":"2024-12-20T10:36:45","modified_gmt":"2024-12-20T09:36:45","slug":"odeja-mojsan-scotch-rdeca-200-x-150-cm","status":"publish","type":"product","link":"https:\/\/hutar.si\/sleepingstudiomojsanbyhutar\/izdelek\/odeja-mojsan-scotch-rdeca-200-x-150-cm\/","title":{"rendered":"Odeja MojSan Scotch | Rde\u010da  | 200 x 150 cm"},"content":{"rendered":"<p><strong>Rde\u010da deka\/odeja MojSan Scotch<\/strong> je idealen izdelek za prijeten po\u010ditek in izbolj\u0161anje ambienta va\u0161e dnevne sobe. Je popoln dodatek k va\u0161emu najljub\u0161emu kosu pohi\u0161tva za po\u010ditek, pa naj bo to udoben fotelj ali garnitura za spro\u0161\u010danje pred TV ekranom.<\/p>\n<p>To prakti\u010dno odejo lahko uporabite tudi v spalnici ali kot podlogo za piknik. \u010ce i\u0161\u010dete idejo za idealno darilo za svoje najdra\u017eje, ste pravkar na\u0161li odgovor, saj ta ljubka odeja poleg svoje uporabne vrednosti v notranjost vsakega doma vnese tudi kan\u010dek \u0161kotske osebnosti in \u0161arma.<\/p>\n<p><strong>Odeja MojSan Scotch<\/strong> zdru\u017euje tradicionalen dizajn in skozi retro stil v va\u0161e najljub\u0161e po\u010ditni\u0161ko okolje vnese pridih narave zaradi bomba\u017ene komponente, ki prevladuje v strukturi blaga. Poudarek na naravni komponenti je prisoten tudi v sami embala\u017ei skozi prakti\u010dno \u0161katlo, ki jo lahko uporabite za shranjevanje manj\u0161ih predmetov, kar spodbuja multiprakti\u010den, okolju prijazen koncept razvoja izdelka.<\/p>\n<p><strong>Kolekcijo odej Scotch<\/strong> sestavljajo trije dizajni, in sicer rde\u010da, zelena in be\u017e, v skladu s prevladujo\u010do barvo samega blaga odej.<\/p>\n<p>Odeje MojSan Scotch so <strong>pralne pri 30\u00b0C<\/strong> in na voljo v <strong>dimenzijah 200&#215;150 cm.<\/strong><\/p>\n","protected":false},"excerpt":{"rendered":"<p>Dimenzija: 200&#215;150<\/p>\n<h3><span style=\"color: #009fe1;\"><b> OBRO\u010cNO PLA\u010cEVANJE: <\/b><\/span><\/h3>\n<h3><a href=\"https:\/\/pk.takoleasy.si\/info\/razdeliracun\"><span style=\"color: #000000;\"><b> KALKULATOR<\/b><\/span><\/a><\/h3>\n<p><a href=\"https:\/\/hutar.si\/sleepingstudiomojsanbyhutar\/nakup-na-obroke-1stavno\/\" target=\"blank\" rel=\"noopener\"><img decoding=\"async\" src=\"https:\/\/hutar.si\/sleepingstudiomojsanbyhutar\/wp-content\/uploads\/2024\/10\/Logo-1stavno.jpg\" alt=\"hutar-placilo-na-obroke\" width=\"300px\" \/><\/a><\/p>\n<p>&nbsp;<\/p>\n","protected":false},"featured_media":4833,"template":"","meta":[],"product_brand":[],"product_cat":[209],"product_tag":[],"class_list":{"0":"post-4825","1":"product","2":"type-product","3":"status-publish","4":"has-post-thumbnail","6":"product_cat-odeje","7":"description-off","9":"first","10":"instock-7","11":"taxable","12":"shipping-taxable","13":"purchasable","14":"product-type-simple"},"yoast_head":"<!-- This site is optimized with the Yoast SEO plugin v27.1.1 - https:\/\/yoast.com\/product\/yoast-seo-wordpress\/ -->\n<title>Odeja MojSan Scotch | Rde\u010da | 200 x 150 cm - MojSan\u00ae<\/title>\n<meta name=\"description\" content=\"Rde\u010da deka\/odeja MojSan Scotch je idealen izdelek za prijeten po\u010ditek in izbolj\u0161anje ambienta va\u0161e dnevne sobe. Pralne pri 30\u00b0C in na voljo v dimenzijah 200x150 cm.\" \/>\n<meta name=\"robots\" content=\"index, follow, max-snippet:-1, max-image-preview:large, max-video-preview:-1\" \/>\n<link rel=\"canonical\" href=\"https:\/\/hutar.si\/sleepingstudiomojsanbyhutar\/izdelek\/odeja-mojsan-scotch-rdeca-200-x-150-cm\/\" \/>\n<meta property=\"og:locale\" content=\"sl_SI\" \/>\n<meta property=\"og:type\" content=\"article\" \/>\n<meta property=\"og:title\" content=\"Odeja MojSan Scotch | Rde\u010da | 200 x 150 cm - MojSan\u00ae\" \/>\n<meta property=\"og:description\" content=\"Rde\u010da deka\/odeja MojSan Scotch je idealen izdelek za prijeten po\u010ditek in izbolj\u0161anje ambienta va\u0161e dnevne sobe. Pralne pri 30\u00b0C in na voljo v dimenzijah 200x150 cm.\" \/>\n<meta property=\"og:url\" content=\"https:\/\/hutar.si\/sleepingstudiomojsanbyhutar\/izdelek\/odeja-mojsan-scotch-rdeca-200-x-150-cm\/\" \/>\n<meta property=\"og:site_name\" content=\"MojSan\u00ae\" \/>\n<meta property=\"article:publisher\" content=\"https:\/\/www.facebook.com\/hutarsalonpohistva\" \/>\n<meta property=\"og:image\" content=\"https:\/\/hutar.si\/sleepingstudiomojsanbyhutar\/wp-content\/uploads\/2024\/12\/Ambinet-Rdeca-Scotch-Deka-Odeja-MojSan-5.jpg\" \/>\n\t<meta property=\"og:image:width\" content=\"1000\" \/>\n\t<meta property=\"og:image:height\" content=\"688\" \/>\n\t<meta property=\"og:image:type\" content=\"image\/jpeg\" \/>\n<meta name=\"twitter:card\" content=\"summary_large_image\" \/>\n<meta name=\"twitter:label1\" content=\"Est. reading time\" \/>\n\t<meta name=\"twitter:data1\" content=\"2 minuti\" \/>\n<script type=\"application\/ld+json\" class=\"yoast-schema-graph\">{\"@context\":\"https:\/\/schema.org\",\"@graph\":[{\"@type\":\"WebPage\",\"@id\":\"https:\/\/hutar.si\/sleepingstudiomojsanbyhutar\/izdelek\/odeja-mojsan-scotch-rdeca-200-x-150-cm\/\",\"url\":\"https:\/\/hutar.si\/sleepingstudiomojsanbyhutar\/izdelek\/odeja-mojsan-scotch-rdeca-200-x-150-cm\/\",\"name\":\"Odeja MojSan Scotch | Rde\u010da | 200 x 150 cm - MojSan\u00ae\",\"isPartOf\":{\"@id\":\"https:\/\/hutar.si\/sleepingstudiomojsanbyhutar\/#website\"},\"primaryImageOfPage\":{\"@id\":\"https:\/\/hutar.si\/sleepingstudiomojsanbyhutar\/izdelek\/odeja-mojsan-scotch-rdeca-200-x-150-cm\/#primaryimage\"},\"image\":{\"@id\":\"https:\/\/hutar.si\/sleepingstudiomojsanbyhutar\/izdelek\/odeja-mojsan-scotch-rdeca-200-x-150-cm\/#primaryimage\"},\"thumbnailUrl\":\"https:\/\/hutar.si\/sleepingstudiomojsanbyhutar\/wp-content\/uploads\/2024\/12\/Ambinet-Rdeca-Scotch-Deka-Odeja-MojSan-5.jpg\",\"datePublished\":\"2024-12-20T09:36:45+00:00\",\"description\":\"Rde\u010da deka\/odeja MojSan Scotch je idealen izdelek za prijeten po\u010ditek in izbolj\u0161anje ambienta va\u0161e dnevne sobe. Pralne pri 30\u00b0C in na voljo v dimenzijah 200x150 cm.\",\"breadcrumb\":{\"@id\":\"https:\/\/hutar.si\/sleepingstudiomojsanbyhutar\/izdelek\/odeja-mojsan-scotch-rdeca-200-x-150-cm\/#breadcrumb\"},\"inLanguage\":\"sl-SI\",\"potentialAction\":[{\"@type\":\"ReadAction\",\"target\":[\"https:\/\/hutar.si\/sleepingstudiomojsanbyhutar\/izdelek\/odeja-mojsan-scotch-rdeca-200-x-150-cm\/\"]}]},{\"@type\":\"ImageObject\",\"inLanguage\":\"sl-SI\",\"@id\":\"https:\/\/hutar.si\/sleepingstudiomojsanbyhutar\/izdelek\/odeja-mojsan-scotch-rdeca-200-x-150-cm\/#primaryimage\",\"url\":\"https:\/\/hutar.si\/sleepingstudiomojsanbyhutar\/wp-content\/uploads\/2024\/12\/Ambinet-Rdeca-Scotch-Deka-Odeja-MojSan-5.jpg\",\"contentUrl\":\"https:\/\/hutar.si\/sleepingstudiomojsanbyhutar\/wp-content\/uploads\/2024\/12\/Ambinet-Rdeca-Scotch-Deka-Odeja-MojSan-5.jpg\",\"width\":1000,\"height\":688},{\"@type\":\"BreadcrumbList\",\"@id\":\"https:\/\/hutar.si\/sleepingstudiomojsanbyhutar\/izdelek\/odeja-mojsan-scotch-rdeca-200-x-150-cm\/#breadcrumb\",\"itemListElement\":[{\"@type\":\"ListItem\",\"position\":1,\"name\":\"Home\",\"item\":\"https:\/\/hutar.si\/sleepingstudiomojsanbyhutar\/\"},{\"@type\":\"ListItem\",\"position\":2,\"name\":\"Trgovina\",\"item\":\"https:\/\/hutar.si\/sleepingstudiomojsanbyhutar\/trgovina\/\"},{\"@type\":\"ListItem\",\"position\":3,\"name\":\"Odeja MojSan Scotch | Rde\u010da | 200 x 150 cm\"}]},{\"@type\":\"WebSite\",\"@id\":\"https:\/\/hutar.si\/sleepingstudiomojsanbyhutar\/#website\",\"url\":\"https:\/\/hutar.si\/sleepingstudiomojsanbyhutar\/\",\"name\":\"Salon pohi\u0161tva Hutar\",\"description\":\"sleeping studio Ljubljana\",\"publisher\":{\"@id\":\"https:\/\/hutar.si\/sleepingstudiomojsanbyhutar\/#organization\"},\"potentialAction\":[{\"@type\":\"SearchAction\",\"target\":{\"@type\":\"EntryPoint\",\"urlTemplate\":\"https:\/\/hutar.si\/sleepingstudiomojsanbyhutar\/?s={search_term_string}\"},\"query-input\":{\"@type\":\"PropertyValueSpecification\",\"valueRequired\":true,\"valueName\":\"search_term_string\"}}],\"inLanguage\":\"sl-SI\"},{\"@type\":\"Organization\",\"@id\":\"https:\/\/hutar.si\/sleepingstudiomojsanbyhutar\/#organization\",\"name\":\"Salon pohi\u0161tva Hutar\",\"url\":\"https:\/\/hutar.si\/sleepingstudiomojsanbyhutar\/\",\"logo\":{\"@type\":\"ImageObject\",\"inLanguage\":\"sl-SI\",\"@id\":\"https:\/\/hutar.si\/sleepingstudiomojsanbyhutar\/#\/schema\/logo\/image\/\",\"url\":\"https:\/\/hutar.si\/sleepingstudiomojsanbyhutar\/wp-content\/uploads\/2023\/06\/Hutar-logo-fav-sq.svg\",\"contentUrl\":\"https:\/\/hutar.si\/sleepingstudiomojsanbyhutar\/wp-content\/uploads\/2023\/06\/Hutar-logo-fav-sq.svg\",\"width\":696,\"height\":696,\"caption\":\"Salon pohi\u0161tva Hutar\"},\"image\":{\"@id\":\"https:\/\/hutar.si\/sleepingstudiomojsanbyhutar\/#\/schema\/logo\/image\/\"},\"sameAs\":[\"https:\/\/www.facebook.com\/hutarsalonpohistva\"]}]}<\/script>\n<!-- \/ Yoast SEO plugin. -->","yoast_head_json":{"title":"Odeja MojSan Scotch | Rde\u010da | 200 x 150 cm - MojSan\u00ae","description":"Rde\u010da deka\/odeja MojSan Scotch je idealen izdelek za prijeten po\u010ditek in izbolj\u0161anje ambienta va\u0161e dnevne sobe. Pralne pri 30\u00b0C in na voljo v dimenzijah 200x150 cm.","robots":{"index":"index","follow":"follow","max-snippet":"max-snippet:-1","max-image-preview":"max-image-preview:large","max-video-preview":"max-video-preview:-1"},"canonical":"https:\/\/hutar.si\/sleepingstudiomojsanbyhutar\/izdelek\/odeja-mojsan-scotch-rdeca-200-x-150-cm\/","og_locale":"sl_SI","og_type":"article","og_title":"Odeja MojSan Scotch | Rde\u010da | 200 x 150 cm - MojSan\u00ae","og_description":"Rde\u010da deka\/odeja MojSan Scotch je idealen izdelek za prijeten po\u010ditek in izbolj\u0161anje ambienta va\u0161e dnevne sobe. Pralne pri 30\u00b0C in na voljo v dimenzijah 200x150 cm.","og_url":"https:\/\/hutar.si\/sleepingstudiomojsanbyhutar\/izdelek\/odeja-mojsan-scotch-rdeca-200-x-150-cm\/","og_site_name":"MojSan\u00ae","article_publisher":"https:\/\/www.facebook.com\/hutarsalonpohistva","og_image":[{"width":1000,"height":688,"url":"https:\/\/hutar.si\/sleepingstudiomojsanbyhutar\/wp-content\/uploads\/2024\/12\/Ambinet-Rdeca-Scotch-Deka-Odeja-MojSan-5.jpg","type":"image\/jpeg"}],"twitter_card":"summary_large_image","twitter_misc":{"Est. reading time":"2 minuti"},"schema":{"@context":"https:\/\/schema.org","@graph":[{"@type":"WebPage","@id":"https:\/\/hutar.si\/sleepingstudiomojsanbyhutar\/izdelek\/odeja-mojsan-scotch-rdeca-200-x-150-cm\/","url":"https:\/\/hutar.si\/sleepingstudiomojsanbyhutar\/izdelek\/odeja-mojsan-scotch-rdeca-200-x-150-cm\/","name":"Odeja MojSan Scotch | Rde\u010da | 200 x 150 cm - MojSan\u00ae","isPartOf":{"@id":"https:\/\/hutar.si\/sleepingstudiomojsanbyhutar\/#website"},"primaryImageOfPage":{"@id":"https:\/\/hutar.si\/sleepingstudiomojsanbyhutar\/izdelek\/odeja-mojsan-scotch-rdeca-200-x-150-cm\/#primaryimage"},"image":{"@id":"https:\/\/hutar.si\/sleepingstudiomojsanbyhutar\/izdelek\/odeja-mojsan-scotch-rdeca-200-x-150-cm\/#primaryimage"},"thumbnailUrl":"https:\/\/hutar.si\/sleepingstudiomojsanbyhutar\/wp-content\/uploads\/2024\/12\/Ambinet-Rdeca-Scotch-Deka-Odeja-MojSan-5.jpg","datePublished":"2024-12-20T09:36:45+00:00","description":"Rde\u010da deka\/odeja MojSan Scotch je idealen izdelek za prijeten po\u010ditek in izbolj\u0161anje ambienta va\u0161e dnevne sobe. Pralne pri 30\u00b0C in na voljo v dimenzijah 200x150 cm.","breadcrumb":{"@id":"https:\/\/hutar.si\/sleepingstudiomojsanbyhutar\/izdelek\/odeja-mojsan-scotch-rdeca-200-x-150-cm\/#breadcrumb"},"inLanguage":"sl-SI","potentialAction":[{"@type":"ReadAction","target":["https:\/\/hutar.si\/sleepingstudiomojsanbyhutar\/izdelek\/odeja-mojsan-scotch-rdeca-200-x-150-cm\/"]}]},{"@type":"ImageObject","inLanguage":"sl-SI","@id":"https:\/\/hutar.si\/sleepingstudiomojsanbyhutar\/izdelek\/odeja-mojsan-scotch-rdeca-200-x-150-cm\/#primaryimage","url":"https:\/\/hutar.si\/sleepingstudiomojsanbyhutar\/wp-content\/uploads\/2024\/12\/Ambinet-Rdeca-Scotch-Deka-Odeja-MojSan-5.jpg","contentUrl":"https:\/\/hutar.si\/sleepingstudiomojsanbyhutar\/wp-content\/uploads\/2024\/12\/Ambinet-Rdeca-Scotch-Deka-Odeja-MojSan-5.jpg","width":1000,"height":688},{"@type":"BreadcrumbList","@id":"https:\/\/hutar.si\/sleepingstudiomojsanbyhutar\/izdelek\/odeja-mojsan-scotch-rdeca-200-x-150-cm\/#breadcrumb","itemListElement":[{"@type":"ListItem","position":1,"name":"Home","item":"https:\/\/hutar.si\/sleepingstudiomojsanbyhutar\/"},{"@type":"ListItem","position":2,"name":"Trgovina","item":"https:\/\/hutar.si\/sleepingstudiomojsanbyhutar\/trgovina\/"},{"@type":"ListItem","position":3,"name":"Odeja MojSan Scotch | Rde\u010da | 200 x 150 cm"}]},{"@type":"WebSite","@id":"https:\/\/hutar.si\/sleepingstudiomojsanbyhutar\/#website","url":"https:\/\/hutar.si\/sleepingstudiomojsanbyhutar\/","name":"Salon pohi\u0161tva Hutar","description":"sleeping studio Ljubljana","publisher":{"@id":"https:\/\/hutar.si\/sleepingstudiomojsanbyhutar\/#organization"},"potentialAction":[{"@type":"SearchAction","target":{"@type":"EntryPoint","urlTemplate":"https:\/\/hutar.si\/sleepingstudiomojsanbyhutar\/?s={search_term_string}"},"query-input":{"@type":"PropertyValueSpecification","valueRequired":true,"valueName":"search_term_string"}}],"inLanguage":"sl-SI"},{"@type":"Organization","@id":"https:\/\/hutar.si\/sleepingstudiomojsanbyhutar\/#organization","name":"Salon pohi\u0161tva Hutar","url":"https:\/\/hutar.si\/sleepingstudiomojsanbyhutar\/","logo":{"@type":"ImageObject","inLanguage":"sl-SI","@id":"https:\/\/hutar.si\/sleepingstudiomojsanbyhutar\/#\/schema\/logo\/image\/","url":"https:\/\/hutar.si\/sleepingstudiomojsanbyhutar\/wp-content\/uploads\/2023\/06\/Hutar-logo-fav-sq.svg","contentUrl":"https:\/\/hutar.si\/sleepingstudiomojsanbyhutar\/wp-content\/uploads\/2023\/06\/Hutar-logo-fav-sq.svg","width":696,"height":696,"caption":"Salon pohi\u0161tva Hutar"},"image":{"@id":"https:\/\/hutar.si\/sleepingstudiomojsanbyhutar\/#\/schema\/logo\/image\/"},"sameAs":["https:\/\/www.facebook.com\/hutarsalonpohistva"]}]}},"_links":{"self":[{"href":"https:\/\/hutar.si\/sleepingstudiomojsanbyhutar\/wp-json\/wp\/v2\/product\/4825","targetHints":{"allow":["GET"]}}],"collection":[{"href":"https:\/\/hutar.si\/sleepingstudiomojsanbyhutar\/wp-json\/wp\/v2\/product"}],"about":[{"href":"https:\/\/hutar.si\/sleepingstudiomojsanbyhutar\/wp-json\/wp\/v2\/types\/product"}],"wp:featuredmedia":[{"embeddable":true,"href":"https:\/\/hutar.si\/sleepingstudiomojsanbyhutar\/wp-json\/wp\/v2\/media\/4833"}],"wp:attachment":[{"href":"https:\/\/hutar.si\/sleepingstudiomojsanbyhutar\/wp-json\/wp\/v2\/media?parent=4825"}],"wp:term":[{"taxonomy":"product_brand","embeddable":true,"href":"https:\/\/hutar.si\/sleepingstudiomojsanbyhutar\/wp-json\/wp\/v2\/product_brand?post=4825"},{"taxonomy":"product_cat","embeddable":true,"href":"https:\/\/hutar.si\/sleepingstudiomojsanbyhutar\/wp-json\/wp\/v2\/product_cat?post=4825"},{"taxonomy":"product_tag","embeddable":true,"href":"https:\/\/hutar.si\/sleepingstudiomojsanbyhutar\/wp-json\/wp\/v2\/product_tag?post=4825"}],"curies":[{"name":"wp","href":"https:\/\/api.w.org\/{rel}","templated":true}]}}