{"id":4986,"date":"2025-08-15T11:25:57","date_gmt":"2025-08-15T09:25:57","guid":{"rendered":"https:\/\/hutar.si\/sleepingstudiomojsanbyhutar\/?post_type=product&#038;p=4986"},"modified":"2025-08-15T11:46:56","modified_gmt":"2025-08-15T09:46:56","slug":"odeja-in-vzglavnik-za-otroka-dreamy-komplet","status":"publish","type":"product","link":"https:\/\/hutar.si\/sleepingstudiomojsanbyhutar\/izdelek\/odeja-in-vzglavnik-za-otroka-dreamy-komplet\/","title":{"rendered":"Otro\u0161ki komplet DREAMY | Odeja in vzglavnik za otroka"},"content":{"rendered":"<div class=\"wpb-content-wrapper\"><p>[vc_row][vc_column][vc_column_text css=&#8221;&#8221;]<span style=\"font-weight: 400;\"><strong>Otro\u0161ki komplet Dreamy premium,<\/strong> ki ga sestavljata odeja in vzglavnik, je popoln dodatek k vsaki otro\u0161ki posteljici. Super mehka odeja in vzglavnik, polnjeni z vlakni Microgel\u00ae s hipoalergenimi lastnostmi, sta re\u0161itev za star\u0161e, ki \u017eelijo ustvariti idealno spalno okolje za svojega dojen\u010dka. Poleg tega, da polnilo te vrste zagotavlja topel in prijeten ob\u010dutek, ki je povezan s puhom, notranjost odeje veliko prispeva k zmanj\u0161anju potenja.<\/span><\/p>\n<p>&nbsp;<\/p>\n<h3><span style=\"font-weight: 400;\">Otro\u0161ki komplet DREAMY<\/span><\/h3>\n<ul>\n<li><span style=\"font-weight: 400;\"> Vklju\u010duje otro\u0161ko odejo 130*90 cm in vzglavnik 40*30 cm<\/span><\/li>\n<li><span style=\"font-weight: 400;\"> Super prakti\u010dno in moderno oblikovano pakiranje s funkcijo otro\u0161ke torbe kot popoln spremljevalec za vsako mamo<\/span><\/li>\n<li><span style=\"font-weight: 400;\"> Bomba\u017eno platno in polnilo z vlakni Microgel\u00ae za zdravo spalno klimo za va\u0161ega dojen\u010dka<\/span><\/li>\n<li><span style=\"font-weight: 400;\"> Vrhunski zaklju\u010dek z privla\u010dnim dizajnom<\/span><\/li>\n<\/ul>\n<p>&nbsp;<\/p>\n<p><span style=\"font-weight: 400;\"><strong>Komplet Dreamy se zdi idealna re\u0161itev za star\u0161e,<\/strong> ki i\u0161\u010dejo visokokakovosten in funkcionalen izdelek. Ta komplet je varen korak k sladkim sanjam vsakega dojen\u010dka, prakti\u010dno namensko darilo za va\u0161e najdra\u017eje!<\/span>[\/vc_column_text][\/vc_column][\/vc_row]<\/p>\n<\/div>","protected":false},"excerpt":{"rendered":"<ul>\n<li>V kompletu je otro\u0161ka odeja (130 \u00d7 90 cm)<\/li>\n<li>in otro\u0161ki vzglavnik (40 \u00d7 30 cm).<\/li>\n<li>Pakirano v prakti\u010dno in moderno torbo za ve\u010dkratno uporabo \u2013 popoln spremljevalec vsake mame.<\/li>\n<li>Izdelano iz bomba\u017enega platna s polnilom iz Microgel\u00ae vlaken, ki zagotavljajo zdravo in prijetno spalno klimo za va\u0161ega dojen\u010dka.<\/li>\n<\/ul>\n<p>&nbsp;<\/p>\n<h3><span style=\"color: #009fe1;\"><b> OBRO\u010cNO PLA\u010cEVANJE: <\/b><\/span><\/h3>\n<h3><a href=\"https:\/\/pk.takoleasy.si\/info\/razdeliracun\"><span style=\"color: #000000;\"><b> KALKULATOR<\/b><\/span><\/a><\/h3>\n<p><a href=\"https:\/\/hutar.si\/sleepingstudiomojsanbyhutar\/nakup-na-obroke-1stavno\/\" target=\"blank\" rel=\"noopener\"><img decoding=\"async\" src=\"https:\/\/hutar.si\/sleepingstudiomojsanbyhutar\/wp-content\/uploads\/2024\/10\/Logo-1stavno.jpg\" alt=\"hutar-placilo-na-obroke\" width=\"300px\" \/><\/a><\/p>\n<p>&nbsp;<\/p>\n","protected":false},"featured_media":4978,"template":"","meta":[],"product_brand":[],"product_cat":[209,230,115],"product_tag":[],"class_list":{"0":"post-4986","1":"product","2":"type-product","3":"status-publish","4":"has-post-thumbnail","6":"product_cat-odeje","7":"product_cat-otroski-program","8":"product_cat-vzglavniki","9":"description-off","11":"first","12":"instock-7","13":"taxable","14":"shipping-taxable","15":"purchasable","16":"product-type-simple"},"yoast_head":"<!-- This site is optimized with the Yoast SEO plugin v27.1.1 - https:\/\/yoast.com\/product\/yoast-seo-wordpress\/ -->\n<title>Otro\u0161ki komplet DREAMY | Odeja in vzglavnik za otroka - MojSan\u00ae<\/title>\n<meta name=\"description\" content=\"Otro\u0161ki vzglavnik in odeja. Komplet za otro\u0161ko posteljico. Vzglavnik za otroka (40 \u00d7 30 cm) in odeja za otroka (130 \u00d7 90 cm).\" \/>\n<meta name=\"robots\" content=\"index, follow, max-snippet:-1, max-image-preview:large, max-video-preview:-1\" \/>\n<link rel=\"canonical\" href=\"https:\/\/hutar.si\/sleepingstudiomojsanbyhutar\/izdelek\/odeja-in-vzglavnik-za-otroka-dreamy-komplet\/\" \/>\n<meta property=\"og:locale\" content=\"sl_SI\" \/>\n<meta property=\"og:type\" content=\"article\" \/>\n<meta property=\"og:title\" content=\"Otro\u0161ki komplet DREAMY | Odeja in vzglavnik za otroka - MojSan\u00ae\" \/>\n<meta property=\"og:description\" content=\"Otro\u0161ki vzglavnik in odeja. Komplet za otro\u0161ko posteljico. Vzglavnik za otroka (40 \u00d7 30 cm) in odeja za otroka (130 \u00d7 90 cm).\" \/>\n<meta property=\"og:url\" content=\"https:\/\/hutar.si\/sleepingstudiomojsanbyhutar\/izdelek\/odeja-in-vzglavnik-za-otroka-dreamy-komplet\/\" \/>\n<meta property=\"og:site_name\" content=\"MojSan\u00ae\" \/>\n<meta property=\"article:publisher\" content=\"https:\/\/www.facebook.com\/hutarsalonpohistva\" \/>\n<meta property=\"article:modified_time\" content=\"2025-08-15T09:46:56+00:00\" \/>\n<meta property=\"og:image\" content=\"https:\/\/hutar.si\/sleepingstudiomojsanbyhutar\/wp-content\/uploads\/2025\/08\/2025-MojSan-Dreamy-Babr-Set-.webp\" \/>\n\t<meta property=\"og:image:width\" content=\"1000\" \/>\n\t<meta property=\"og:image:height\" content=\"667\" \/>\n\t<meta property=\"og:image:type\" content=\"image\/webp\" \/>\n<meta name=\"twitter:card\" content=\"summary_large_image\" \/>\n<meta name=\"twitter:label1\" content=\"Est. reading time\" \/>\n\t<meta name=\"twitter:data1\" content=\"2 minuti\" \/>\n<script type=\"application\/ld+json\" class=\"yoast-schema-graph\">{\"@context\":\"https:\/\/schema.org\",\"@graph\":[{\"@type\":\"WebPage\",\"@id\":\"https:\/\/hutar.si\/sleepingstudiomojsanbyhutar\/izdelek\/odeja-in-vzglavnik-za-otroka-dreamy-komplet\/\",\"url\":\"https:\/\/hutar.si\/sleepingstudiomojsanbyhutar\/izdelek\/odeja-in-vzglavnik-za-otroka-dreamy-komplet\/\",\"name\":\"Otro\u0161ki komplet DREAMY | Odeja in vzglavnik za otroka - MojSan\u00ae\",\"isPartOf\":{\"@id\":\"https:\/\/hutar.si\/sleepingstudiomojsanbyhutar\/#website\"},\"primaryImageOfPage\":{\"@id\":\"https:\/\/hutar.si\/sleepingstudiomojsanbyhutar\/izdelek\/odeja-in-vzglavnik-za-otroka-dreamy-komplet\/#primaryimage\"},\"image\":{\"@id\":\"https:\/\/hutar.si\/sleepingstudiomojsanbyhutar\/izdelek\/odeja-in-vzglavnik-za-otroka-dreamy-komplet\/#primaryimage\"},\"thumbnailUrl\":\"https:\/\/hutar.si\/sleepingstudiomojsanbyhutar\/wp-content\/uploads\/2025\/08\/2025-MojSan-Dreamy-Babr-Set-.webp\",\"datePublished\":\"2025-08-15T09:25:57+00:00\",\"dateModified\":\"2025-08-15T09:46:56+00:00\",\"description\":\"Otro\u0161ki vzglavnik in odeja. Komplet za otro\u0161ko posteljico. Vzglavnik za otroka (40 \u00d7 30 cm) in odeja za otroka (130 \u00d7 90 cm).\",\"breadcrumb\":{\"@id\":\"https:\/\/hutar.si\/sleepingstudiomojsanbyhutar\/izdelek\/odeja-in-vzglavnik-za-otroka-dreamy-komplet\/#breadcrumb\"},\"inLanguage\":\"sl-SI\",\"potentialAction\":[{\"@type\":\"ReadAction\",\"target\":[\"https:\/\/hutar.si\/sleepingstudiomojsanbyhutar\/izdelek\/odeja-in-vzglavnik-za-otroka-dreamy-komplet\/\"]}]},{\"@type\":\"ImageObject\",\"inLanguage\":\"sl-SI\",\"@id\":\"https:\/\/hutar.si\/sleepingstudiomojsanbyhutar\/izdelek\/odeja-in-vzglavnik-za-otroka-dreamy-komplet\/#primaryimage\",\"url\":\"https:\/\/hutar.si\/sleepingstudiomojsanbyhutar\/wp-content\/uploads\/2025\/08\/2025-MojSan-Dreamy-Babr-Set-.webp\",\"contentUrl\":\"https:\/\/hutar.si\/sleepingstudiomojsanbyhutar\/wp-content\/uploads\/2025\/08\/2025-MojSan-Dreamy-Babr-Set-.webp\",\"width\":1000,\"height\":667},{\"@type\":\"BreadcrumbList\",\"@id\":\"https:\/\/hutar.si\/sleepingstudiomojsanbyhutar\/izdelek\/odeja-in-vzglavnik-za-otroka-dreamy-komplet\/#breadcrumb\",\"itemListElement\":[{\"@type\":\"ListItem\",\"position\":1,\"name\":\"Home\",\"item\":\"https:\/\/hutar.si\/sleepingstudiomojsanbyhutar\/\"},{\"@type\":\"ListItem\",\"position\":2,\"name\":\"Trgovina\",\"item\":\"https:\/\/hutar.si\/sleepingstudiomojsanbyhutar\/trgovina\/\"},{\"@type\":\"ListItem\",\"position\":3,\"name\":\"Otro\u0161ki komplet DREAMY | Odeja in vzglavnik za otroka\"}]},{\"@type\":\"WebSite\",\"@id\":\"https:\/\/hutar.si\/sleepingstudiomojsanbyhutar\/#website\",\"url\":\"https:\/\/hutar.si\/sleepingstudiomojsanbyhutar\/\",\"name\":\"Salon pohi\u0161tva Hutar\",\"description\":\"sleeping studio Ljubljana\",\"publisher\":{\"@id\":\"https:\/\/hutar.si\/sleepingstudiomojsanbyhutar\/#organization\"},\"potentialAction\":[{\"@type\":\"SearchAction\",\"target\":{\"@type\":\"EntryPoint\",\"urlTemplate\":\"https:\/\/hutar.si\/sleepingstudiomojsanbyhutar\/?s={search_term_string}\"},\"query-input\":{\"@type\":\"PropertyValueSpecification\",\"valueRequired\":true,\"valueName\":\"search_term_string\"}}],\"inLanguage\":\"sl-SI\"},{\"@type\":\"Organization\",\"@id\":\"https:\/\/hutar.si\/sleepingstudiomojsanbyhutar\/#organization\",\"name\":\"Salon pohi\u0161tva Hutar\",\"url\":\"https:\/\/hutar.si\/sleepingstudiomojsanbyhutar\/\",\"logo\":{\"@type\":\"ImageObject\",\"inLanguage\":\"sl-SI\",\"@id\":\"https:\/\/hutar.si\/sleepingstudiomojsanbyhutar\/#\/schema\/logo\/image\/\",\"url\":\"https:\/\/hutar.si\/sleepingstudiomojsanbyhutar\/wp-content\/uploads\/2023\/06\/Hutar-logo-fav-sq.svg\",\"contentUrl\":\"https:\/\/hutar.si\/sleepingstudiomojsanbyhutar\/wp-content\/uploads\/2023\/06\/Hutar-logo-fav-sq.svg\",\"width\":696,\"height\":696,\"caption\":\"Salon pohi\u0161tva Hutar\"},\"image\":{\"@id\":\"https:\/\/hutar.si\/sleepingstudiomojsanbyhutar\/#\/schema\/logo\/image\/\"},\"sameAs\":[\"https:\/\/www.facebook.com\/hutarsalonpohistva\"]}]}<\/script>\n<!-- \/ Yoast SEO plugin. -->","yoast_head_json":{"title":"Otro\u0161ki komplet DREAMY | Odeja in vzglavnik za otroka - MojSan\u00ae","description":"Otro\u0161ki vzglavnik in odeja. Komplet za otro\u0161ko posteljico. Vzglavnik za otroka (40 \u00d7 30 cm) in odeja za otroka (130 \u00d7 90 cm).","robots":{"index":"index","follow":"follow","max-snippet":"max-snippet:-1","max-image-preview":"max-image-preview:large","max-video-preview":"max-video-preview:-1"},"canonical":"https:\/\/hutar.si\/sleepingstudiomojsanbyhutar\/izdelek\/odeja-in-vzglavnik-za-otroka-dreamy-komplet\/","og_locale":"sl_SI","og_type":"article","og_title":"Otro\u0161ki komplet DREAMY | Odeja in vzglavnik za otroka - MojSan\u00ae","og_description":"Otro\u0161ki vzglavnik in odeja. Komplet za otro\u0161ko posteljico. Vzglavnik za otroka (40 \u00d7 30 cm) in odeja za otroka (130 \u00d7 90 cm).","og_url":"https:\/\/hutar.si\/sleepingstudiomojsanbyhutar\/izdelek\/odeja-in-vzglavnik-za-otroka-dreamy-komplet\/","og_site_name":"MojSan\u00ae","article_publisher":"https:\/\/www.facebook.com\/hutarsalonpohistva","article_modified_time":"2025-08-15T09:46:56+00:00","og_image":[{"width":1000,"height":667,"url":"https:\/\/hutar.si\/sleepingstudiomojsanbyhutar\/wp-content\/uploads\/2025\/08\/2025-MojSan-Dreamy-Babr-Set-.webp","type":"image\/webp"}],"twitter_card":"summary_large_image","twitter_misc":{"Est. reading time":"2 minuti"},"schema":{"@context":"https:\/\/schema.org","@graph":[{"@type":"WebPage","@id":"https:\/\/hutar.si\/sleepingstudiomojsanbyhutar\/izdelek\/odeja-in-vzglavnik-za-otroka-dreamy-komplet\/","url":"https:\/\/hutar.si\/sleepingstudiomojsanbyhutar\/izdelek\/odeja-in-vzglavnik-za-otroka-dreamy-komplet\/","name":"Otro\u0161ki komplet DREAMY | Odeja in vzglavnik za otroka - MojSan\u00ae","isPartOf":{"@id":"https:\/\/hutar.si\/sleepingstudiomojsanbyhutar\/#website"},"primaryImageOfPage":{"@id":"https:\/\/hutar.si\/sleepingstudiomojsanbyhutar\/izdelek\/odeja-in-vzglavnik-za-otroka-dreamy-komplet\/#primaryimage"},"image":{"@id":"https:\/\/hutar.si\/sleepingstudiomojsanbyhutar\/izdelek\/odeja-in-vzglavnik-za-otroka-dreamy-komplet\/#primaryimage"},"thumbnailUrl":"https:\/\/hutar.si\/sleepingstudiomojsanbyhutar\/wp-content\/uploads\/2025\/08\/2025-MojSan-Dreamy-Babr-Set-.webp","datePublished":"2025-08-15T09:25:57+00:00","dateModified":"2025-08-15T09:46:56+00:00","description":"Otro\u0161ki vzglavnik in odeja. Komplet za otro\u0161ko posteljico. Vzglavnik za otroka (40 \u00d7 30 cm) in odeja za otroka (130 \u00d7 90 cm).","breadcrumb":{"@id":"https:\/\/hutar.si\/sleepingstudiomojsanbyhutar\/izdelek\/odeja-in-vzglavnik-za-otroka-dreamy-komplet\/#breadcrumb"},"inLanguage":"sl-SI","potentialAction":[{"@type":"ReadAction","target":["https:\/\/hutar.si\/sleepingstudiomojsanbyhutar\/izdelek\/odeja-in-vzglavnik-za-otroka-dreamy-komplet\/"]}]},{"@type":"ImageObject","inLanguage":"sl-SI","@id":"https:\/\/hutar.si\/sleepingstudiomojsanbyhutar\/izdelek\/odeja-in-vzglavnik-za-otroka-dreamy-komplet\/#primaryimage","url":"https:\/\/hutar.si\/sleepingstudiomojsanbyhutar\/wp-content\/uploads\/2025\/08\/2025-MojSan-Dreamy-Babr-Set-.webp","contentUrl":"https:\/\/hutar.si\/sleepingstudiomojsanbyhutar\/wp-content\/uploads\/2025\/08\/2025-MojSan-Dreamy-Babr-Set-.webp","width":1000,"height":667},{"@type":"BreadcrumbList","@id":"https:\/\/hutar.si\/sleepingstudiomojsanbyhutar\/izdelek\/odeja-in-vzglavnik-za-otroka-dreamy-komplet\/#breadcrumb","itemListElement":[{"@type":"ListItem","position":1,"name":"Home","item":"https:\/\/hutar.si\/sleepingstudiomojsanbyhutar\/"},{"@type":"ListItem","position":2,"name":"Trgovina","item":"https:\/\/hutar.si\/sleepingstudiomojsanbyhutar\/trgovina\/"},{"@type":"ListItem","position":3,"name":"Otro\u0161ki komplet DREAMY | Odeja in vzglavnik za otroka"}]},{"@type":"WebSite","@id":"https:\/\/hutar.si\/sleepingstudiomojsanbyhutar\/#website","url":"https:\/\/hutar.si\/sleepingstudiomojsanbyhutar\/","name":"Salon pohi\u0161tva Hutar","description":"sleeping studio Ljubljana","publisher":{"@id":"https:\/\/hutar.si\/sleepingstudiomojsanbyhutar\/#organization"},"potentialAction":[{"@type":"SearchAction","target":{"@type":"EntryPoint","urlTemplate":"https:\/\/hutar.si\/sleepingstudiomojsanbyhutar\/?s={search_term_string}"},"query-input":{"@type":"PropertyValueSpecification","valueRequired":true,"valueName":"search_term_string"}}],"inLanguage":"sl-SI"},{"@type":"Organization","@id":"https:\/\/hutar.si\/sleepingstudiomojsanbyhutar\/#organization","name":"Salon pohi\u0161tva Hutar","url":"https:\/\/hutar.si\/sleepingstudiomojsanbyhutar\/","logo":{"@type":"ImageObject","inLanguage":"sl-SI","@id":"https:\/\/hutar.si\/sleepingstudiomojsanbyhutar\/#\/schema\/logo\/image\/","url":"https:\/\/hutar.si\/sleepingstudiomojsanbyhutar\/wp-content\/uploads\/2023\/06\/Hutar-logo-fav-sq.svg","contentUrl":"https:\/\/hutar.si\/sleepingstudiomojsanbyhutar\/wp-content\/uploads\/2023\/06\/Hutar-logo-fav-sq.svg","width":696,"height":696,"caption":"Salon pohi\u0161tva Hutar"},"image":{"@id":"https:\/\/hutar.si\/sleepingstudiomojsanbyhutar\/#\/schema\/logo\/image\/"},"sameAs":["https:\/\/www.facebook.com\/hutarsalonpohistva"]}]}},"_links":{"self":[{"href":"https:\/\/hutar.si\/sleepingstudiomojsanbyhutar\/wp-json\/wp\/v2\/product\/4986","targetHints":{"allow":["GET"]}}],"collection":[{"href":"https:\/\/hutar.si\/sleepingstudiomojsanbyhutar\/wp-json\/wp\/v2\/product"}],"about":[{"href":"https:\/\/hutar.si\/sleepingstudiomojsanbyhutar\/wp-json\/wp\/v2\/types\/product"}],"wp:featuredmedia":[{"embeddable":true,"href":"https:\/\/hutar.si\/sleepingstudiomojsanbyhutar\/wp-json\/wp\/v2\/media\/4978"}],"wp:attachment":[{"href":"https:\/\/hutar.si\/sleepingstudiomojsanbyhutar\/wp-json\/wp\/v2\/media?parent=4986"}],"wp:term":[{"taxonomy":"product_brand","embeddable":true,"href":"https:\/\/hutar.si\/sleepingstudiomojsanbyhutar\/wp-json\/wp\/v2\/product_brand?post=4986"},{"taxonomy":"product_cat","embeddable":true,"href":"https:\/\/hutar.si\/sleepingstudiomojsanbyhutar\/wp-json\/wp\/v2\/product_cat?post=4986"},{"taxonomy":"product_tag","embeddable":true,"href":"https:\/\/hutar.si\/sleepingstudiomojsanbyhutar\/wp-json\/wp\/v2\/product_tag?post=4986"}],"curies":[{"name":"wp","href":"https:\/\/api.w.org\/{rel}","templated":true}]}}