{"id":563,"date":"2022-02-25T15:24:21","date_gmt":"2022-02-25T14:24:21","guid":{"rendered":"https:\/\/hutar.starkmat.si\/?post_type=product&#038;p=563"},"modified":"2024-11-19T12:55:58","modified_gmt":"2024-11-19T11:55:58","slug":"nadvlozek-olivoil-memory","status":"publish","type":"product","link":"https:\/\/hutar.si\/sleepingstudiomojsanbyhutar\/izdelek\/nadvlozek-olivoil-memory\/","title":{"rendered":"Nadvlo\u017eek Olivoil Memory"},"content":{"rendered":"<div class=\"wpb-content-wrapper\"><p>[vc_row][vc_column][vc_column_text]<\/p>\n<h5><span style=\"color: #00ccff;\"><strong>Popoln dotik udobja!<\/strong><\/span><\/h5>\n<p>Do\u017eivite neverjeten ob\u010dutek udobja, ko spite na nadvlo\u017eku Olivoil Memory. Izjemno udoben nadvlo\u017eek vi\u0161ine 7 cm iz spominske pene ima tudi visokokakovstno prevleko Olivoil tretmajem. Nadvlo\u017eek je namenjen osebam, ki imajo potrebo po\u00a0 vrhunskem udobju. Na vogalih ima nadvlo\u017eek pritrjene elastike katere omogo\u010dajo, da ostane povezan z vzmetnico ali ustrezno podlago za spanje in prepre\u010duje drsenje vzmetnice. Funkcionalnost tega izdelka je tudiv mo\u017enosti zvijanja in prakti\u010dnosti vzdr\u017eevanja s pranjem. Antialergijska prevleka je na zadrgo in je pralna 40 \u00b0C.<\/p>\n<p>Nadvlo\u017eek je ve\u010dnamensko uporaben v vsakem domu. Lahko ga uporabite, kot pomo\u017eno vzmetnico dose\u017eete mehkej\u0161e udobje pri pretrdi vzmetnici ali kot prakti\u010dno re\u0161itev za izlete, po\u010ditnice&#8230;<\/p>\n<h5><span style=\"color: #00ccff;\"><strong>Pralna antialergijska prevleka s tretmajem Olivoil<\/strong><\/span><\/h5>\n<p>Prakti\u010dna prevleka\u00a0 nadvlo\u017eka Olivoil Memory s pre\u0161itim pletenim Olivoil platnom v kombinaciji s plastjo volne ima patentno zadrgo, ki omogo\u010da enostavno odstranjevanje in vzdr\u017eevanje s pranjem. Za la\u017eji pretok zraka znotraj le tega nadvlo\u017eka jek prevleki dodana 3D\u00a0 Air Mesh prezra\u010devalna tkanina in ima pri\u0161ite prakti\u010dne elasti\u010dne trakove na koncih, da je nadvlo\u017eek pritrjen na vzmetnico ali drugo podlago za spanje.<\/p>\n<p>&nbsp;<\/p>\n<p><img loading=\"lazy\" decoding=\"async\" class=\"alignnone wp-image-3765\" src=\"https:\/\/hutar.si\/sleepingstudiomojsanbyhutar\/wp-content\/uploads\/2023\/11\/antibakterijska-tkanina-1.png\" alt=\"\" width=\"155\" height=\"154\" srcset=\"https:\/\/hutar.si\/sleepingstudiomojsanbyhutar\/wp-content\/uploads\/2023\/11\/antibakterijska-tkanina-1.png 242w, https:\/\/hutar.si\/sleepingstudiomojsanbyhutar\/wp-content\/uploads\/2023\/11\/antibakterijska-tkanina-1-150x150.png 150w, https:\/\/hutar.si\/sleepingstudiomojsanbyhutar\/wp-content\/uploads\/2023\/11\/antibakterijska-tkanina-1-200x200.png 200w\" sizes=\"auto, (max-width: 155px) 100vw, 155px\" \/><img loading=\"lazy\" decoding=\"async\" class=\"alignnone wp-image-3764\" src=\"https:\/\/hutar.si\/sleepingstudiomojsanbyhutar\/wp-content\/uploads\/2023\/11\/zapiranje-na-zadrgo.png\" alt=\"\" width=\"155\" height=\"154\" srcset=\"https:\/\/hutar.si\/sleepingstudiomojsanbyhutar\/wp-content\/uploads\/2023\/11\/zapiranje-na-zadrgo.png 242w, https:\/\/hutar.si\/sleepingstudiomojsanbyhutar\/wp-content\/uploads\/2023\/11\/zapiranje-na-zadrgo-150x150.png 150w, https:\/\/hutar.si\/sleepingstudiomojsanbyhutar\/wp-content\/uploads\/2023\/11\/zapiranje-na-zadrgo-200x200.png 200w\" sizes=\"auto, (max-width: 155px) 100vw, 155px\" \/><img loading=\"lazy\" decoding=\"async\" class=\"alignnone wp-image-3755\" src=\"https:\/\/hutar.si\/sleepingstudiomojsanbyhutar\/wp-content\/uploads\/2023\/11\/Pralna-prevleka.png\" alt=\"\" width=\"155\" height=\"154\" srcset=\"https:\/\/hutar.si\/sleepingstudiomojsanbyhutar\/wp-content\/uploads\/2023\/11\/Pralna-prevleka.png 242w, https:\/\/hutar.si\/sleepingstudiomojsanbyhutar\/wp-content\/uploads\/2023\/11\/Pralna-prevleka-150x150.png 150w, https:\/\/hutar.si\/sleepingstudiomojsanbyhutar\/wp-content\/uploads\/2023\/11\/Pralna-prevleka-200x200.png 200w\" sizes=\"auto, (max-width: 155px) 100vw, 155px\" \/><img loading=\"lazy\" decoding=\"async\" class=\"alignnone wp-image-3738\" src=\"https:\/\/hutar.si\/sleepingstudiomojsanbyhutar\/wp-content\/uploads\/2023\/11\/3d-air-mash.png\" alt=\"\" width=\"155\" height=\"154\" srcset=\"https:\/\/hutar.si\/sleepingstudiomojsanbyhutar\/wp-content\/uploads\/2023\/11\/3d-air-mash.png 242w, https:\/\/hutar.si\/sleepingstudiomojsanbyhutar\/wp-content\/uploads\/2023\/11\/3d-air-mash-150x150.png 150w, https:\/\/hutar.si\/sleepingstudiomojsanbyhutar\/wp-content\/uploads\/2023\/11\/3d-air-mash-200x200.png 200w\" sizes=\"auto, (max-width: 155px) 100vw, 155px\" \/><\/p>\n<p><img loading=\"lazy\" decoding=\"async\" class=\"alignnone wp-image-3762\" src=\"https:\/\/hutar.si\/sleepingstudiomojsanbyhutar\/wp-content\/uploads\/2023\/11\/volna.png\" alt=\"\" width=\"155\" height=\"154\" srcset=\"https:\/\/hutar.si\/sleepingstudiomojsanbyhutar\/wp-content\/uploads\/2023\/11\/volna.png 242w, https:\/\/hutar.si\/sleepingstudiomojsanbyhutar\/wp-content\/uploads\/2023\/11\/volna-150x150.png 150w, https:\/\/hutar.si\/sleepingstudiomojsanbyhutar\/wp-content\/uploads\/2023\/11\/volna-200x200.png 200w\" sizes=\"auto, (max-width: 155px) 100vw, 155px\" \/><img loading=\"lazy\" decoding=\"async\" class=\"alignnone wp-image-3745\" src=\"https:\/\/hutar.si\/sleepingstudiomojsanbyhutar\/wp-content\/uploads\/2023\/11\/elasticni-trakovi-za-namjescanje.png\" alt=\"\" width=\"155\" height=\"154\" srcset=\"https:\/\/hutar.si\/sleepingstudiomojsanbyhutar\/wp-content\/uploads\/2023\/11\/elasticni-trakovi-za-namjescanje.png 242w, https:\/\/hutar.si\/sleepingstudiomojsanbyhutar\/wp-content\/uploads\/2023\/11\/elasticni-trakovi-za-namjescanje-150x150.png 150w, https:\/\/hutar.si\/sleepingstudiomojsanbyhutar\/wp-content\/uploads\/2023\/11\/elasticni-trakovi-za-namjescanje-200x200.png 200w\" sizes=\"auto, (max-width: 155px) 100vw, 155px\" \/><img loading=\"lazy\" decoding=\"async\" class=\"alignnone wp-image-3751\" src=\"https:\/\/hutar.si\/sleepingstudiomojsanbyhutar\/wp-content\/uploads\/2023\/11\/Pakiranje-v-roli-z-zvijanjem.png\" alt=\"\" width=\"155\" height=\"154\" srcset=\"https:\/\/hutar.si\/sleepingstudiomojsanbyhutar\/wp-content\/uploads\/2023\/11\/Pakiranje-v-roli-z-zvijanjem.png 242w, https:\/\/hutar.si\/sleepingstudiomojsanbyhutar\/wp-content\/uploads\/2023\/11\/Pakiranje-v-roli-z-zvijanjem-150x150.png 150w, https:\/\/hutar.si\/sleepingstudiomojsanbyhutar\/wp-content\/uploads\/2023\/11\/Pakiranje-v-roli-z-zvijanjem-200x200.png 200w\" sizes=\"auto, (max-width: 155px) 100vw, 155px\" \/><img loading=\"lazy\" decoding=\"async\" class=\"alignnone wp-image-3741\" src=\"https:\/\/hutar.si\/sleepingstudiomojsanbyhutar\/wp-content\/uploads\/2023\/11\/anti-slip-povrsina.png\" alt=\"\" width=\"155\" height=\"154\" srcset=\"https:\/\/hutar.si\/sleepingstudiomojsanbyhutar\/wp-content\/uploads\/2023\/11\/anti-slip-povrsina.png 242w, https:\/\/hutar.si\/sleepingstudiomojsanbyhutar\/wp-content\/uploads\/2023\/11\/anti-slip-povrsina-150x150.png 150w, https:\/\/hutar.si\/sleepingstudiomojsanbyhutar\/wp-content\/uploads\/2023\/11\/anti-slip-povrsina-200x200.png 200w\" sizes=\"auto, (max-width: 155px) 100vw, 155px\" \/><\/p>\n<p><img loading=\"lazy\" decoding=\"async\" class=\"alignnone wp-image-3760\" src=\"https:\/\/hutar.si\/sleepingstudiomojsanbyhutar\/wp-content\/uploads\/2023\/11\/spominska-pena.png\" alt=\"\" width=\"155\" height=\"154\" srcset=\"https:\/\/hutar.si\/sleepingstudiomojsanbyhutar\/wp-content\/uploads\/2023\/11\/spominska-pena.png 242w, https:\/\/hutar.si\/sleepingstudiomojsanbyhutar\/wp-content\/uploads\/2023\/11\/spominska-pena-150x150.png 150w, https:\/\/hutar.si\/sleepingstudiomojsanbyhutar\/wp-content\/uploads\/2023\/11\/spominska-pena-200x200.png 200w\" sizes=\"auto, (max-width: 155px) 100vw, 155px\" \/><img loading=\"lazy\" decoding=\"async\" class=\"alignnone wp-image-3768\" src=\"https:\/\/hutar.si\/sleepingstudiomojsanbyhutar\/wp-content\/uploads\/2023\/11\/oeko-tex-1.png\" alt=\"\" width=\"155\" height=\"154\" srcset=\"https:\/\/hutar.si\/sleepingstudiomojsanbyhutar\/wp-content\/uploads\/2023\/11\/oeko-tex-1.png 242w, https:\/\/hutar.si\/sleepingstudiomojsanbyhutar\/wp-content\/uploads\/2023\/11\/oeko-tex-1-150x150.png 150w, https:\/\/hutar.si\/sleepingstudiomojsanbyhutar\/wp-content\/uploads\/2023\/11\/oeko-tex-1-200x200.png 200w\" sizes=\"auto, (max-width: 155px) 100vw, 155px\" \/>[\/vc_column_text][\/vc_column][\/vc_row]<\/p>\n<\/div>","protected":false},"excerpt":{"rendered":"<p>&nbsp;<\/p>\n<h3><span style=\"color: #009fe1;\"><b> OBRO\u010cNO PLA\u010cEVANJE: <\/b><\/span><\/h3>\n<h3><a href=\"https:\/\/pk.takoleasy.si\/info\/razdeliracun\"><span style=\"color: #000000;\"><b> KALKULATOR<\/b><\/span><\/a><\/h3>\n<p><a href=\"https:\/\/hutar.si\/sleepingstudiomojsanbyhutar\/nakup-na-obroke-1stavno\/\" target=\"blank\" rel=\"noopener\"><img decoding=\"async\" src=\"https:\/\/hutar.si\/sleepingstudiomojsanbyhutar\/wp-content\/uploads\/2024\/10\/Logo-1stavno.jpg\" alt=\"hutar-placilo-na-obroke\" width=\"300px\" \/><\/a><\/p>\n<p>&nbsp;<\/p>\n","protected":false},"featured_media":572,"template":"","meta":[],"product_brand":[],"product_cat":[52],"product_tag":[],"class_list":{"0":"post-563","1":"product","2":"type-product","3":"status-publish","4":"has-post-thumbnail","6":"product_cat-nadvlozki","7":"description-off","9":"first","10":"outofstock","11":"taxable","12":"shipping-taxable","13":"purchasable","14":"product-type-variable"},"yoast_head":"<!-- This site is optimized with the Yoast SEO plugin v27.1.1 - https:\/\/yoast.com\/product\/yoast-seo-wordpress\/ -->\n<title>Nadvlo\u017eek Olivoil Memory - MojSan\u00ae<\/title>\n<meta name=\"description\" content=\"Visokokakovostna prevleka te vzmetnice z obdelavo Olivoil ima svojo uporabno vrednost v tem izjemno udobnem izdelku s skupno vi\u0161ino cca 7cm.\" \/>\n<meta name=\"robots\" content=\"index, follow, max-snippet:-1, max-image-preview:large, max-video-preview:-1\" \/>\n<link rel=\"canonical\" href=\"https:\/\/hutar.si\/sleepingstudiomojsanbyhutar\/izdelek\/nadvlozek-olivoil-memory\/\" \/>\n<meta property=\"og:locale\" content=\"sl_SI\" \/>\n<meta property=\"og:type\" content=\"article\" \/>\n<meta property=\"og:title\" content=\"Nadvlo\u017eek Olivoil Memory - MojSan\u00ae\" \/>\n<meta property=\"og:description\" content=\"Visokokakovostna prevleka te vzmetnice z obdelavo Olivoil ima svojo uporabno vrednost v tem izjemno udobnem izdelku s skupno vi\u0161ino cca 7cm.\" \/>\n<meta property=\"og:url\" content=\"https:\/\/hutar.si\/sleepingstudiomojsanbyhutar\/izdelek\/nadvlozek-olivoil-memory\/\" \/>\n<meta property=\"og:site_name\" content=\"MojSan\u00ae\" \/>\n<meta property=\"article:publisher\" content=\"https:\/\/www.facebook.com\/hutarsalonpohistva\" \/>\n<meta property=\"article:modified_time\" content=\"2024-11-19T11:55:58+00:00\" \/>\n<meta property=\"og:image\" content=\"https:\/\/hutar.si\/sleepingstudiomojsanbyhutar\/wp-content\/uploads\/2022\/02\/hutar-nadvlozek-olivoil-1.jpg\" \/>\n\t<meta property=\"og:image:width\" content=\"1000\" \/>\n\t<meta property=\"og:image:height\" content=\"687\" \/>\n\t<meta property=\"og:image:type\" content=\"image\/jpeg\" \/>\n<meta name=\"twitter:card\" content=\"summary_large_image\" \/>\n<meta name=\"twitter:label1\" content=\"Est. reading time\" \/>\n\t<meta name=\"twitter:data1\" content=\"4 minute\" \/>\n<script type=\"application\/ld+json\" class=\"yoast-schema-graph\">{\"@context\":\"https:\/\/schema.org\",\"@graph\":[{\"@type\":\"WebPage\",\"@id\":\"https:\/\/hutar.si\/sleepingstudiomojsanbyhutar\/izdelek\/nadvlozek-olivoil-memory\/\",\"url\":\"https:\/\/hutar.si\/sleepingstudiomojsanbyhutar\/izdelek\/nadvlozek-olivoil-memory\/\",\"name\":\"Nadvlo\u017eek Olivoil Memory - MojSan\u00ae\",\"isPartOf\":{\"@id\":\"https:\/\/hutar.si\/sleepingstudiomojsanbyhutar\/#website\"},\"primaryImageOfPage\":{\"@id\":\"https:\/\/hutar.si\/sleepingstudiomojsanbyhutar\/izdelek\/nadvlozek-olivoil-memory\/#primaryimage\"},\"image\":{\"@id\":\"https:\/\/hutar.si\/sleepingstudiomojsanbyhutar\/izdelek\/nadvlozek-olivoil-memory\/#primaryimage\"},\"thumbnailUrl\":\"https:\/\/hutar.si\/sleepingstudiomojsanbyhutar\/wp-content\/uploads\/2022\/02\/hutar-nadvlozek-olivoil-1.jpg\",\"datePublished\":\"2022-02-25T14:24:21+00:00\",\"dateModified\":\"2024-11-19T11:55:58+00:00\",\"description\":\"Visokokakovostna prevleka te vzmetnice z obdelavo Olivoil ima svojo uporabno vrednost v tem izjemno udobnem izdelku s skupno vi\u0161ino cca 7cm.\",\"breadcrumb\":{\"@id\":\"https:\/\/hutar.si\/sleepingstudiomojsanbyhutar\/izdelek\/nadvlozek-olivoil-memory\/#breadcrumb\"},\"inLanguage\":\"sl-SI\",\"potentialAction\":[{\"@type\":\"ReadAction\",\"target\":[\"https:\/\/hutar.si\/sleepingstudiomojsanbyhutar\/izdelek\/nadvlozek-olivoil-memory\/\"]}]},{\"@type\":\"ImageObject\",\"inLanguage\":\"sl-SI\",\"@id\":\"https:\/\/hutar.si\/sleepingstudiomojsanbyhutar\/izdelek\/nadvlozek-olivoil-memory\/#primaryimage\",\"url\":\"https:\/\/hutar.si\/sleepingstudiomojsanbyhutar\/wp-content\/uploads\/2022\/02\/hutar-nadvlozek-olivoil-1.jpg\",\"contentUrl\":\"https:\/\/hutar.si\/sleepingstudiomojsanbyhutar\/wp-content\/uploads\/2022\/02\/hutar-nadvlozek-olivoil-1.jpg\",\"width\":1000,\"height\":687,\"caption\":\"hutar-nadvlozek-olivoil-1\"},{\"@type\":\"BreadcrumbList\",\"@id\":\"https:\/\/hutar.si\/sleepingstudiomojsanbyhutar\/izdelek\/nadvlozek-olivoil-memory\/#breadcrumb\",\"itemListElement\":[{\"@type\":\"ListItem\",\"position\":1,\"name\":\"Home\",\"item\":\"https:\/\/hutar.si\/sleepingstudiomojsanbyhutar\/\"},{\"@type\":\"ListItem\",\"position\":2,\"name\":\"Trgovina\",\"item\":\"https:\/\/hutar.si\/sleepingstudiomojsanbyhutar\/trgovina\/\"},{\"@type\":\"ListItem\",\"position\":3,\"name\":\"Nadvlo\u017eek Olivoil Memory\"}]},{\"@type\":\"WebSite\",\"@id\":\"https:\/\/hutar.si\/sleepingstudiomojsanbyhutar\/#website\",\"url\":\"https:\/\/hutar.si\/sleepingstudiomojsanbyhutar\/\",\"name\":\"Salon pohi\u0161tva Hutar\",\"description\":\"sleeping studio Ljubljana\",\"publisher\":{\"@id\":\"https:\/\/hutar.si\/sleepingstudiomojsanbyhutar\/#organization\"},\"potentialAction\":[{\"@type\":\"SearchAction\",\"target\":{\"@type\":\"EntryPoint\",\"urlTemplate\":\"https:\/\/hutar.si\/sleepingstudiomojsanbyhutar\/?s={search_term_string}\"},\"query-input\":{\"@type\":\"PropertyValueSpecification\",\"valueRequired\":true,\"valueName\":\"search_term_string\"}}],\"inLanguage\":\"sl-SI\"},{\"@type\":\"Organization\",\"@id\":\"https:\/\/hutar.si\/sleepingstudiomojsanbyhutar\/#organization\",\"name\":\"Salon pohi\u0161tva Hutar\",\"url\":\"https:\/\/hutar.si\/sleepingstudiomojsanbyhutar\/\",\"logo\":{\"@type\":\"ImageObject\",\"inLanguage\":\"sl-SI\",\"@id\":\"https:\/\/hutar.si\/sleepingstudiomojsanbyhutar\/#\/schema\/logo\/image\/\",\"url\":\"https:\/\/hutar.si\/sleepingstudiomojsanbyhutar\/wp-content\/uploads\/2023\/06\/Hutar-logo-fav-sq.svg\",\"contentUrl\":\"https:\/\/hutar.si\/sleepingstudiomojsanbyhutar\/wp-content\/uploads\/2023\/06\/Hutar-logo-fav-sq.svg\",\"width\":696,\"height\":696,\"caption\":\"Salon pohi\u0161tva Hutar\"},\"image\":{\"@id\":\"https:\/\/hutar.si\/sleepingstudiomojsanbyhutar\/#\/schema\/logo\/image\/\"},\"sameAs\":[\"https:\/\/www.facebook.com\/hutarsalonpohistva\"]}]}<\/script>\n<!-- \/ Yoast SEO plugin. -->","yoast_head_json":{"title":"Nadvlo\u017eek Olivoil Memory - MojSan\u00ae","description":"Visokokakovostna prevleka te vzmetnice z obdelavo Olivoil ima svojo uporabno vrednost v tem izjemno udobnem izdelku s skupno vi\u0161ino cca 7cm.","robots":{"index":"index","follow":"follow","max-snippet":"max-snippet:-1","max-image-preview":"max-image-preview:large","max-video-preview":"max-video-preview:-1"},"canonical":"https:\/\/hutar.si\/sleepingstudiomojsanbyhutar\/izdelek\/nadvlozek-olivoil-memory\/","og_locale":"sl_SI","og_type":"article","og_title":"Nadvlo\u017eek Olivoil Memory - MojSan\u00ae","og_description":"Visokokakovostna prevleka te vzmetnice z obdelavo Olivoil ima svojo uporabno vrednost v tem izjemno udobnem izdelku s skupno vi\u0161ino cca 7cm.","og_url":"https:\/\/hutar.si\/sleepingstudiomojsanbyhutar\/izdelek\/nadvlozek-olivoil-memory\/","og_site_name":"MojSan\u00ae","article_publisher":"https:\/\/www.facebook.com\/hutarsalonpohistva","article_modified_time":"2024-11-19T11:55:58+00:00","og_image":[{"width":1000,"height":687,"url":"https:\/\/hutar.si\/sleepingstudiomojsanbyhutar\/wp-content\/uploads\/2022\/02\/hutar-nadvlozek-olivoil-1.jpg","type":"image\/jpeg"}],"twitter_card":"summary_large_image","twitter_misc":{"Est. reading time":"4 minute"},"schema":{"@context":"https:\/\/schema.org","@graph":[{"@type":"WebPage","@id":"https:\/\/hutar.si\/sleepingstudiomojsanbyhutar\/izdelek\/nadvlozek-olivoil-memory\/","url":"https:\/\/hutar.si\/sleepingstudiomojsanbyhutar\/izdelek\/nadvlozek-olivoil-memory\/","name":"Nadvlo\u017eek Olivoil Memory - MojSan\u00ae","isPartOf":{"@id":"https:\/\/hutar.si\/sleepingstudiomojsanbyhutar\/#website"},"primaryImageOfPage":{"@id":"https:\/\/hutar.si\/sleepingstudiomojsanbyhutar\/izdelek\/nadvlozek-olivoil-memory\/#primaryimage"},"image":{"@id":"https:\/\/hutar.si\/sleepingstudiomojsanbyhutar\/izdelek\/nadvlozek-olivoil-memory\/#primaryimage"},"thumbnailUrl":"https:\/\/hutar.si\/sleepingstudiomojsanbyhutar\/wp-content\/uploads\/2022\/02\/hutar-nadvlozek-olivoil-1.jpg","datePublished":"2022-02-25T14:24:21+00:00","dateModified":"2024-11-19T11:55:58+00:00","description":"Visokokakovostna prevleka te vzmetnice z obdelavo Olivoil ima svojo uporabno vrednost v tem izjemno udobnem izdelku s skupno vi\u0161ino cca 7cm.","breadcrumb":{"@id":"https:\/\/hutar.si\/sleepingstudiomojsanbyhutar\/izdelek\/nadvlozek-olivoil-memory\/#breadcrumb"},"inLanguage":"sl-SI","potentialAction":[{"@type":"ReadAction","target":["https:\/\/hutar.si\/sleepingstudiomojsanbyhutar\/izdelek\/nadvlozek-olivoil-memory\/"]}]},{"@type":"ImageObject","inLanguage":"sl-SI","@id":"https:\/\/hutar.si\/sleepingstudiomojsanbyhutar\/izdelek\/nadvlozek-olivoil-memory\/#primaryimage","url":"https:\/\/hutar.si\/sleepingstudiomojsanbyhutar\/wp-content\/uploads\/2022\/02\/hutar-nadvlozek-olivoil-1.jpg","contentUrl":"https:\/\/hutar.si\/sleepingstudiomojsanbyhutar\/wp-content\/uploads\/2022\/02\/hutar-nadvlozek-olivoil-1.jpg","width":1000,"height":687,"caption":"hutar-nadvlozek-olivoil-1"},{"@type":"BreadcrumbList","@id":"https:\/\/hutar.si\/sleepingstudiomojsanbyhutar\/izdelek\/nadvlozek-olivoil-memory\/#breadcrumb","itemListElement":[{"@type":"ListItem","position":1,"name":"Home","item":"https:\/\/hutar.si\/sleepingstudiomojsanbyhutar\/"},{"@type":"ListItem","position":2,"name":"Trgovina","item":"https:\/\/hutar.si\/sleepingstudiomojsanbyhutar\/trgovina\/"},{"@type":"ListItem","position":3,"name":"Nadvlo\u017eek Olivoil Memory"}]},{"@type":"WebSite","@id":"https:\/\/hutar.si\/sleepingstudiomojsanbyhutar\/#website","url":"https:\/\/hutar.si\/sleepingstudiomojsanbyhutar\/","name":"Salon pohi\u0161tva Hutar","description":"sleeping studio Ljubljana","publisher":{"@id":"https:\/\/hutar.si\/sleepingstudiomojsanbyhutar\/#organization"},"potentialAction":[{"@type":"SearchAction","target":{"@type":"EntryPoint","urlTemplate":"https:\/\/hutar.si\/sleepingstudiomojsanbyhutar\/?s={search_term_string}"},"query-input":{"@type":"PropertyValueSpecification","valueRequired":true,"valueName":"search_term_string"}}],"inLanguage":"sl-SI"},{"@type":"Organization","@id":"https:\/\/hutar.si\/sleepingstudiomojsanbyhutar\/#organization","name":"Salon pohi\u0161tva Hutar","url":"https:\/\/hutar.si\/sleepingstudiomojsanbyhutar\/","logo":{"@type":"ImageObject","inLanguage":"sl-SI","@id":"https:\/\/hutar.si\/sleepingstudiomojsanbyhutar\/#\/schema\/logo\/image\/","url":"https:\/\/hutar.si\/sleepingstudiomojsanbyhutar\/wp-content\/uploads\/2023\/06\/Hutar-logo-fav-sq.svg","contentUrl":"https:\/\/hutar.si\/sleepingstudiomojsanbyhutar\/wp-content\/uploads\/2023\/06\/Hutar-logo-fav-sq.svg","width":696,"height":696,"caption":"Salon pohi\u0161tva Hutar"},"image":{"@id":"https:\/\/hutar.si\/sleepingstudiomojsanbyhutar\/#\/schema\/logo\/image\/"},"sameAs":["https:\/\/www.facebook.com\/hutarsalonpohistva"]}]}},"_links":{"self":[{"href":"https:\/\/hutar.si\/sleepingstudiomojsanbyhutar\/wp-json\/wp\/v2\/product\/563","targetHints":{"allow":["GET"]}}],"collection":[{"href":"https:\/\/hutar.si\/sleepingstudiomojsanbyhutar\/wp-json\/wp\/v2\/product"}],"about":[{"href":"https:\/\/hutar.si\/sleepingstudiomojsanbyhutar\/wp-json\/wp\/v2\/types\/product"}],"wp:featuredmedia":[{"embeddable":true,"href":"https:\/\/hutar.si\/sleepingstudiomojsanbyhutar\/wp-json\/wp\/v2\/media\/572"}],"wp:attachment":[{"href":"https:\/\/hutar.si\/sleepingstudiomojsanbyhutar\/wp-json\/wp\/v2\/media?parent=563"}],"wp:term":[{"taxonomy":"product_brand","embeddable":true,"href":"https:\/\/hutar.si\/sleepingstudiomojsanbyhutar\/wp-json\/wp\/v2\/product_brand?post=563"},{"taxonomy":"product_cat","embeddable":true,"href":"https:\/\/hutar.si\/sleepingstudiomojsanbyhutar\/wp-json\/wp\/v2\/product_cat?post=563"},{"taxonomy":"product_tag","embeddable":true,"href":"https:\/\/hutar.si\/sleepingstudiomojsanbyhutar\/wp-json\/wp\/v2\/product_tag?post=563"}],"curies":[{"name":"wp","href":"https:\/\/api.w.org\/{rel}","templated":true}]}}